{"id":6511,"date":"2023-04-06T14:11:48","date_gmt":"2023-04-06T12:11:48","guid":{"rendered":"https:\/\/www.fondsmaaya.com\/?page_id=6511"},"modified":"2023-08-24T15:44:18","modified_gmt":"2023-08-24T13:44:18","slug":"hawa-kassogue","status":"publish","type":"page","link":"https:\/\/www.fondsmaaya.com\/en\/equipe-executive\/hawa-kassogue\/","title":{"rendered":"Hawa KASSOGU\u00c9"},"content":{"rendered":"<section class=\"wpb-content-wrapper\"><div class=\"mkdf-row-grid-section-wrapper\"  ><div class=\"mkdf-row-grid-section\"><div class=\"vc_row wpb_row vc_row-fluid vc_custom_1524829591807\" ><div class=\"wpb_column vc_column_container vc_col-sm-4 vc_col-lg-offset-0 vc_col-lg-4 vc_col-md-offset-0 vc_col-md-12 vc_col-sm-offset-0 vc_col-xs-12\"><div class=\"vc_column-inner\"><div class=\"wpb_wrapper\"><div class=\"mkdf-elements-holder    mkdf-one-column  mkdf-responsive-mode-768\" ><div class=\"mkdf-eh-item\" style=\"background-image: url(https:\/\/www.fondsmaaya.com\/wp-content\/uploads\/2023\/03\/WhatsApp-Image-2023-03-11-at-18.21.06-2.jpeg)\" data-item-class=\"mkdf-eh-custom-6255\" data-1366-1600=\"200px 0 236px 0\" data-1024-1366=\"200px 0 236px 0\" data-768-1024=\"200px 0 236px 0\" data-680-768=\"200px 0 236px 0\">\n\t<div class=\"mkdf-eh-item-inner\">\n\t\t<div class=\"mkdf-eh-item-content mkdf-eh-custom-6255\" style=\"padding: 200px 0 236px 0\">\n\t\t\t\t\t<\/div>\n\t<\/div>\n<\/div><\/div><div class=\"vc_empty_space\"   style=\"height: 22px\"><span class=\"vc_empty_space_inner\"><\/span><\/div><div class=\"mkdf-section-title-holder  mkdf-st-standard mkdf-st-title-left mkdf-st-normal-space\" style=\"text-align: right\">\n\t<div class=\"mkdf-st-inner\">\n\t\t\t\t\t<h2 class=\"mkdf-st-title\" >\n\t\t\t\tHawa KASSOGU\u00c9\t\t\t<\/h2>\n\t\t\t\t\t\t\t<h6 class=\"mkdf-st-text\" >\n\t\t\t\tAccounting assistant\t\t\t<\/h6>\n\t\t\t<\/div>\n<\/div><div class=\"vc_empty_space\"   style=\"height: 20px\"><span class=\"vc_empty_space_inner\"><\/span><\/div><\/div><\/div><\/div><div class=\"wpb_column vc_column_container vc_col-sm-8 vc_col-lg-offset-0 vc_col-lg-8 vc_col-md-offset-0 vc_col-md-12 vc_col-sm-offset-0\"><div class=\"vc_column-inner\"><div class=\"wpb_wrapper\"><div class=\"mkdf-elements-holder    mkdf-one-column  mkdf-responsive-mode-768\" ><div class=\"mkdf-eh-item\" style=\"background-color: #e6f3f8\" data-item-class=\"mkdf-eh-custom-3401\" data-1024-1366=\"0 7% 0 5%\" data-768-1024=\"0 5% 0 5%\" data-680-768=\"0 5% 0 5%\">\n\t<div class=\"mkdf-eh-item-inner\">\n\t\t<div class=\"mkdf-eh-item-content mkdf-eh-custom-3401\" style=\"padding: 0 0 0 5%\">\n\t\t\t<div class=\"vc_row wpb_row vc_inner vc_row-fluid vc_custom_1524829065742\" ><div class=\"wpb_column vc_column_container vc_col-sm-12\"><div class=\"vc_column-inner\"><div class=\"wpb_wrapper\"><div class=\"mkdf-section-title-holder  mkdf-st-standard mkdf-st-title-left mkdf-st-normal-space\" >\n\t<div class=\"mkdf-st-inner\">\n\t\t\t\t\t<h2 class=\"mkdf-st-title\" >\n\t\t\t\tBiography\t\t\t<\/h2>\n\t\t\t\t\t<\/div>\n<\/div><div class=\"vc_empty_space\"   style=\"height: 32px\"><span class=\"vc_empty_space_inner\"><\/span><\/div>\n\t<div class=\"wpb_text_column wpb_content_element  text-justify\" >\n\t\t<div class=\"wpb_wrapper\">\n\t\t\t<p>Hawa KASSOGU\u00c9 holds a Professional Aptitude Certificate (CAP) in accounting assistant and bank employee obtained in 2014 at the Secondary Vocational Education Institute of S\u00e9gou (ISEP), and a Second Part Technician Certificate (BT2) in accounting obtained in 2016 at the Secondary Institute of Technical, Industrial, and Commercial Education (ISETIC) in S\u00e9gou.<\/p>\n<p>After her studies, she completed several internships and training in accounting between 2017 and 2018 before occupying the position of focal point of the Accountable Local Governance Program (PGLR) in Pelengana with the NGO ALPHALOG from 2019 to 2021.<\/p>\n<p>Since June 2022, she has been a cashier at the Maaya Fund.<\/p>\n\n\t\t<\/div>\n\t<\/div>\n<\/div><\/div><\/div><\/div>\t\t<\/div>\n\t<\/div>\n<\/div><\/div><div class=\"vc_empty_space\"   style=\"height: 67px\"><span class=\"vc_empty_space_inner\"><\/span><\/div><\/div><\/div><\/div><\/div><\/div><\/div>\n<\/section>","protected":false},"excerpt":{"rendered":"Hawa KASSOGU\u00c9 Aide-comptable Biographie Hawa KASSOGU\u00c9 est titulaire d\u2019un Certificat d\u2019Aptitude Professionnel (CAP) en aide comptable et employ\u00e9 de banque obtenu en 2014 \u00e0 l\u2019Institut Secondaire d\u2019Enseignement Professionnel de S\u00e9gou (ISEP), et un Brevet de Technicien deuxi\u00e8me partie (BT2) en comptabilit\u00e9 obtenu en 2016 \u00e0 l\u2019Institut Secondaire d\u2019Enseignement Technique, Industriel, et Commercial (ISETIC) de S\u00e9gou. Apr\u00e8s ses \u00e9tudes, [...]","protected":false},"author":1,"featured_media":6505,"parent":5496,"menu_order":0,"comment_status":"closed","ping_status":"closed","template":"full-width.php","meta":{"_monsterinsights_skip_tracking":false,"_monsterinsights_sitenote_active":false,"_monsterinsights_sitenote_note":"","_monsterinsights_sitenote_category":0,"footnotes":""},"_links":{"self":[{"href":"https:\/\/www.fondsmaaya.com\/en\/wp-json\/wp\/v2\/pages\/6511"}],"collection":[{"href":"https:\/\/www.fondsmaaya.com\/en\/wp-json\/wp\/v2\/pages"}],"about":[{"href":"https:\/\/www.fondsmaaya.com\/en\/wp-json\/wp\/v2\/types\/page"}],"author":[{"embeddable":true,"href":"https:\/\/www.fondsmaaya.com\/en\/wp-json\/wp\/v2\/users\/1"}],"replies":[{"embeddable":true,"href":"https:\/\/www.fondsmaaya.com\/en\/wp-json\/wp\/v2\/comments?post=6511"}],"version-history":[{"count":4,"href":"https:\/\/www.fondsmaaya.com\/en\/wp-json\/wp\/v2\/pages\/6511\/revisions"}],"predecessor-version":[{"id":6930,"href":"https:\/\/www.fondsmaaya.com\/en\/wp-json\/wp\/v2\/pages\/6511\/revisions\/6930"}],"up":[{"embeddable":true,"href":"https:\/\/www.fondsmaaya.com\/en\/wp-json\/wp\/v2\/pages\/5496"}],"wp:featuredmedia":[{"embeddable":true,"href":"https:\/\/www.fondsmaaya.com\/en\/wp-json\/wp\/v2\/media\/6505"}],"wp:attachment":[{"href":"https:\/\/www.fondsmaaya.com\/en\/wp-json\/wp\/v2\/media?parent=6511"}],"curies":[{"name":"wp","href":"https:\/\/api.w.org\/{rel}","templated":true}]}}