{"id":6507,"date":"2023-04-06T13:57:10","date_gmt":"2023-04-06T11:57:10","guid":{"rendered":"https:\/\/www.fondsmaaya.com\/?page_id=6507"},"modified":"2023-09-25T12:18:22","modified_gmt":"2023-09-25T10:18:22","slug":"gabdo-ouattara","status":"publish","type":"page","link":"https:\/\/www.fondsmaaya.com\/en\/equipe-executive\/gabdo-ouattara\/","title":{"rendered":"Gabdo OUATTARA"},"content":{"rendered":"<section class=\"wpb-content-wrapper\"><div class=\"mkdf-row-grid-section-wrapper\"  ><div class=\"mkdf-row-grid-section\"><div class=\"vc_row wpb_row vc_row-fluid vc_custom_1524829591807\" ><div class=\"wpb_column vc_column_container vc_col-sm-4 vc_col-lg-offset-0 vc_col-lg-4 vc_col-md-offset-0 vc_col-md-12 vc_col-sm-offset-0 vc_col-xs-12\"><div class=\"vc_column-inner\"><div class=\"wpb_wrapper\"><div class=\"mkdf-elements-holder    mkdf-one-column  mkdf-responsive-mode-768\" ><div class=\"mkdf-eh-item\" style=\"background-image: url(https:\/\/www.fondsmaaya.com\/wp-content\/uploads\/2023\/09\/WhatsApp-Image-2023-09-21-at-11.15.05.jpeg)\" data-item-class=\"mkdf-eh-custom-8249\" data-1366-1600=\"200px 0 236px 0\" data-1024-1366=\"200px 0 236px 0\" data-768-1024=\"200px 0 236px 0\" data-680-768=\"200px 0 236px 0\">\n\t<div class=\"mkdf-eh-item-inner\">\n\t\t<div class=\"mkdf-eh-item-content mkdf-eh-custom-8249\" style=\"padding: 200px 0 236px 0\">\n\t\t\t\t\t<\/div>\n\t<\/div>\n<\/div><\/div><div class=\"vc_empty_space\"   style=\"height: 22px\"><span class=\"vc_empty_space_inner\"><\/span><\/div><div class=\"mkdf-section-title-holder  mkdf-st-standard mkdf-st-title-left mkdf-st-normal-space\" style=\"text-align: right\">\n\t<div class=\"mkdf-st-inner\">\n\t\t\t\t\t<h2 class=\"mkdf-st-title\" >\n\t\t\t\tGabdo OUATTARA\t\t\t<\/h2>\n\t\t\t\t\t\t\t<h6 class=\"mkdf-st-text\" >\n\t\t\t\tHead of Communications\t\t\t<\/h6>\n\t\t\t<\/div>\n<\/div><div class=\"vc_empty_space\"   style=\"height: 20px\"><span class=\"vc_empty_space_inner\"><\/span><\/div><\/div><\/div><\/div><div class=\"wpb_column vc_column_container vc_col-sm-8 vc_col-lg-offset-0 vc_col-lg-8 vc_col-md-offset-0 vc_col-md-12 vc_col-sm-offset-0\"><div class=\"vc_column-inner\"><div class=\"wpb_wrapper\"><div class=\"mkdf-elements-holder    mkdf-one-column  mkdf-responsive-mode-768\" ><div class=\"mkdf-eh-item\" style=\"background-color: #e6f3f8\" data-item-class=\"mkdf-eh-custom-1037\" data-1024-1366=\"0 7% 0 5%\" data-768-1024=\"0 5% 0 5%\" data-680-768=\"0 5% 0 5%\">\n\t<div class=\"mkdf-eh-item-inner\">\n\t\t<div class=\"mkdf-eh-item-content mkdf-eh-custom-1037\" style=\"padding: 0 0 0 5%\">\n\t\t\t<div class=\"vc_row wpb_row vc_inner vc_row-fluid vc_custom_1524829065742\" ><div class=\"wpb_column vc_column_container vc_col-sm-12\"><div class=\"vc_column-inner\"><div class=\"wpb_wrapper\"><div class=\"mkdf-section-title-holder  mkdf-st-standard mkdf-st-title-left mkdf-st-normal-space\" >\n\t<div class=\"mkdf-st-inner\">\n\t\t\t\t\t<h2 class=\"mkdf-st-title\" >\n\t\t\t\tBiography\t\t\t<\/h2>\n\t\t\t\t\t<\/div>\n<\/div><div class=\"vc_empty_space\"   style=\"height: 32px\"><span class=\"vc_empty_space_inner\"><\/span><\/div>\n\t<div class=\"wpb_text_column wpb_content_element  text-justify\" >\n\t\t<div class=\"wpb_wrapper\">\n\t\t\t<p>Gabdo OUATTARA is a Communicator-Journalist with a master's degree in communication for sustainable development and citizenship from the Catholic University of West Africa (UCAO).<\/p>\n<p>With solid training in the field of digital communication and digital technology, Gabdo has participated in numerous cultural projects in Mali as senior project manager, digital manager, and communications consultant, particularly in the context of Malian cultural activities. .<\/p>\n<p>In addition to her academic qualifications and training, Gabdo is a committed child rights activist and strives to promote the empowerment of rural women. Passionate about the world of cinema, Gabdo directed two short films focused on the education and schooling of children, with the support of the Yali Film Fellowship program in collaboration with AccountabilityLab Mali and the United States Embassy. She remains convinced that cinema is a powerful means of communication to inform and raise awareness.<\/p>\n<p>Since a young age, Gabdo has harbored a deep affection for Malian culture, which is evident through his active participation in cultural events and his interest in traditional Malian fashion.<\/p>\n\n\t\t<\/div>\n\t<\/div>\n<\/div><\/div><\/div><\/div>\t\t<\/div>\n\t<\/div>\n<\/div><\/div><div class=\"vc_empty_space\"   style=\"height: 67px\"><span class=\"vc_empty_space_inner\"><\/span><\/div><\/div><\/div><\/div><\/div><\/div><\/div>\n<\/section>","protected":false},"excerpt":{"rendered":"Gabdo OUATTARA Responsable Charg\u00e9e de Communication Biographie Gabdo OUATTARA est une Communicante-Journaliste titulaire d'un master en communication pour le d\u00e9veloppement durable et la citoyennet\u00e9 de l'Universit\u00e9 Catholique de l'Afrique de l'Ouest (UCAO). Avec une solide formation dans le domaine de la communication digitale et du num\u00e9rique, Gabdo a particip\u00e9 \u00e0 de nombreux projets culturels au Mali en tant [...]","protected":false},"author":1,"featured_media":7107,"parent":5496,"menu_order":0,"comment_status":"closed","ping_status":"closed","template":"full-width.php","meta":{"_monsterinsights_skip_tracking":false,"_monsterinsights_sitenote_active":false,"_monsterinsights_sitenote_note":"","_monsterinsights_sitenote_category":0,"footnotes":""},"_links":{"self":[{"href":"https:\/\/www.fondsmaaya.com\/en\/wp-json\/wp\/v2\/pages\/6507"}],"collection":[{"href":"https:\/\/www.fondsmaaya.com\/en\/wp-json\/wp\/v2\/pages"}],"about":[{"href":"https:\/\/www.fondsmaaya.com\/en\/wp-json\/wp\/v2\/types\/page"}],"author":[{"embeddable":true,"href":"https:\/\/www.fondsmaaya.com\/en\/wp-json\/wp\/v2\/users\/1"}],"replies":[{"embeddable":true,"href":"https:\/\/www.fondsmaaya.com\/en\/wp-json\/wp\/v2\/comments?post=6507"}],"version-history":[{"count":7,"href":"https:\/\/www.fondsmaaya.com\/en\/wp-json\/wp\/v2\/pages\/6507\/revisions"}],"predecessor-version":[{"id":7140,"href":"https:\/\/www.fondsmaaya.com\/en\/wp-json\/wp\/v2\/pages\/6507\/revisions\/7140"}],"up":[{"embeddable":true,"href":"https:\/\/www.fondsmaaya.com\/en\/wp-json\/wp\/v2\/pages\/5496"}],"wp:featuredmedia":[{"embeddable":true,"href":"https:\/\/www.fondsmaaya.com\/en\/wp-json\/wp\/v2\/media\/7107"}],"wp:attachment":[{"href":"https:\/\/www.fondsmaaya.com\/en\/wp-json\/wp\/v2\/media?parent=6507"}],"curies":[{"name":"wp","href":"https:\/\/api.w.org\/{rel}","templated":true}]}}