{"id":5973,"date":"2021-07-28T15:44:13","date_gmt":"2021-07-28T13:44:13","guid":{"rendered":"https:\/\/www.fondsmaaya.com\/?page_id=5973"},"modified":"2023-08-24T14:58:01","modified_gmt":"2023-08-24T12:58:01","slug":"gaoussou-yah-toure","status":"publish","type":"page","link":"https:\/\/www.fondsmaaya.com\/en\/equipe-executive\/gaoussou-yah-toure\/","title":{"rendered":"Gaoussou Yah TOURE"},"content":{"rendered":"<section class=\"wpb-content-wrapper\"><div class=\"mkdf-row-grid-section-wrapper\"  ><div class=\"mkdf-row-grid-section\"><div class=\"vc_row wpb_row vc_row-fluid vc_custom_1524829591807\" ><div class=\"wpb_column vc_column_container vc_col-sm-4 vc_col-lg-offset-0 vc_col-lg-4 vc_col-md-offset-0 vc_col-md-12 vc_col-sm-offset-0 vc_col-xs-12\"><div class=\"vc_column-inner\"><div class=\"wpb_wrapper\"><div class=\"mkdf-elements-holder    mkdf-one-column  mkdf-responsive-mode-768\" ><div class=\"mkdf-eh-item\" style=\"background-image: url(https:\/\/www.fondsmaaya.com\/wp-content\/uploads\/2023\/03\/WhatsApp-Image-2023-03-11-at-18.21.06.jpeg)\" data-item-class=\"mkdf-eh-custom-1405\" data-1366-1600=\"200px 0 236px 0\" data-1024-1366=\"200px 0 236px 0\" data-768-1024=\"200px 0 236px 0\" data-680-768=\"200px 0 236px 0\">\n\t<div class=\"mkdf-eh-item-inner\">\n\t\t<div class=\"mkdf-eh-item-content mkdf-eh-custom-1405\" style=\"padding: 200px 0 236px 0\">\n\t\t\t\t\t<\/div>\n\t<\/div>\n<\/div><\/div><div class=\"vc_empty_space\"   style=\"height: 22px\"><span class=\"vc_empty_space_inner\"><\/span><\/div><div class=\"mkdf-section-title-holder  mkdf-st-standard mkdf-st-title-left mkdf-st-normal-space\" style=\"text-align: right\">\n\t<div class=\"mkdf-st-inner\">\n\t\t\t\t\t<h2 class=\"mkdf-st-title\" >\n\t\t\t\tGaoussou Yah TOURE\t\t\t<\/h2>\n\t\t\t\t\t\t\t<h6 class=\"mkdf-st-text\" >\n\t\t\t\tADMINISTRATOR\t\t\t<\/h6>\n\t\t\t<\/div>\n<\/div><div class=\"vc_empty_space\"   style=\"height: 20px\"><span class=\"vc_empty_space_inner\"><\/span><\/div><\/div><\/div><\/div><div class=\"wpb_column vc_column_container vc_col-sm-8 vc_col-lg-offset-0 vc_col-lg-8 vc_col-md-offset-0 vc_col-md-12 vc_col-sm-offset-0\"><div class=\"vc_column-inner\"><div class=\"wpb_wrapper\"><div class=\"mkdf-elements-holder    mkdf-one-column  mkdf-responsive-mode-768\" ><div class=\"mkdf-eh-item\" style=\"background-color: #e6f3f8\" data-item-class=\"mkdf-eh-custom-1702\" data-1024-1366=\"0 7% 0 5%\" data-768-1024=\"0 5% 0 5%\" data-680-768=\"0 5% 0 5%\">\n\t<div class=\"mkdf-eh-item-inner\">\n\t\t<div class=\"mkdf-eh-item-content mkdf-eh-custom-1702\" style=\"padding: 0 0 0 5%\">\n\t\t\t<div class=\"vc_row wpb_row vc_inner vc_row-fluid vc_custom_1524829065742\" ><div class=\"wpb_column vc_column_container vc_col-sm-12\"><div class=\"vc_column-inner\"><div class=\"wpb_wrapper\"><div class=\"mkdf-section-title-holder  mkdf-st-standard mkdf-st-title-left mkdf-st-normal-space\" >\n\t<div class=\"mkdf-st-inner\">\n\t\t\t\t\t<h2 class=\"mkdf-st-title\" >\n\t\t\t\tBiography\t\t\t<\/h2>\n\t\t\t\t\t<\/div>\n<\/div><div class=\"vc_empty_space\"   style=\"height: 32px\"><span class=\"vc_empty_space_inner\"><\/span><\/div>\n\t<div class=\"wpb_text_column wpb_content_element  text-justify\" >\n\t\t<div class=\"wpb_wrapper\">\n\t\t\t<p>Gaoussou Yah TOURE is a Malian cultural administrator, graduated from the 17th class of Senghor University in Alexandria in Egypt, Master 2 in Cultural Business Management.<\/p>\n<p>Holder of a degree in Modern Literature at the University of Letters and Human Sciences of Bamako (ULSHB) in 2013, Gaoussou also participated in several training courses in Mali and abroad where he obtained several certificates in \u201cCultural Administration \u00bb at the ART Africa Consulting Group in Togo in 2016, in \u201cCultural Entrepreneurship\u201d at the K\u00f4r\u00e8 Institute of Arts and M\u00e9tiers (IKAM) in Mali in 2017 and in \u201cFinancing cultural projects\u201d at the International Theater Institute (ITI) in Burkina Faso in 2018.<\/p>\n<p>In addition to his diplomas and certificates, Mr. TOUR\u00c9 also participated in several national, sub-regional and international cultural meetings and events between 2014 and 2019 where he was a beneficiary of the Culture Stays Program of the Maison des Cultures du Monde \/ Ministry French Culture in 2017.<\/p>\n\n\t\t<\/div>\n\t<\/div>\n<\/div><\/div><\/div><\/div>\t\t<\/div>\n\t<\/div>\n<\/div><\/div><div class=\"vc_empty_space\"   style=\"height: 67px\"><span class=\"vc_empty_space_inner\"><\/span><\/div><\/div><\/div><\/div><\/div><\/div><\/div>\n<\/section>","protected":false},"excerpt":{"rendered":"Gaoussou Yah TOURE ADMINISTRATEUR Biographie Gaoussou Yah TOURE est un administrateur culturel malien, dipl\u00f4m\u00e9 de la 17\u00e8 promotion de l\u2019Universit\u00e9 Senghor \u00e0 Alexandrie en \u00c9gypte, Master 2 en Management des Entreprises Culturelles. Titulaire d\u2019une licence en Lettres modernes \u00e0 l\u2019Universit\u00e9 des Lettres et des Sciences Humaines de Bamako (ULSHB) en 2013, Gaoussou a aussi particip\u00e9 \u00e0 plusieurs formations [...]","protected":false},"author":1,"featured_media":6712,"parent":5496,"menu_order":0,"comment_status":"closed","ping_status":"closed","template":"full-width.php","meta":{"_monsterinsights_skip_tracking":false,"_monsterinsights_sitenote_active":false,"_monsterinsights_sitenote_note":"","_monsterinsights_sitenote_category":0,"footnotes":""},"_links":{"self":[{"href":"https:\/\/www.fondsmaaya.com\/en\/wp-json\/wp\/v2\/pages\/5973"}],"collection":[{"href":"https:\/\/www.fondsmaaya.com\/en\/wp-json\/wp\/v2\/pages"}],"about":[{"href":"https:\/\/www.fondsmaaya.com\/en\/wp-json\/wp\/v2\/types\/page"}],"author":[{"embeddable":true,"href":"https:\/\/www.fondsmaaya.com\/en\/wp-json\/wp\/v2\/users\/1"}],"replies":[{"embeddable":true,"href":"https:\/\/www.fondsmaaya.com\/en\/wp-json\/wp\/v2\/comments?post=5973"}],"version-history":[{"count":9,"href":"https:\/\/www.fondsmaaya.com\/en\/wp-json\/wp\/v2\/pages\/5973\/revisions"}],"predecessor-version":[{"id":6925,"href":"https:\/\/www.fondsmaaya.com\/en\/wp-json\/wp\/v2\/pages\/5973\/revisions\/6925"}],"up":[{"embeddable":true,"href":"https:\/\/www.fondsmaaya.com\/en\/wp-json\/wp\/v2\/pages\/5496"}],"wp:featuredmedia":[{"embeddable":true,"href":"https:\/\/www.fondsmaaya.com\/en\/wp-json\/wp\/v2\/media\/6712"}],"wp:attachment":[{"href":"https:\/\/www.fondsmaaya.com\/en\/wp-json\/wp\/v2\/media?parent=5973"}],"curies":[{"name":"wp","href":"https:\/\/api.w.org\/{rel}","templated":true}]}}