{"id":5898,"date":"2021-05-31T15:38:27","date_gmt":"2021-05-31T13:38:27","guid":{"rendered":"https:\/\/www.fondsmaaya.com\/?page_id=5898"},"modified":"2023-08-25T21:53:16","modified_gmt":"2023-08-25T19:53:16","slug":"appel-01122-fonds-d-aide-a-la-creation","status":"publish","type":"page","link":"https:\/\/www.fondsmaaya.com\/en\/appel-01122-fonds-d-aide-a-la-creation\/","title":{"rendered":"Call #011\/22"},"content":{"rendered":"<section class=\"wpb-content-wrapper\"><div class=\"mkdf-row-grid-section-wrapper mkdf-content-aligment-left\"  ><div class=\"mkdf-row-grid-section\"><div class=\"vc_row wpb_row vc_row-fluid vc_custom_1622470643695 vc_row-has-fill\" ><div class=\"wpb_column vc_column_container vc_col-sm-2\"><div class=\"vc_column-inner vc_custom_1525345060246\"><div class=\"wpb_wrapper\"><\/div><\/div><\/div><div class=\"wpb_column vc_column_container vc_col-sm-8\"><div class=\"vc_column-inner\"><div class=\"wpb_wrapper\"><div class=\"mkdf-section-title-holder  mkdf-st-standard mkdf-st-title-left mkdf-st-normal-space\" style=\"text-align: center\">\n\t<div class=\"mkdf-st-inner\">\n\t\t\t\t\t<h2 class=\"mkdf-st-title\" >\n\t\t\t\tContexte\t\t\t<\/h2>\n\t\t\t\t\t<\/div>\n<\/div><div class=\"vc_empty_space\"   style=\"height: 15px\"><span class=\"vc_empty_space_inner\"><\/span><\/div><div class=\"vc_separator wpb_content_element vc_separator_align_center vc_sep_width_10 vc_sep_border_width_3 vc_sep_pos_align_center vc_separator_no_text  wpb_animate_when_almost_visible wpb_zoomInLeft zoomInLeft wpb_animate_when_almost_visible wpb_zoomInLeft zoomInLeft\" ><span class=\"vc_sep_holder vc_sep_holder_l\"><span style=\"border-color:#621511;\" class=\"vc_sep_line\"><\/span><\/span><span class=\"vc_sep_holder vc_sep_holder_r\"><span style=\"border-color:#621511;\" class=\"vc_sep_line\"><\/span><\/span>\n<\/div><div class=\"vc_empty_space\"   style=\"height: 40px\"><span class=\"vc_empty_space_inner\"><\/span><\/div>\n\t<div class=\"wpb_text_column wpb_content_element\" >\n\t\t<div class=\"wpb_wrapper\">\n\t\t\t<p>Le Fonds d\u2019aide \u00e0 la cr\u00e9ation artistique est un produit du Fonds Maaya \u00e0 caract\u00e8re social destin\u00e9 aux artistes et acteurs culturels du Mali. Ce fonds est un appui \u00e0 la cr\u00e9ation artistique et un soutien aux initiatives culturelles, \u00e0 travers l\u2019octroi d\u2019un pr\u00eat remboursable sur une p\u00e9riode de neuf (09) mois.<\/p>\n\n\t\t<\/div>\n\t<\/div>\n<\/div><\/div><\/div><div class=\"wpb_column vc_column_container vc_col-sm-2\"><div class=\"vc_column-inner\"><div class=\"wpb_wrapper\"><\/div><\/div><\/div><\/div><\/div><\/div><div class=\"mkdf-row-grid-section-wrapper\"  ><div class=\"mkdf-row-grid-section\"><div class=\"vc_row wpb_row vc_row-fluid vc_custom_1622470653838 vc_row-has-fill\" ><div class=\"wpb_column vc_column_container vc_col-sm-2\"><div class=\"vc_column-inner vc_custom_1525345060246\"><div class=\"wpb_wrapper\"><\/div><\/div><\/div><div class=\"wpb_column vc_column_container vc_col-sm-8\"><div class=\"vc_column-inner\"><div class=\"wpb_wrapper\"><div class=\"mkdf-section-title-holder  mkdf-st-standard mkdf-st-title-left mkdf-st-normal-space\" style=\"text-align: center\">\n\t<div class=\"mkdf-st-inner\">\n\t\t\t\t\t<h2 class=\"mkdf-st-title\" >\n\t\t\t\tObjectifs du fonds\t\t\t<\/h2>\n\t\t\t\t\t<\/div>\n<\/div><div class=\"vc_empty_space\"   style=\"height: 15px\"><span class=\"vc_empty_space_inner\"><\/span><\/div><div class=\"vc_separator wpb_content_element vc_separator_align_center vc_sep_width_10 vc_sep_border_width_3 vc_sep_pos_align_center vc_separator_no_text  wpb_animate_when_almost_visible wpb_zoomInLeft zoomInLeft wpb_animate_when_almost_visible wpb_zoomInLeft zoomInLeft\" ><span class=\"vc_sep_holder vc_sep_holder_l\"><span style=\"border-color:#621511;\" class=\"vc_sep_line\"><\/span><\/span><span class=\"vc_sep_holder vc_sep_holder_r\"><span style=\"border-color:#621511;\" class=\"vc_sep_line\"><\/span><\/span>\n<\/div><div class=\"vc_empty_space\"   style=\"height: 40px\"><span class=\"vc_empty_space_inner\"><\/span><\/div>\n\t<div class=\"wpb_text_column wpb_content_element\" >\n\t\t<div class=\"wpb_wrapper\">\n\t\t\t<p>Le Fonds d\u2019aide \u00e0 la cr\u00e9ation vise \u00e0 aider les artistes et acteurs culturels \u00e0 la cr\u00e9ation artistique et \u00e0 soutenir les initiatives culturelles \u00e0 travers l\u2019octroi d\u2019un pr\u00eat remboursable :<\/p>\n<p><strong>Objectifs sp\u00e9cifiques\u00a0:<\/strong><\/p>\n<ul>\n<li>Aider les artistes et les acteurs culturels \u00e0 la cr\u00e9ation artistique\u00a0;<\/li>\n<li>Am\u00e9liorer leurs conditions de travail en mettant \u00e0 leur disposition un fonds d\u2019appui, de cr\u00e9dit ;<\/li>\n<li>Encourage creativity through innovative projects.<\/li>\n<\/ul>\n\n\t\t<\/div>\n\t<\/div>\n<\/div><\/div><\/div><div class=\"wpb_column vc_column_container vc_col-sm-2\"><div class=\"vc_column-inner\"><div class=\"wpb_wrapper\"><\/div><\/div><\/div><\/div><\/div><\/div><div class=\"mkdf-row-grid-section-wrapper\"  ><div class=\"mkdf-row-grid-section\"><div class=\"vc_row wpb_row vc_row-fluid vc_custom_1622470667907 vc_row-has-fill\" ><div class=\"wpb_column vc_column_container vc_col-sm-2\"><div class=\"vc_column-inner vc_custom_1525345060246\"><div class=\"wpb_wrapper\"><\/div><\/div><\/div><div class=\"wpb_column vc_column_container vc_col-sm-8\"><div class=\"vc_column-inner\"><div class=\"wpb_wrapper\"><div class=\"mkdf-section-title-holder  mkdf-st-standard mkdf-st-title-left mkdf-st-normal-space\" style=\"text-align: center\">\n\t<div class=\"mkdf-st-inner\">\n\t\t\t\t\t<h2 class=\"mkdf-st-title\" >\n\t\t\t\tR\u00e9sultats attendus\t\t\t<\/h2>\n\t\t\t\t\t<\/div>\n<\/div><div class=\"vc_empty_space\"   style=\"height: 15px\"><span class=\"vc_empty_space_inner\"><\/span><\/div><div class=\"vc_separator wpb_content_element vc_separator_align_center vc_sep_width_10 vc_sep_border_width_3 vc_sep_pos_align_center vc_separator_no_text  wpb_animate_when_almost_visible wpb_zoomInLeft zoomInLeft wpb_animate_when_almost_visible wpb_zoomInLeft zoomInLeft\" ><span class=\"vc_sep_holder vc_sep_holder_l\"><span style=\"border-color:#621511;\" class=\"vc_sep_line\"><\/span><\/span><span class=\"vc_sep_holder vc_sep_holder_r\"><span style=\"border-color:#621511;\" class=\"vc_sep_line\"><\/span><\/span>\n<\/div><div class=\"vc_empty_space\"   style=\"height: 40px\"><span class=\"vc_empty_space_inner\"><\/span><\/div>\n\t<div class=\"wpb_text_column wpb_content_element\" >\n\t\t<div class=\"wpb_wrapper\">\n\t\t\t<ul>\n<li>Les conditions de travails des artistes \/ acteurs culturels sont am\u00e9lior\u00e9es\u00a0;<\/li>\n<li>La cr\u00e9ation artistique et culturelle est stimul\u00e9e \u00e0 travers des cr\u00e9dits octroy\u00e9s\u00a0;<\/li>\n<li>Creativity is encouraged through innovative projects.<\/li>\n<\/ul>\n\n\t\t<\/div>\n\t<\/div>\n<\/div><\/div><\/div><div class=\"wpb_column vc_column_container vc_col-sm-2\"><div class=\"vc_column-inner\"><div class=\"wpb_wrapper\"><\/div><\/div><\/div><\/div><\/div><\/div><div class=\"mkdf-row-grid-section-wrapper\"  ><div class=\"mkdf-row-grid-section\"><div class=\"vc_row wpb_row vc_row-fluid vc_custom_1622470684301 vc_row-has-fill\" ><div class=\"wpb_column vc_column_container vc_col-sm-1\"><div class=\"vc_column-inner vc_custom_1622470926783\"><div class=\"wpb_wrapper\"><\/div><\/div><\/div><div class=\"wpb_column vc_column_container vc_col-sm-10\"><div class=\"vc_column-inner\"><div class=\"wpb_wrapper\"><div class=\"mkdf-section-title-holder  mkdf-st-standard mkdf-st-title-left mkdf-st-normal-space\" style=\"text-align: center\">\n\t<div class=\"mkdf-st-inner\">\n\t\t\t\t\t<h2 class=\"mkdf-st-title\" >\n\t\t\t\tConditions g\u00e9n\u00e9rales d\u2019\u00e9ligibilit\u00e9\t\t\t<\/h2>\n\t\t\t\t\t<\/div>\n<\/div><div class=\"vc_empty_space\"   style=\"height: 15px\"><span class=\"vc_empty_space_inner\"><\/span><\/div><div class=\"vc_separator wpb_content_element vc_separator_align_center vc_sep_width_10 vc_sep_border_width_3 vc_sep_pos_align_center vc_separator_no_text  wpb_animate_when_almost_visible wpb_zoomInLeft zoomInLeft wpb_animate_when_almost_visible wpb_zoomInLeft zoomInLeft\" ><span class=\"vc_sep_holder vc_sep_holder_l\"><span style=\"border-color:#621511;\" class=\"vc_sep_line\"><\/span><\/span><span class=\"vc_sep_holder vc_sep_holder_r\"><span style=\"border-color:#621511;\" class=\"vc_sep_line\"><\/span><\/span>\n<\/div><div class=\"vc_tta-container\" data-vc-action=\"collapse\"><div class=\"vc_general vc_tta vc_tta-tabs vc_tta-color-juicy-pink vc_tta-style-modern vc_tta-shape-rounded vc_tta-spacing-1 vc_tta-tabs-position-top vc_tta-controls-align-left\"><div class=\"vc_tta-tabs-container\"><ul class=\"vc_tta-tabs-list\"><li class=\"vc_tta-tab vc_active\" data-vc-tab><a href=\"#1622466647700-fc0558c2-eb50\" data-vc-tabs data-vc-container=\".vc_tta\"><span class=\"vc_tta-title-text\">Crit\u00e8res d'attribution<\/span><\/a><\/li><li class=\"vc_tta-tab\" data-vc-tab><a href=\"#1622466647735-4e38d2ab-e5a8\" data-vc-tabs data-vc-container=\".vc_tta\"><span class=\"vc_tta-title-text\">Public cible<\/span><\/a><\/li><li class=\"vc_tta-tab\" data-vc-tab><a href=\"#1622467171735-3bd86cb1-ccbd\" data-vc-tabs data-vc-container=\".vc_tta\"><span class=\"vc_tta-title-text\">\u00c9valuation des dossiers<\/span><\/a><\/li><li class=\"vc_tta-tab\" data-vc-tab><a href=\"#1622467255818-7f2c5045-f3f4\" data-vc-tabs data-vc-container=\".vc_tta\"><span class=\"vc_tta-title-text\">Date limite de d\u00e9p\u00f4t<\/span><\/a><\/li><li class=\"vc_tta-tab\" data-vc-tab><a href=\"#1622467694343-4c60fddb-23b6\" data-vc-tabs data-vc-container=\".vc_tta\"><span class=\"vc_tta-title-text\">Comment postuler?<\/span><\/a><\/li><\/ul><\/div><div class=\"vc_tta-panels-container\"><div class=\"vc_tta-panels\"><div class=\"vc_tta-panel vc_active\" id=\"1622466647700-fc0558c2-eb50\" data-vc-content=\".vc_tta-panel-body\"><div class=\"vc_tta-panel-heading\"><h4 class=\"vc_tta-panel-title\"><a href=\"#1622466647700-fc0558c2-eb50\" data-vc-accordion data-vc-container=\".vc_tta-container\"><span class=\"vc_tta-title-text\">Crit\u00e8res d'attribution<\/span><\/a><\/h4><\/div><div class=\"vc_tta-panel-body\">\n\t<div class=\"wpb_text_column wpb_content_element\" >\n\t\t<div class=\"wpb_wrapper\">\n\t\t\t<p><strong>Aide \u00e0 la cr\u00e9ation | Pr\u00eat remboursable\u00a0: Montant maximum <u>3\u00a0000\u00a0000<\/u> FCFA<\/strong><\/p>\n<ul>\n<li>\u00catre artiste, acteur culturel, structure ou association artistique et culturelle ayant au moins trois ans d\u2019exp\u00e9riences et r\u00e9sident au Mali ;<\/li>\n<li>Avoir un local ou \u00eatre membre d\u2019une structure ou association artistique et culturelle\u00a0;<\/li>\n<li>Avoir un statut l\u00e9gal ;<\/li>\n<li>Avoir un projet qui a un impact social ou environnemental\u00a0;<\/li>\n<li>Poss\u00e9der un apport personnel (15 %) du montant total de son projet\u00a0;<\/li>\n<li>Poss\u00e9der une garantie (\u0153uvres ou \u00e9quivalent en nature) \u00e9quivalent \u00e0 50% du montant du projet\u00a0<em>(renseigner fiche de garantie)<\/em>;<\/li>\n<li>Poss\u00e9der une caution morale <em>(renseigner attestation de parrainage)\u00a0;<\/em><\/li>\n<li>Avoir un projet viable\u00a0;<\/li>\n<li>\u00catre d\u2019une bonne moralit\u00e9 ;<\/li>\n<li>S\u2019engager par \u00e9crit \u00e0 rembourser le pr\u00eat sur une dur\u00e9e de neuf (09) mois.<\/li>\n<\/ul>\n\n\t\t<\/div>\n\t<\/div>\n<\/div><\/div><div class=\"vc_tta-panel\" id=\"1622466647735-4e38d2ab-e5a8\" data-vc-content=\".vc_tta-panel-body\"><div class=\"vc_tta-panel-heading\"><h4 class=\"vc_tta-panel-title\"><a href=\"#1622466647735-4e38d2ab-e5a8\" data-vc-accordion data-vc-container=\".vc_tta-container\"><span class=\"vc_tta-title-text\">Public cible<\/span><\/a><\/h4><\/div><div class=\"vc_tta-panel-body\">\n\t<div class=\"wpb_text_column wpb_content_element\" >\n\t\t<div class=\"wpb_wrapper\">\n\t\t\t<p>Le projet concerne les artistes, les acteurs ind\u00e9pendants aussi bien que les organismes professionnels qui op\u00e8rent dans les diff\u00e9rents secteurs de la culture au Mali.<\/p>\n\n\t\t<\/div>\n\t<\/div>\n<\/div><\/div><div class=\"vc_tta-panel\" id=\"1622467171735-3bd86cb1-ccbd\" data-vc-content=\".vc_tta-panel-body\"><div class=\"vc_tta-panel-heading\"><h4 class=\"vc_tta-panel-title\"><a href=\"#1622467171735-3bd86cb1-ccbd\" data-vc-accordion data-vc-container=\".vc_tta-container\"><span class=\"vc_tta-title-text\">\u00c9valuation des dossiers<\/span><\/a><\/h4><\/div><div class=\"vc_tta-panel-body\">\n\t<div class=\"wpb_text_column wpb_content_element\" >\n\t\t<div class=\"wpb_wrapper\">\n\t\t\t<p>Un comit\u00e9 d\u2019attribution autonome et ind\u00e9pendant \u00e9valuera les projets tandis que le comit\u00e9 de suivi-\u00e9valuation \u00e9valuera la moralit\u00e9 des demandeurs et les garanties. Les r\u00e9sultats seront proclam\u00e9s au plus tard le <strong>10 avril 2022<\/strong>.<\/p>\n\n\t\t<\/div>\n\t<\/div>\n<\/div><\/div><div class=\"vc_tta-panel\" id=\"1622467255818-7f2c5045-f3f4\" data-vc-content=\".vc_tta-panel-body\"><div class=\"vc_tta-panel-heading\"><h4 class=\"vc_tta-panel-title\"><a href=\"#1622467255818-7f2c5045-f3f4\" data-vc-accordion data-vc-container=\".vc_tta-container\"><span class=\"vc_tta-title-text\">Date limite de d\u00e9p\u00f4t<\/span><\/a><\/h4><\/div><div class=\"vc_tta-panel-body\">\n\t<div class=\"wpb_text_column wpb_content_element\" >\n\t\t<div class=\"wpb_wrapper\">\n\t\t\t<p style=\"text-align: center;\">La date limite de d\u00e9p\u00f4t des dossiers est fix\u00e9e au 2<strong>5 mars 2022 <em>(\u00e0 minuit)<\/em><\/strong><\/p>\n<p>Les dossiers peuvent \u00eatre d\u00e9pos\u00e9s au <strong>bureau du Fonds Maaya \u00e0 Bamako<\/strong> ou via le formulaire en ligne de soumission des demandes (voir l&rsquo;onglet <strong>Comment Postuler<\/strong>).<\/p>\n\n\t\t<\/div>\n\t<\/div>\n<\/div><\/div><div class=\"vc_tta-panel\" id=\"1622467694343-4c60fddb-23b6\" data-vc-content=\".vc_tta-panel-body\"><div class=\"vc_tta-panel-heading\"><h4 class=\"vc_tta-panel-title\"><a href=\"#1622467694343-4c60fddb-23b6\" data-vc-accordion data-vc-container=\".vc_tta-container\"><span class=\"vc_tta-title-text\">Comment postuler?<\/span><\/a><\/h4><\/div><div class=\"vc_tta-panel-body\">\n\t<div class=\"wpb_text_column wpb_content_element\" >\n\t\t<div class=\"wpb_wrapper\">\n\t\t\t<ol>\n<li>Les candidats et les candidates doivent remplir un formulaire de demande de financement (<a href=\"https:\/\/www.fondsmaaya.com\/wp-content\/uploads\/2022\/02\/AP_Fonds-Maaya_011-22_Prets.pdf\">A t\u00e9l\u00e9charger ici: <\/a><a href=\"https:\/\/www.fondsmaaya.com\/wp-content\/uploads\/2022\/03\/AP_Fonds-Maaya_011-22_Prets.pdf\">AP_Fonds Maaya_011-22_Pr\u00eats<\/a>)<\/li>\n<li>Formulaire de demande (<a href=\"https:\/\/www.fondsmaaya.com\/wp-content\/uploads\/2022\/02\/Formulaire-_-Pret-AP011-22.doc\">\u00e0 t\u00e9l\u00e9charger ici: Formulaire _ Pr\u00eat- AP011-22)<\/a><\/li>\n<li>Fiche de parrainage (<a href=\"https:\/\/www.fondsmaaya.com\/wp-content\/uploads\/2022\/02\/Parrainage_Pret_AP011-22.doc\">\u00e0 t\u00e9l\u00e9charger ici: Parrainage_Pr\u00eat_AP011-22)<\/a><\/li>\n<li>et soumettre en ligne le formulaire de demande rempli via le lien suivant: <a href=\"https:\/\/www.fondsmaaya.com\/en\/formulaire-de-soumission-des-demandes-appel-011-22\/\">https:\/\/www.fondsmaaya.com\/formulaire-de-soumission-des-demandes-appel-011-22\/<\/a><\/li>\n<\/ol>\n<p>&nbsp;<\/p>\n<p><em>Note: <strong>Les dossiers peuvent \u00eatre d\u00e9pos\u00e9s au bureau du Fonds Maaya \u00e0 Bamako<\/strong><\/em><\/p>\n\n\t\t<\/div>\n\t<\/div>\n<\/div><\/div><\/div><\/div><\/div><\/div><\/div><\/div><\/div><div class=\"wpb_column vc_column_container vc_col-sm-1\"><div class=\"vc_column-inner\"><div class=\"wpb_wrapper\"><\/div><\/div><\/div><\/div><\/div><\/div><div class=\"mkdf-row-grid-section-wrapper mkdf-content-aligment-center\"  ><div class=\"mkdf-row-grid-section\"><div class=\"vc_row wpb_row vc_row-fluid vc_custom_1526319701948 vc_row-has-fill\" ><div class=\"wpb_column vc_column_container vc_col-sm-12\"><div class=\"vc_column-inner vc_custom_1525345060246\"><div class=\"wpb_wrapper\"><div class=\"mkdf-section-title-holder  mkdf-st-standard mkdf-st-title-left mkdf-st-normal-space\" style=\"text-align: center\">\n\t<div class=\"mkdf-st-inner\">\n\t\t\t\t\t<h2 class=\"mkdf-st-title\" >\n\t\t\t\tContacts\t\t\t<\/h2>\n\t\t\t\t\t<\/div>\n<\/div><div class=\"vc_empty_space\"   style=\"height: 15px\"><span class=\"vc_empty_space_inner\"><\/span><\/div><div class=\"vc_separator wpb_content_element vc_separator_align_center vc_sep_width_10 vc_sep_border_width_3 vc_sep_pos_align_center vc_separator_no_text  wpb_animate_when_almost_visible wpb_zoomInLeft zoomInLeft wpb_animate_when_almost_visible wpb_zoomInLeft zoomInLeft\" ><span class=\"vc_sep_holder vc_sep_holder_l\"><span style=\"border-color:#621511;\" class=\"vc_sep_line\"><\/span><\/span><span class=\"vc_sep_holder vc_sep_holder_r\"><span style=\"border-color:#621511;\" class=\"vc_sep_line\"><\/span><\/span>\n<\/div><div class=\"vc_empty_space\"   style=\"height: 40px\"><span class=\"vc_empty_space_inner\"><\/span><\/div>\n\t<div class=\"wpb_text_column wpb_content_element\" >\n\t\t<div class=\"wpb_wrapper\">\n\t\t\t<h4 style=\"text-align: center;\">Bureau Fonds Maaya<\/h4>\n<p style=\"text-align: center;\">Magnambougou Rue 314, Porte 76, Bamako, Mali<br \/>\ninfo@fondsmaaya.com \/ fondsmaaya@gmail.com<br \/>\nwww.fondsmaaya.com<br \/>\n<strong>+223 76 55 98 73 <\/strong><\/p>\n\n\t\t<\/div>\n\t<\/div>\n<\/div><\/div><\/div><\/div><\/div><\/div><div class=\"vc_row wpb_row vc_row-fluid vc_custom_1622472169418\" ><div class=\"wpb_column vc_column_container vc_col-sm-3\"><div class=\"vc_column-inner\"><div class=\"wpb_wrapper\">\n\t<div  class=\"wpb_single_image wpb_content_element vc_align_center\">\n\t\t\n\t\t<figure class=\"wpb_wrapper vc_figure\">\n\t\t\t<div class=\"vc_single_image-wrapper   vc_box_border_grey\"><img loading=\"lazy\" decoding=\"async\" width=\"236\" height=\"219\" src=\"https:\/\/i0.wp.com\/www.fondsmaaya.com\/wp-content\/uploads\/2021\/05\/DOEN.jpg?fit=236%2C219&amp;ssl=1\" class=\"vc_single_image-img attachment-medium\" alt=\"\" title=\"DOEN\" \/><\/div>\n\t\t<\/figure>\n\t<\/div>\n<\/div><\/div><\/div><div class=\"wpb_column vc_column_container vc_col-sm-3\"><div class=\"vc_column-inner\"><div class=\"wpb_wrapper\">\n\t<div  class=\"wpb_single_image wpb_content_element vc_align_center\">\n\t\t\n\t\t<figure class=\"wpb_wrapper vc_figure\">\n\t\t\t<div class=\"vc_single_image-wrapper   vc_box_border_grey\"><img loading=\"lazy\" decoding=\"async\" width=\"300\" height=\"185\" src=\"https:\/\/i0.wp.com\/www.fondsmaaya.com\/wp-content\/uploads\/2021\/05\/reseau-kya.jpg?fit=300%2C185&amp;ssl=1\" class=\"vc_single_image-img attachment-medium\" alt=\"\" title=\"reseau-kya\" srcset=\"https:\/\/i0.wp.com\/www.fondsmaaya.com\/wp-content\/uploads\/2021\/05\/reseau-kya.jpg?w=382&amp;ssl=1 382w, https:\/\/i0.wp.com\/www.fondsmaaya.com\/wp-content\/uploads\/2021\/05\/reseau-kya.jpg?resize=300%2C185&amp;ssl=1 300w\" sizes=\"(max-width: 300px) 100vw, 300px\" \/><\/div>\n\t\t<\/figure>\n\t<\/div>\n<\/div><\/div><\/div><div class=\"wpb_column vc_column_container vc_col-sm-3\"><div class=\"vc_column-inner\"><div class=\"wpb_wrapper\">\n\t<div  class=\"wpb_single_image wpb_content_element vc_align_center\">\n\t\t\n\t\t<figure class=\"wpb_wrapper vc_figure\">\n\t\t\t<div class=\"vc_single_image-wrapper   vc_box_border_grey\"><img loading=\"lazy\" decoding=\"async\" width=\"248\" height=\"244\" src=\"https:\/\/i0.wp.com\/www.fondsmaaya.com\/wp-content\/uploads\/2021\/05\/mali.jpg?fit=248%2C244&amp;ssl=1\" class=\"vc_single_image-img attachment-medium\" alt=\"\" title=\"mali\" \/><\/div>\n\t\t<\/figure>\n\t<\/div>\n<\/div><\/div><\/div><div class=\"wpb_column vc_column_container vc_col-sm-3\"><div class=\"vc_column-inner\"><div class=\"wpb_wrapper\">\n\t<div  class=\"wpb_single_image wpb_content_element vc_align_center\">\n\t\t\n\t\t<figure class=\"wpb_wrapper vc_figure\">\n\t\t\t<div class=\"vc_single_image-wrapper   vc_box_border_grey\"><img loading=\"lazy\" decoding=\"async\" width=\"300\" height=\"172\" src=\"https:\/\/i0.wp.com\/www.fondsmaaya.com\/wp-content\/uploads\/2021\/05\/hotelsavane.jpg?fit=300%2C172&amp;ssl=1\" class=\"vc_single_image-img attachment-medium\" alt=\"\" title=\"hotelsavane\" srcset=\"https:\/\/i0.wp.com\/www.fondsmaaya.com\/wp-content\/uploads\/2021\/05\/hotelsavane.jpg?w=383&amp;ssl=1 383w, https:\/\/i0.wp.com\/www.fondsmaaya.com\/wp-content\/uploads\/2021\/05\/hotelsavane.jpg?resize=300%2C172&amp;ssl=1 300w\" sizes=\"(max-width: 300px) 100vw, 300px\" \/><\/div>\n\t\t<\/figure>\n\t<\/div>\n<\/div><\/div><\/div><\/div>\n<\/section>","protected":false},"excerpt":{"rendered":"Contexte Le Fonds d\u2019aide \u00e0 la cr\u00e9ation artistique est un produit du Fonds Maaya \u00e0 caract\u00e8re social destin\u00e9 aux artistes et acteurs culturels du Mali. Ce fonds est un appui \u00e0 la cr\u00e9ation artistique et un soutien aux initiatives culturelles, \u00e0 travers l\u2019octroi d\u2019un pr\u00eat remboursable sur une p\u00e9riode de neuf (09) mois. Objectifs du fonds Le Fonds [...]","protected":false},"author":1,"featured_media":0,"parent":0,"menu_order":0,"comment_status":"closed","ping_status":"closed","template":"full-width.php","meta":{"_monsterinsights_skip_tracking":false,"_monsterinsights_sitenote_active":false,"_monsterinsights_sitenote_note":"","_monsterinsights_sitenote_category":0,"footnotes":""},"_links":{"self":[{"href":"https:\/\/www.fondsmaaya.com\/en\/wp-json\/wp\/v2\/pages\/5898"}],"collection":[{"href":"https:\/\/www.fondsmaaya.com\/en\/wp-json\/wp\/v2\/pages"}],"about":[{"href":"https:\/\/www.fondsmaaya.com\/en\/wp-json\/wp\/v2\/types\/page"}],"author":[{"embeddable":true,"href":"https:\/\/www.fondsmaaya.com\/en\/wp-json\/wp\/v2\/users\/1"}],"replies":[{"embeddable":true,"href":"https:\/\/www.fondsmaaya.com\/en\/wp-json\/wp\/v2\/comments?post=5898"}],"version-history":[{"count":26,"href":"https:\/\/www.fondsmaaya.com\/en\/wp-json\/wp\/v2\/pages\/5898\/revisions"}],"predecessor-version":[{"id":5934,"href":"https:\/\/www.fondsmaaya.com\/en\/wp-json\/wp\/v2\/pages\/5898\/revisions\/5934"}],"wp:attachment":[{"href":"https:\/\/www.fondsmaaya.com\/en\/wp-json\/wp\/v2\/media?parent=5898"}],"curies":[{"name":"wp","href":"https:\/\/api.w.org\/{rel}","templated":true}]}}