{"id":5593,"date":"2020-10-22T13:53:09","date_gmt":"2020-10-22T11:53:09","guid":{"rendered":"http:\/\/www.fondsmaaya.com\/?page_id=5593"},"modified":"2023-08-24T22:57:10","modified_gmt":"2023-08-24T20:57:10","slug":"mentions-legales","status":"publish","type":"page","link":"https:\/\/www.fondsmaaya.com\/en\/mentions-legales\/","title":{"rendered":"Legal notices"},"content":{"rendered":"<section class=\"wpb-content-wrapper\"><div class=\"vc_row wpb_row vc_row-fluid vc_custom_1526287902480 mkdf-content-aligment-center\" ><div class=\"wpb_column vc_column_container vc_col-sm-12 vc_col-lg-offset-2 vc_col-lg-8 vc_col-md-offset-0 vc_col-sm-offset-0 vc_col-has-fill\"><div class=\"vc_column-inner vc_custom_1603364350650\"><div class=\"wpb_wrapper\"><div class=\"mkdf-elements-holder    mkdf-one-column  mkdf-responsive-mode-768\" ><div class=\"mkdf-eh-item   mkdf-horizontal-alignment-center\"  data-item-class=\"mkdf-eh-custom-9457\" data-768-1024=\"0 25px 27px 25px\" data-680-768=\"0 25px 27px 25px\" data-680=\"0 25px 27px 25px\">\n\t<div class=\"mkdf-eh-item-inner\">\n\t\t<div class=\"mkdf-eh-item-content mkdf-eh-custom-9457\" style=\"padding: 0 50px 27px 50px\">\n\t\t\t<div class=\"mkdf-visual-effects-holder  mkdf-veh-uncover mkdf-veh-from-right\" >\n\t<div class=\"mkdf-veh-inner\">\n\t\t\t\t\t<div class=\"mkdf-veh-mask\"  style=\"background-color: #e3eef3\"><\/div>\n\t\t\t\t<div class=\"mkdf-veh-content\">\n\t\t\t\n\t<div class=\"wpb_text_column wpb_content_element\" >\n\t\t<div class=\"wpb_wrapper\">\n\t\t\t<div class=\"elementor-element elementor-element-6d2cb596 elementor-widget elementor-widget-text-editor\" data-id=\"6d2cb596\" data-element_type=\"widget\" data-widget_type=\"text-editor.default\">\n<div class=\"elementor-widget-container\">\n<div class=\"elementor-text-editor elementor-clearfix\">\n<p>Vous \u00eates actuellement connect\u00e9s au site internet officiel du Fonds Maaya au Mali : <a href=\"https:\/\/www.fondsmaaya.com\/en\/\">http:\/\/www.fondsmaaya.com<\/a><\/p>\n<p>Mali<br \/>\nTel: <a href=\"tel: 22376 55 98 73\">+22376 55 98 73\u00a0<\/a><\/p>\n<p>Editeur \u2013 Responsable de publication : Service Communication du Fonds Maaya.<\/p>\n<\/div>\n<\/div>\n<\/div>\n<div class=\"elementor-element elementor-element-45283d00 elementor-widget elementor-widget-heading\" data-id=\"45283d00\" data-element_type=\"widget\" data-widget_type=\"heading.default\">\n<div class=\"elementor-widget-container\">\n<h4 class=\"elementor-heading-title elementor-size-large\">DONN\u00c9ES PERSONNELLES<\/h4>\n<\/div>\n<\/div>\n<div class=\"elementor-element elementor-element-25d44352 elementor-widget elementor-widget-text-editor\" data-id=\"25d44352\" data-element_type=\"widget\" data-widget_type=\"text-editor.default\">\n<div class=\"elementor-widget-container\">\n<div class=\"elementor-text-editor elementor-clearfix\">\n<p>Le traitement des donn\u00e9es personnelles est encadr\u00e9 par la dispense n\u00b07 de la d\u00e9lib\u00e9ration n\u00b02006-138 du 9 mai 2006 de la Commission nationale informatique et libert\u00e9.<br \/>\nLe site <a href=\"https:\/\/www.fondsmaaya.com\/en\/\">http:\/\/www.fondsmaaya.com<\/a> recueille des donn\u00e9es de connexion \u00e0 des fins d\u2019information et d\u2019analyse statistique.<\/p>\n<\/div>\n<\/div>\n<\/div>\n<div class=\"elementor-element elementor-element-35984e6 elementor-widget elementor-widget-heading\" data-id=\"35984e6\" data-element_type=\"widget\" data-widget_type=\"heading.default\">\n<div class=\"elementor-widget-container\">\n<h4 class=\"elementor-heading-title elementor-size-default\">LIENS ET R\u00c9TROLIENS<\/h4>\n<\/div>\n<\/div>\n<div class=\"elementor-element elementor-element-3ab4fd66 elementor-widget elementor-widget-text-editor\" data-id=\"3ab4fd66\" data-element_type=\"widget\" data-widget_type=\"text-editor.default\">\n<div class=\"elementor-widget-container\">\n<div class=\"elementor-text-editor elementor-clearfix\">\n<p>Les liens pr\u00e9sents sur le site peuvent orienter le lecteur sur des sites ext\u00e9rieurs dont le contenu ne peut engager la responsabilit\u00e9 de l\u2019\u00e9diteur du site internet Fonds Maaya.<\/p>\n<p>La mise en place de liens vers le site internet du Fonds Maaya est soumise \u00e0 un accord pr\u00e9alable. Sont exclus automatiquement, les sites et tout support \u00e0 caract\u00e8re pol\u00e9mique, pornographique ou x\u00e9nophobe ou pouvant porter atteinte \u00e0 la sensibilit\u00e9 du plus grand nombre.<\/p>\n<\/div>\n<\/div>\n<\/div>\n<div class=\"elementor-element elementor-element-712a10fc elementor-widget elementor-widget-heading\" data-id=\"712a10fc\" data-element_type=\"widget\" data-widget_type=\"heading.default\">\n<div class=\"elementor-widget-container\">\n<h4 class=\"elementor-heading-title elementor-size-default\">DROIT D\u2019UTILISATION<\/h4>\n<\/div>\n<\/div>\n<div class=\"elementor-element elementor-element-72c560a7 elementor-widget elementor-widget-text-editor\" data-id=\"72c560a7\" data-element_type=\"widget\" data-widget_type=\"text-editor.default\">\n<div class=\"elementor-widget-container\">\n<div class=\"elementor-text-editor elementor-clearfix\">\n<p>Le contenu du site est mis \u00e0 disposition pour un usage priv\u00e9 et non exclusif. Ce droit d\u2019utilisation comprend le droit de stockage sur \u00e9cran monoposte et le droit de reproduction aux conditions ci-apr\u00e8s d\u00e9finies.<br \/>\nL\u2019utilisation du site est gratuite.<br \/>\nLe droit d\u2019utilisation du pr\u00e9sent site interdit la r\u00e9cup\u00e9ration des bases de donn\u00e9es.<\/p>\n<\/div>\n<\/div>\n<\/div>\n<div class=\"elementor-element elementor-element-49ea6342 elementor-widget elementor-widget-heading\" data-id=\"49ea6342\" data-element_type=\"widget\" data-widget_type=\"heading.default\">\n<div class=\"elementor-widget-container\">\n<h4 class=\"elementor-heading-title elementor-size-default\">TEXTES ET DOCUMENTS DIFFUS\u00c9S<\/h4>\n<\/div>\n<\/div>\n<div class=\"elementor-element elementor-element-1142654a elementor-widget elementor-widget-text-editor\" data-id=\"1142654a\" data-element_type=\"widget\" data-widget_type=\"text-editor.default\">\n<div class=\"elementor-widget-container\">\n<div class=\"elementor-text-editor elementor-clearfix\">\n<p>Certains documents au format PDF n\u00e9cessite l\u2019installation du logiciel Acrobat Reader. Vous pouvez t\u00e9l\u00e9charger ce logiciel dans sa derni\u00e8re version sur le site officiel\u00a0<a href=\"https:\/\/www.adobe.fr\/\" rel=\"nofollow\">www.adobe.fr<\/a>.<\/p>\n<\/div>\n<\/div>\n<\/div>\n<div class=\"elementor-element elementor-element-5d03082c elementor-widget elementor-widget-heading\" data-id=\"5d03082c\" data-element_type=\"widget\" data-widget_type=\"heading.default\">\n<div class=\"elementor-widget-container\">\n<h4 class=\"elementor-heading-title elementor-size-default\">DROITS D\u2019AUTEUR \u2013 COPYRIGHT<\/h4>\n<\/div>\n<\/div>\n<div class=\"elementor-element elementor-element-58b29159 elementor-widget elementor-widget-text-editor\" data-id=\"58b29159\" data-element_type=\"widget\" data-widget_type=\"text-editor.default\">\n<div class=\"elementor-widget-container\">\n<div class=\"elementor-text-editor elementor-clearfix\">\n<p>L\u2019ensemble de ce site rel\u00e8ve de la l\u00e9gislation Malienne et internationale sur les droits d\u2019auteur et la propri\u00e9t\u00e9 intellectuelle.<br \/>\nTous les droits de reproduction sont r\u00e9serv\u00e9s sur les repr\u00e9sentations iconographiques.<br \/>\nLa reproduction de tout ou partie de ce site sur un support \u00e9lectronique quel qu\u2019il soit est formellement interdite sauf autorisation expresse du directeur de la publication.<br \/>\nLa reproduction des textes de ce site sur un support papier est autoris\u00e9e, tout particuli\u00e8rement dans le cadre p\u00e9dagogique, sous r\u00e9serve du respect de trois conditions suivantes :<\/p>\n<\/div>\n<\/div>\n<\/div>\n<div class=\"elementor-element elementor-element-78e506e6 elementor-widget elementor-widget-heading\" data-id=\"78e506e6\" data-element_type=\"widget\" data-widget_type=\"heading.default\">\n<div class=\"elementor-widget-container\">\n<h4 class=\"elementor-heading-title elementor-size-default\">GRATUIT\u00c9 DE LA DIFFUSION<\/h4>\n<\/div>\n<\/div>\n<div class=\"elementor-element elementor-element-450c69f3 elementor-widget elementor-widget-text-editor\" data-id=\"450c69f3\" data-element_type=\"widget\" data-widget_type=\"text-editor.default\">\n<div class=\"elementor-widget-container\">\n<div class=\"elementor-text-editor elementor-clearfix\">\n<p>Respect de l\u2019int\u00e9grit\u00e9 des documents reproduits : pas de modification ni alt\u00e9ration d\u2019aucune sorte,<br \/>\nCitation claire et lisible de la source sous la forme suivante \u2013 par exemple \u2013 : \u201cce document provient du site internet <a href=\"https:\/\/www.fondsmaaya.com\/en\/\">http:\/\/www.fondsmaaya.com<\/a>.<br \/>\nLes droits de reproduction sont r\u00e9serv\u00e9s et strictement limit\u00e9s\u201d.<br \/>\nPour d\u2019autres utilisations, veuillez nous consulter.<\/p>\n<\/div>\n<\/div>\n<\/div>\n<div class=\"elementor-element elementor-element-3191a204 elementor-widget elementor-widget-heading\" data-id=\"3191a204\" data-element_type=\"widget\" data-widget_type=\"heading.default\">\n<div class=\"elementor-widget-container\">\n<h4 class=\"elementor-heading-title elementor-size-default\">CONCEPTION GRAPHIQUE ET CR\u00c9ATION DU SITE INTERNET :<\/h4>\n<\/div>\n<\/div>\n<div class=\"elementor-element elementor-element-75682ed2 elementor-widget elementor-widget-text-editor\" data-id=\"75682ed2\" data-element_type=\"widget\" data-widget_type=\"text-editor.default\">\n<div class=\"elementor-widget-container\">\n<div class=\"elementor-text-editor elementor-clearfix\">\n<p>FIRST DIGITAL IMPACT | Agence Conseil en Strat\u00e9gie Digitale sp\u00e9cialis\u00e9e dans le\u00a0\u00a0<a href=\"https:\/\/firstdigitalimpact.com\/marketing-digital-inbound-referencement\/\" rel=\"nofollow\">Marketing Digital<\/a>, Communication, E-r\u00e9putation, Transformation Digitale des entreprises,\u00a0<a href=\"https:\/\/firstdigitalimpact.com\/creation-site-internet-appli-mobile\/\" rel=\"nofollow\">Cr\u00e9ation site Internet et Application Mobile<\/a>.<\/p>\n<\/div>\n<\/div>\n<\/div>\n\n\t\t<\/div>\n\t<\/div>\n\t\t<\/div>\n\t<\/div>\n<\/div>\t\t<\/div>\n\t<\/div>\n<\/div><\/div><\/div><\/div><\/div><\/div>\n<\/section>","protected":false},"excerpt":{"rendered":"Vous \u00eates actuellement connect\u00e9s au site internet officiel du Fonds Maaya au Mali : http:\/\/www.fondsmaaya.com Mali Tel: +22376 55 98 73\u00a0 Editeur \u2013 Responsable de publication : Service Communication du Fonds Maaya. DONN\u00c9ES PERSONNELLES Le traitement des donn\u00e9es personnelles est encadr\u00e9 par la dispense n\u00b07 de la d\u00e9lib\u00e9ration n\u00b02006-138 du 9 mai 2006 de la Commission nationale informatique [...]","protected":false},"author":1,"featured_media":0,"parent":0,"menu_order":0,"comment_status":"closed","ping_status":"closed","template":"full-width.php","meta":{"_monsterinsights_skip_tracking":false,"_monsterinsights_sitenote_active":false,"_monsterinsights_sitenote_note":"","_monsterinsights_sitenote_category":0,"footnotes":""},"_links":{"self":[{"href":"https:\/\/www.fondsmaaya.com\/en\/wp-json\/wp\/v2\/pages\/5593"}],"collection":[{"href":"https:\/\/www.fondsmaaya.com\/en\/wp-json\/wp\/v2\/pages"}],"about":[{"href":"https:\/\/www.fondsmaaya.com\/en\/wp-json\/wp\/v2\/types\/page"}],"author":[{"embeddable":true,"href":"https:\/\/www.fondsmaaya.com\/en\/wp-json\/wp\/v2\/users\/1"}],"replies":[{"embeddable":true,"href":"https:\/\/www.fondsmaaya.com\/en\/wp-json\/wp\/v2\/comments?post=5593"}],"version-history":[{"count":8,"href":"https:\/\/www.fondsmaaya.com\/en\/wp-json\/wp\/v2\/pages\/5593\/revisions"}],"predecessor-version":[{"id":5639,"href":"https:\/\/www.fondsmaaya.com\/en\/wp-json\/wp\/v2\/pages\/5593\/revisions\/5639"}],"wp:attachment":[{"href":"https:\/\/www.fondsmaaya.com\/en\/wp-json\/wp\/v2\/media?parent=5593"}],"curies":[{"name":"wp","href":"https:\/\/api.w.org\/{rel}","templated":true}]}}