{"id":5515,"date":"2020-10-21T13:47:50","date_gmt":"2020-10-21T11:47:50","guid":{"rendered":"http:\/\/www.fondsmaaya.com\/?page_id=5515"},"modified":"2023-10-10T15:14:52","modified_gmt":"2023-10-10T13:14:52","slug":"artistes","status":"publish","type":"page","link":"https:\/\/www.fondsmaaya.com\/en\/artistes\/","title":{"rendered":"Artists"},"content":{"rendered":"<section class=\"wpb-content-wrapper\"><div class=\"vc_row wpb_row vc_row-fluid vc_custom_1526287902480 mkdf-content-aligment-center\" ><div class=\"wpb_column vc_column_container vc_col-sm-12 vc_col-lg-offset-2 vc_col-lg-8 vc_col-md-offset-0 vc_col-sm-offset-0 vc_col-has-fill\"><div class=\"vc_column-inner vc_custom_1603364820367\"><div class=\"wpb_wrapper\"><div class=\"mkdf-elements-holder    mkdf-one-column  mkdf-responsive-mode-768\" ><div class=\"mkdf-eh-item   mkdf-horizontal-alignment-center\"  data-item-class=\"mkdf-eh-custom-3106\" data-768-1024=\"0 25px 27px 25px\" data-680-768=\"0 25px 27px 25px\" data-680=\"0 25px 27px 25px\">\n\t<div class=\"mkdf-eh-item-inner\">\n\t\t<div class=\"mkdf-eh-item-content mkdf-eh-custom-3106\" style=\"padding: 0 50px 27px 50px\">\n\t\t\t<div class=\"mkdf-visual-effects-holder  mkdf-veh-uncover mkdf-veh-from-right\" >\n\t<div class=\"mkdf-veh-inner\">\n\t\t\t\t\t<div class=\"mkdf-veh-mask\"  style=\"background-color: #e3eef3\"><\/div>\n\t\t\t\t<div class=\"mkdf-veh-content\">\n\t\t\t\n\t<div class=\"wpb_text_column wpb_content_element\" >\n\t\t<div class=\"wpb_wrapper\">\n\t\t\t<h3>Who are the artists who support the Maaya fund?<\/h3>\n\n\t\t<\/div>\n\t<\/div>\n<div class=\"mkdf-section-title-holder  mkdf-st-standard mkdf-st-title-left mkdf-st-normal-space\" >\n\t<div class=\"mkdf-st-inner\">\n\t\t\t\t\t\t\t<h6 class=\"mkdf-st-text\" style=\"color: #707070;margin-top: 10px\">\n\t\t\t\tMALIAN OR FOREIGN ARTISTS\t\t\t<\/h6>\n\t\t\t<\/div>\n<\/div><div class=\"vc_empty_space\"   style=\"height: 32px\"><span class=\"vc_empty_space_inner\"><\/span><\/div>\n\t<div class=\"wpb_text_column wpb_content_element\" >\n\t\t<div class=\"wpb_wrapper\">\n\t\t\t<p style=\"text-align: center;\">These are committed Malian or foreign artists who wish to make their contribution to the empowerment of the Maaya Fund.<\/p>\n<p>The Maaya Fund, a true guardian of Mali's cultural and artistic wealth, is honored and grateful to the talented artists who have recently donated their works to support its mission. These donations are not just artistic creations, but testimonies to the power of art to transcend boundaries and unite people through artistic expression. These donations represent a bridge between the past and the future, between ancestral traditions and contemporary expressions, and they contribute to weaving an even richer cultural fabric for future generations.<\/p>\n<p>Together, with the support of these talented artists and other creative minds, the Maaya Fund will continue to play a vital role in the preservation, promotion and development of art and culture in Mali. These donations are not just works of art, but symbols of the unity and creativity that animate our artistic community.<\/p>\n\n\t\t<\/div>\n\t<\/div>\n\t\t<\/div>\n\t<\/div>\n<\/div>\t\t<\/div>\n\t<\/div>\n<\/div><\/div><\/div><\/div><\/div><\/div><div class=\"vc_row wpb_row vc_row-fluid vc_custom_1524752271984\" ><div class=\"wpb_column vc_column_container vc_col-sm-12\"><div class=\"vc_column-inner\"><div class=\"wpb_wrapper\"><div class=\"vc_empty_space\"   style=\"height: 32px\"><span class=\"vc_empty_space_inner\"><\/span><\/div><div class=\"vc_empty_space\"   style=\"height: 32px\"><span class=\"vc_empty_space_inner\"><\/span><\/div><\/div><\/div><\/div><\/div><div class=\"vc_row wpb_row vc_row-fluid\" ><div class=\"wpb_column vc_column_container vc_col-sm-4\"><div class=\"vc_column-inner\"><div class=\"wpb_wrapper\">\n\t<div  class=\"wpb_single_image wpb_content_element vc_align_left\">\n\t\t\n\t\t<figure class=\"wpb_wrapper vc_figure\">\n\t\t\t<div class=\"vc_single_image-wrapper   vc_box_border_grey\"><img loading=\"lazy\" decoding=\"async\" width=\"1080\" height=\"1080\" src=\"https:\/\/i0.wp.com\/www.fondsmaaya.com\/wp-content\/uploads\/2023\/10\/FUSA-003-18.jpg?fit=1080%2C1080&amp;ssl=1\" class=\"vc_single_image-img attachment-full\" alt=\"\" title=\"FUSA 003 (18)\" srcset=\"https:\/\/i0.wp.com\/www.fondsmaaya.com\/wp-content\/uploads\/2023\/10\/FUSA-003-18.jpg?w=1080&amp;ssl=1 1080w, https:\/\/i0.wp.com\/www.fondsmaaya.com\/wp-content\/uploads\/2023\/10\/FUSA-003-18.jpg?resize=300%2C300&amp;ssl=1 300w, https:\/\/i0.wp.com\/www.fondsmaaya.com\/wp-content\/uploads\/2023\/10\/FUSA-003-18.jpg?resize=1024%2C1024&amp;ssl=1 1024w, https:\/\/i0.wp.com\/www.fondsmaaya.com\/wp-content\/uploads\/2023\/10\/FUSA-003-18.jpg?resize=150%2C150&amp;ssl=1 150w, https:\/\/i0.wp.com\/www.fondsmaaya.com\/wp-content\/uploads\/2023\/10\/FUSA-003-18.jpg?resize=768%2C768&amp;ssl=1 768w, https:\/\/i0.wp.com\/www.fondsmaaya.com\/wp-content\/uploads\/2023\/10\/FUSA-003-18.jpg?resize=550%2C550&amp;ssl=1 550w\" sizes=\"(max-width: 1080px) 100vw, 1080px\" \/><\/div>\n\t\t<\/figure>\n\t<\/div>\n<\/div><\/div><\/div><div class=\"wpb_column vc_column_container vc_col-sm-4\"><div class=\"vc_column-inner\"><div class=\"wpb_wrapper\">\n\t<div  class=\"wpb_single_image wpb_content_element vc_align_left\">\n\t\t\n\t\t<figure class=\"wpb_wrapper vc_figure\">\n\t\t\t<div class=\"vc_single_image-wrapper   vc_box_border_grey\"><img loading=\"lazy\" decoding=\"async\" width=\"1080\" height=\"1080\" src=\"https:\/\/i0.wp.com\/www.fondsmaaya.com\/wp-content\/uploads\/2023\/10\/FUSA-003-19-1.jpg?fit=1080%2C1080&amp;ssl=1\" class=\"vc_single_image-img attachment-full\" alt=\"\" title=\"FUSA 003 (19) (1)\" srcset=\"https:\/\/i0.wp.com\/www.fondsmaaya.com\/wp-content\/uploads\/2023\/10\/FUSA-003-19-1.jpg?w=1080&amp;ssl=1 1080w, https:\/\/i0.wp.com\/www.fondsmaaya.com\/wp-content\/uploads\/2023\/10\/FUSA-003-19-1.jpg?resize=300%2C300&amp;ssl=1 300w, https:\/\/i0.wp.com\/www.fondsmaaya.com\/wp-content\/uploads\/2023\/10\/FUSA-003-19-1.jpg?resize=1024%2C1024&amp;ssl=1 1024w, https:\/\/i0.wp.com\/www.fondsmaaya.com\/wp-content\/uploads\/2023\/10\/FUSA-003-19-1.jpg?resize=150%2C150&amp;ssl=1 150w, https:\/\/i0.wp.com\/www.fondsmaaya.com\/wp-content\/uploads\/2023\/10\/FUSA-003-19-1.jpg?resize=768%2C768&amp;ssl=1 768w, https:\/\/i0.wp.com\/www.fondsmaaya.com\/wp-content\/uploads\/2023\/10\/FUSA-003-19-1.jpg?resize=550%2C550&amp;ssl=1 550w\" sizes=\"(max-width: 1080px) 100vw, 1080px\" \/><\/div>\n\t\t<\/figure>\n\t<\/div>\n<\/div><\/div><\/div><div class=\"wpb_column vc_column_container vc_col-sm-4\"><div class=\"vc_column-inner\"><div class=\"wpb_wrapper\">\n\t<div  class=\"wpb_single_image wpb_content_element vc_align_left\">\n\t\t\n\t\t<figure class=\"wpb_wrapper vc_figure\">\n\t\t\t<div class=\"vc_single_image-wrapper   vc_box_border_grey\"><img loading=\"lazy\" decoding=\"async\" width=\"1080\" height=\"1080\" src=\"https:\/\/i0.wp.com\/www.fondsmaaya.com\/wp-content\/uploads\/2023\/10\/FUSA-003-21.jpg?fit=1080%2C1080&amp;ssl=1\" class=\"vc_single_image-img attachment-full\" alt=\"\" title=\"FUSA 003 (21)\" srcset=\"https:\/\/i0.wp.com\/www.fondsmaaya.com\/wp-content\/uploads\/2023\/10\/FUSA-003-21.jpg?w=1080&amp;ssl=1 1080w, https:\/\/i0.wp.com\/www.fondsmaaya.com\/wp-content\/uploads\/2023\/10\/FUSA-003-21.jpg?resize=300%2C300&amp;ssl=1 300w, https:\/\/i0.wp.com\/www.fondsmaaya.com\/wp-content\/uploads\/2023\/10\/FUSA-003-21.jpg?resize=1024%2C1024&amp;ssl=1 1024w, https:\/\/i0.wp.com\/www.fondsmaaya.com\/wp-content\/uploads\/2023\/10\/FUSA-003-21.jpg?resize=150%2C150&amp;ssl=1 150w, https:\/\/i0.wp.com\/www.fondsmaaya.com\/wp-content\/uploads\/2023\/10\/FUSA-003-21.jpg?resize=768%2C768&amp;ssl=1 768w, https:\/\/i0.wp.com\/www.fondsmaaya.com\/wp-content\/uploads\/2023\/10\/FUSA-003-21.jpg?resize=550%2C550&amp;ssl=1 550w\" sizes=\"(max-width: 1080px) 100vw, 1080px\" \/><\/div>\n\t\t<\/figure>\n\t<\/div>\n<\/div><\/div><\/div><\/div><div class=\"vc_row wpb_row vc_row-fluid\" ><div class=\"wpb_column vc_column_container vc_col-sm-12\"><div class=\"vc_column-inner\"><div class=\"wpb_wrapper\"><div class=\"vc_row wpb_row vc_inner vc_row-fluid\" ><div class=\"wpb_column vc_column_container vc_col-sm-12\"><div class=\"vc_column-inner\"><div class=\"wpb_wrapper\"><div class=\"vc_empty_space\"   style=\"height: 32px\"><span class=\"vc_empty_space_inner\"><\/span><\/div><\/div><\/div><\/div><\/div><\/div><\/div><\/div><\/div><div class=\"vc_row wpb_row vc_row-fluid\" ><div class=\"wpb_column vc_column_container vc_col-sm-4\"><div class=\"vc_column-inner\"><div class=\"wpb_wrapper\">\n\t<div  class=\"wpb_single_image wpb_content_element vc_align_left\">\n\t\t\n\t\t<figure class=\"wpb_wrapper vc_figure\">\n\t\t\t<div class=\"vc_single_image-wrapper   vc_box_border_grey\"><img loading=\"lazy\" decoding=\"async\" width=\"1080\" height=\"1080\" src=\"https:\/\/i0.wp.com\/www.fondsmaaya.com\/wp-content\/uploads\/2023\/10\/FUSA-003-22.jpg?fit=1080%2C1080&amp;ssl=1\" class=\"vc_single_image-img attachment-full\" alt=\"\" title=\"FUSA 003 (22)\" srcset=\"https:\/\/i0.wp.com\/www.fondsmaaya.com\/wp-content\/uploads\/2023\/10\/FUSA-003-22.jpg?w=1080&amp;ssl=1 1080w, https:\/\/i0.wp.com\/www.fondsmaaya.com\/wp-content\/uploads\/2023\/10\/FUSA-003-22.jpg?resize=300%2C300&amp;ssl=1 300w, https:\/\/i0.wp.com\/www.fondsmaaya.com\/wp-content\/uploads\/2023\/10\/FUSA-003-22.jpg?resize=1024%2C1024&amp;ssl=1 1024w, https:\/\/i0.wp.com\/www.fondsmaaya.com\/wp-content\/uploads\/2023\/10\/FUSA-003-22.jpg?resize=150%2C150&amp;ssl=1 150w, https:\/\/i0.wp.com\/www.fondsmaaya.com\/wp-content\/uploads\/2023\/10\/FUSA-003-22.jpg?resize=768%2C768&amp;ssl=1 768w, https:\/\/i0.wp.com\/www.fondsmaaya.com\/wp-content\/uploads\/2023\/10\/FUSA-003-22.jpg?resize=550%2C550&amp;ssl=1 550w\" sizes=\"(max-width: 1080px) 100vw, 1080px\" \/><\/div>\n\t\t<\/figure>\n\t<\/div>\n<\/div><\/div><\/div><div class=\"wpb_column vc_column_container vc_col-sm-4\"><div class=\"vc_column-inner\"><div class=\"wpb_wrapper\">\n\t<div  class=\"wpb_single_image wpb_content_element vc_align_left\">\n\t\t\n\t\t<figure class=\"wpb_wrapper vc_figure\">\n\t\t\t<div class=\"vc_single_image-wrapper   vc_box_border_grey\"><img loading=\"lazy\" decoding=\"async\" width=\"1080\" height=\"1080\" src=\"https:\/\/i0.wp.com\/www.fondsmaaya.com\/wp-content\/uploads\/2023\/10\/FUSA-003-20.jpg?fit=1080%2C1080&amp;ssl=1\" class=\"vc_single_image-img attachment-full\" alt=\"\" title=\"FUSA 003 (20)\" srcset=\"https:\/\/i0.wp.com\/www.fondsmaaya.com\/wp-content\/uploads\/2023\/10\/FUSA-003-20.jpg?w=1080&amp;ssl=1 1080w, https:\/\/i0.wp.com\/www.fondsmaaya.com\/wp-content\/uploads\/2023\/10\/FUSA-003-20.jpg?resize=300%2C300&amp;ssl=1 300w, https:\/\/i0.wp.com\/www.fondsmaaya.com\/wp-content\/uploads\/2023\/10\/FUSA-003-20.jpg?resize=1024%2C1024&amp;ssl=1 1024w, https:\/\/i0.wp.com\/www.fondsmaaya.com\/wp-content\/uploads\/2023\/10\/FUSA-003-20.jpg?resize=150%2C150&amp;ssl=1 150w, https:\/\/i0.wp.com\/www.fondsmaaya.com\/wp-content\/uploads\/2023\/10\/FUSA-003-20.jpg?resize=768%2C768&amp;ssl=1 768w, https:\/\/i0.wp.com\/www.fondsmaaya.com\/wp-content\/uploads\/2023\/10\/FUSA-003-20.jpg?resize=550%2C550&amp;ssl=1 550w\" sizes=\"(max-width: 1080px) 100vw, 1080px\" \/><\/div>\n\t\t<\/figure>\n\t<\/div>\n<\/div><\/div><\/div><div class=\"wpb_column vc_column_container vc_col-sm-4\"><div class=\"vc_column-inner\"><div class=\"wpb_wrapper\">\n\t<div  class=\"wpb_single_image wpb_content_element vc_align_left\">\n\t\t\n\t\t<figure class=\"wpb_wrapper vc_figure\">\n\t\t\t<div class=\"vc_single_image-wrapper   vc_box_border_grey\"><img loading=\"lazy\" decoding=\"async\" width=\"1080\" height=\"1080\" src=\"https:\/\/i0.wp.com\/www.fondsmaaya.com\/wp-content\/uploads\/2023\/10\/FUSA-003-23.jpg?fit=1080%2C1080&amp;ssl=1\" class=\"vc_single_image-img attachment-full\" alt=\"\" title=\"FUSA 003 (23)\" srcset=\"https:\/\/i0.wp.com\/www.fondsmaaya.com\/wp-content\/uploads\/2023\/10\/FUSA-003-23.jpg?w=1080&amp;ssl=1 1080w, https:\/\/i0.wp.com\/www.fondsmaaya.com\/wp-content\/uploads\/2023\/10\/FUSA-003-23.jpg?resize=300%2C300&amp;ssl=1 300w, https:\/\/i0.wp.com\/www.fondsmaaya.com\/wp-content\/uploads\/2023\/10\/FUSA-003-23.jpg?resize=1024%2C1024&amp;ssl=1 1024w, https:\/\/i0.wp.com\/www.fondsmaaya.com\/wp-content\/uploads\/2023\/10\/FUSA-003-23.jpg?resize=150%2C150&amp;ssl=1 150w, https:\/\/i0.wp.com\/www.fondsmaaya.com\/wp-content\/uploads\/2023\/10\/FUSA-003-23.jpg?resize=768%2C768&amp;ssl=1 768w, https:\/\/i0.wp.com\/www.fondsmaaya.com\/wp-content\/uploads\/2023\/10\/FUSA-003-23.jpg?resize=550%2C550&amp;ssl=1 550w\" sizes=\"(max-width: 1080px) 100vw, 1080px\" \/><\/div>\n\t\t<\/figure>\n\t<\/div>\n<\/div><\/div><\/div><\/div><div class=\"vc_row wpb_row vc_row-fluid\" ><div class=\"wpb_column vc_column_container vc_col-sm-12\"><div class=\"vc_column-inner\"><div class=\"wpb_wrapper\"><div class=\"vc_empty_space\"   style=\"height: 32px\"><span class=\"vc_empty_space_inner\"><\/span><\/div><\/div><\/div><\/div><\/div>\n<\/section>","protected":false},"excerpt":{"rendered":"Qui sont les artistes qui soutiennent le fonds Maaya ? DES ARTISTES MALIENS OU \u00c9TRANGERS Il s\u2019agit des artistes Maliens ou \u00e9trangers, engag\u00e9s qui souhaitent apporter leur contribution \u00e0 l'autonomisation du Fonds Maaya. Le Fonds Maaya, un v\u00e9ritable gardien de la richesse culturelle et artistique du Mali, est honor\u00e9 et reconnaissant envers les artistes talentueux qui ont r\u00e9cemment [...]","protected":false},"author":1,"featured_media":0,"parent":0,"menu_order":0,"comment_status":"closed","ping_status":"closed","template":"full-width.php","meta":{"_monsterinsights_skip_tracking":false,"_monsterinsights_sitenote_active":false,"_monsterinsights_sitenote_note":"","_monsterinsights_sitenote_category":0,"footnotes":""},"_links":{"self":[{"href":"https:\/\/www.fondsmaaya.com\/en\/wp-json\/wp\/v2\/pages\/5515"}],"collection":[{"href":"https:\/\/www.fondsmaaya.com\/en\/wp-json\/wp\/v2\/pages"}],"about":[{"href":"https:\/\/www.fondsmaaya.com\/en\/wp-json\/wp\/v2\/types\/page"}],"author":[{"embeddable":true,"href":"https:\/\/www.fondsmaaya.com\/en\/wp-json\/wp\/v2\/users\/1"}],"replies":[{"embeddable":true,"href":"https:\/\/www.fondsmaaya.com\/en\/wp-json\/wp\/v2\/comments?post=5515"}],"version-history":[{"count":21,"href":"https:\/\/www.fondsmaaya.com\/en\/wp-json\/wp\/v2\/pages\/5515\/revisions"}],"predecessor-version":[{"id":5518,"href":"https:\/\/www.fondsmaaya.com\/en\/wp-json\/wp\/v2\/pages\/5515\/revisions\/5518"}],"wp:attachment":[{"href":"https:\/\/www.fondsmaaya.com\/en\/wp-json\/wp\/v2\/media?parent=5515"}],"curies":[{"name":"wp","href":"https:\/\/api.w.org\/{rel}","templated":true}]}}