{"id":5501,"date":"2020-10-21T13:13:57","date_gmt":"2020-10-21T11:13:57","guid":{"rendered":"http:\/\/www.fondsmaaya.com\/?page_id=5501"},"modified":"2023-09-12T15:53:20","modified_gmt":"2023-09-12T13:53:20","slug":"partenaires","status":"publish","type":"page","link":"https:\/\/www.fondsmaaya.com\/en\/partenaires\/","title":{"rendered":"Partners"},"content":{"rendered":"<section class=\"wpb-content-wrapper\"><div class=\"vc_row wpb_row vc_row-fluid vc_custom_1604596549741 mkdf-content-aligment-center\" ><div class=\"wpb_column vc_column_container vc_col-sm-12 vc_col-lg-offset-2 vc_col-lg-8 vc_col-md-offset-0 vc_col-sm-offset-0\"><div class=\"vc_column-inner\"><div class=\"wpb_wrapper\">\n\t<div class=\"wpb_text_column wpb_content_element\" >\n\t\t<div class=\"wpb_wrapper\">\n\t\t\t<h3>Who are the partners of the <strong>MAAYA FUND<\/strong> ?<\/h3>\n\n\t\t<\/div>\n\t<\/div>\n<div class=\"mkdf-section-title-holder  mkdf-st-standard mkdf-st-title-left mkdf-st-normal-space\" >\n\t<div class=\"mkdf-st-inner\">\n\t\t\t\t\t\t\t<h6 class=\"mkdf-st-text\" style=\"color: #707070;margin-top: 10px\">\n\t\t\t\tMALIAN AND INTERNATIONAL ORGANIZATIONS AND INSTITUTIONS\t\t\t<\/h6>\n\t\t\t<\/div>\n<\/div><div class=\"vc_empty_space\"   style=\"height: 32px\"><span class=\"vc_empty_space_inner\"><\/span><\/div><\/div><\/div><\/div><\/div><div class=\"vc_row wpb_row vc_row-fluid vc_custom_1604596650051 mkdf-content-aligment-center\" ><div class=\"wpb_column vc_column_container vc_col-sm-12 vc_col-lg-offset-2 vc_col-lg-8 vc_col-md-offset-0 vc_col-sm-offset-0 vc_col-has-fill\"><div class=\"vc_column-inner vc_custom_1604596687493\"><div class=\"wpb_wrapper\"><div class=\"mkdf-elements-holder    mkdf-one-column  mkdf-responsive-mode-768\" ><div class=\"mkdf-eh-item   mkdf-horizontal-alignment-center\"  data-item-class=\"mkdf-eh-custom-5183\" data-768-1024=\"0 25px 27px 25px\" data-680-768=\"0 25px 27px 25px\" data-680=\"0 25px 27px 25px\">\n\t<div class=\"mkdf-eh-item-inner\">\n\t\t<div class=\"mkdf-eh-item-content mkdf-eh-custom-5183\" style=\"padding: 0 40px 27px 40px\">\n\t\t\t<div class=\"mkdf-visual-effects-holder  mkdf-veh-uncover mkdf-veh-from-right\" >\n\t<div class=\"mkdf-veh-inner\">\n\t\t\t\t\t<div class=\"mkdf-veh-mask\"  style=\"background-color: #e3eef3\"><\/div>\n\t\t\t\t<div class=\"mkdf-veh-content\">\n\t\t\t\n\t<div  class=\"wpb_single_image wpb_content_element vc_align_center\">\n\t\t\n\t\t<figure class=\"wpb_wrapper vc_figure\">\n\t\t\t<div class=\"vc_single_image-wrapper   vc_box_border_grey\"><img loading=\"lazy\" decoding=\"async\" width=\"1024\" height=\"272\" src=\"https:\/\/i0.wp.com\/www.fondsmaaya.com\/wp-content\/uploads\/2020\/11\/partenaires-fonds-maaya.jpg?fit=1024%2C272&amp;ssl=1\" class=\"vc_single_image-img attachment-large\" alt=\"partenaires du fonds Maaya\" title=\"partenaires\" srcset=\"https:\/\/i0.wp.com\/www.fondsmaaya.com\/wp-content\/uploads\/2020\/11\/partenaires-fonds-maaya.jpg?w=1400&amp;ssl=1 1400w, https:\/\/i0.wp.com\/www.fondsmaaya.com\/wp-content\/uploads\/2020\/11\/partenaires-fonds-maaya.jpg?resize=300%2C80&amp;ssl=1 300w, https:\/\/i0.wp.com\/www.fondsmaaya.com\/wp-content\/uploads\/2020\/11\/partenaires-fonds-maaya.jpg?resize=1024%2C272&amp;ssl=1 1024w, https:\/\/i0.wp.com\/www.fondsmaaya.com\/wp-content\/uploads\/2020\/11\/partenaires-fonds-maaya.jpg?resize=768%2C204&amp;ssl=1 768w\" sizes=\"(max-width: 1024px) 100vw, 1024px\" \/><\/div>\n\t\t<\/figure>\n\t<\/div>\n<div class=\"vc_empty_space\"   style=\"height: 32px\"><span class=\"vc_empty_space_inner\"><\/span><\/div>\n\t<div class=\"wpb_text_column wpb_content_element\" >\n\t\t<div class=\"wpb_wrapper\">\n\t\t\t<p style=\"text-align: center;\">These are the institutions and organizations of <a href=\"https:\/\/fr.wikipedia.org\/wiki\/Mali\" target=\"_blank\" rel=\"noopener noreferrer\">Mali<\/a> and elsewhere who support Malian culture in different ways.<br \/>\nThis is an opportunity for us to thank our partners for their invaluable support for the development of the Maaya Fund.<\/p>\n\n\t\t<\/div>\n\t<\/div>\n\t\t<\/div>\n\t<\/div>\n<\/div>\t\t<\/div>\n\t<\/div>\n<\/div><\/div><\/div><\/div><\/div><\/div><div class=\"mkdf-row-grid-section-wrapper\"  ><div class=\"mkdf-row-grid-section\"><div class=\"vc_row wpb_row vc_row-fluid vc_custom_1694524555237\" ><div class=\"wpb_column vc_column_container vc_col-sm-12\"><div class=\"vc_column-inner\"><div class=\"wpb_wrapper\"><div class=\"mkdf-section-title-holder  mkdf-st-standard mkdf-st-title-left mkdf-st-normal-space\" style=\"text-align: center\">\n\t<div class=\"mkdf-st-inner\">\n\t\t\t\t\t<h2 class=\"mkdf-st-title\" >\n\t\t\t\tFoundations \/ Institutions in partnership\t\t\t<\/h2>\n\t\t\t\t\t<\/div>\n<\/div><div class=\"vc_empty_space\"   style=\"height: 32px\"><span class=\"vc_empty_space_inner\"><\/span><\/div>\n\t<div class=\"wpb_text_column wpb_content_element\" >\n\t\t<div class=\"wpb_wrapper\">\n\t\t\t<p style=\"text-align: center;\">The Maaya Fund is currently negotiating partnerships with organizations and foundations supporting arts and culture in Mali and internationally.<\/p>\n<p style=\"text-align: center;\">The Fund already benefits from technical and financial support from the following institutions:<\/p>\n\n\t\t<\/div>\n\t<\/div>\n<div class=\"mkdf-row-grid-section-wrapper\" ><div class=\"mkdf-row-grid-section\"><div class=\"vc_row wpb_row vc_inner vc_row-fluid vc_custom_1694524664335 vc_column-gap-20 vc_row-o-equal-height vc_row-o-content-middle vc_row-flex\" ><div class=\"wpb_column vc_column_container vc_col-sm-4\"><div class=\"vc_column-inner\"><div class=\"wpb_wrapper\"><div class=\"mkdf-visual-effects-holder  mkdf-veh-parallax\" data-parallax=\"{&quot;y&quot;: -40, &quot;smoothness&quot;: 40}\">\n\t<div class=\"mkdf-veh-inner\">\n\t\t\t\t<div class=\"mkdf-veh-content\">\n\t\t\t\n\t<div  class=\"wpb_single_image wpb_content_element vc_align_center  wpb_animate_when_almost_visible wpb_fadeInUp fadeInUp\">\n\t\t\n\t\t<figure class=\"wpb_wrapper vc_figure\">\n\t\t\t<a href=\"https:\/\/www.doen.nl\/en\/about-us\" target=\"_blank\" class=\"vc_single_image-wrapper   vc_box_border_grey\"><img loading=\"lazy\" decoding=\"async\" width=\"300\" height=\"300\" src=\"https:\/\/i0.wp.com\/www.fondsmaaya.com\/wp-content\/uploads\/2023\/09\/doen_w.jpg?fit=300%2C300&amp;ssl=1\" class=\"vc_single_image-img attachment-medium\" alt=\"\" title=\"\" srcset=\"https:\/\/i0.wp.com\/www.fondsmaaya.com\/wp-content\/uploads\/2023\/09\/doen_w.jpg?w=400&amp;ssl=1 400w, https:\/\/i0.wp.com\/www.fondsmaaya.com\/wp-content\/uploads\/2023\/09\/doen_w.jpg?resize=300%2C300&amp;ssl=1 300w, https:\/\/i0.wp.com\/www.fondsmaaya.com\/wp-content\/uploads\/2023\/09\/doen_w.jpg?resize=150%2C150&amp;ssl=1 150w\" sizes=\"(max-width: 300px) 100vw, 300px\" \/><\/a>\n\t\t<\/figure>\n\t<\/div>\n\t\t<\/div>\n\t<\/div>\n<\/div><\/div><\/div><\/div><div class=\"wpb_column vc_column_container vc_col-sm-4\"><div class=\"vc_column-inner\"><div class=\"wpb_wrapper\"><div class=\"mkdf-visual-effects-holder  mkdf-veh-parallax\" data-parallax=\"{&quot;y&quot;: -40, &quot;smoothness&quot;: 40}\">\n\t<div class=\"mkdf-veh-inner\">\n\t\t\t\t<div class=\"mkdf-veh-content\">\n\t\t\t\n\t<div  class=\"wpb_single_image wpb_content_element vc_align_center  wpb_animate_when_almost_visible wpb_fadeInUp fadeInUp\">\n\t\t\n\t\t<figure class=\"wpb_wrapper vc_figure\">\n\t\t\t<a href=\"https:\/\/www.reseaukya.org\" target=\"_blank\" class=\"vc_single_image-wrapper   vc_box_border_grey\"><img loading=\"lazy\" decoding=\"async\" width=\"300\" height=\"300\" src=\"https:\/\/i0.wp.com\/www.fondsmaaya.com\/wp-content\/uploads\/2023\/09\/reseau-kya-mali_w.jpg?fit=300%2C300&amp;ssl=1\" class=\"vc_single_image-img attachment-medium\" alt=\"\" title=\"Network KYA\" srcset=\"https:\/\/i0.wp.com\/www.fondsmaaya.com\/wp-content\/uploads\/2023\/09\/reseau-kya-mali_w.jpg?w=400&amp;ssl=1 400w, https:\/\/i0.wp.com\/www.fondsmaaya.com\/wp-content\/uploads\/2023\/09\/reseau-kya-mali_w.jpg?resize=300%2C300&amp;ssl=1 300w, https:\/\/i0.wp.com\/www.fondsmaaya.com\/wp-content\/uploads\/2023\/09\/reseau-kya-mali_w.jpg?resize=150%2C150&amp;ssl=1 150w\" sizes=\"(max-width: 300px) 100vw, 300px\" \/><\/a>\n\t\t<\/figure>\n\t<\/div>\n\t\t<\/div>\n\t<\/div>\n<\/div><\/div><\/div><\/div><div class=\"wpb_column vc_column_container vc_col-sm-4\"><div class=\"vc_column-inner\"><div class=\"wpb_wrapper\"><div class=\"mkdf-visual-effects-holder  mkdf-veh-parallax\" data-parallax=\"{&quot;y&quot;: -40, &quot;smoothness&quot;: 40}\">\n\t<div class=\"mkdf-veh-inner\">\n\t\t\t\t<div class=\"mkdf-veh-content\">\n\t\t\t\n\t<div  class=\"wpb_single_image wpb_content_element vc_align_center  wpb_animate_when_almost_visible wpb_fadeInUp fadeInUp\">\n\t\t\n\t\t<figure class=\"wpb_wrapper vc_figure\">\n\t\t\t<a href=\"http:\/\/www.sgg-mali.ml\" target=\"_blank\" class=\"vc_single_image-wrapper   vc_box_border_grey\"><img loading=\"lazy\" decoding=\"async\" width=\"400\" height=\"400\" src=\"https:\/\/i0.wp.com\/www.fondsmaaya.com\/wp-content\/uploads\/2023\/09\/mali-1_w.jpg?fit=400%2C400&amp;ssl=1\" class=\"vc_single_image-img attachment-large\" alt=\"\" title=\"Minist\u00e8re de la culture du Mali\" srcset=\"https:\/\/i0.wp.com\/www.fondsmaaya.com\/wp-content\/uploads\/2023\/09\/mali-1_w.jpg?w=400&amp;ssl=1 400w, https:\/\/i0.wp.com\/www.fondsmaaya.com\/wp-content\/uploads\/2023\/09\/mali-1_w.jpg?resize=300%2C300&amp;ssl=1 300w, https:\/\/i0.wp.com\/www.fondsmaaya.com\/wp-content\/uploads\/2023\/09\/mali-1_w.jpg?resize=150%2C150&amp;ssl=1 150w\" sizes=\"(max-width: 400px) 100vw, 400px\" \/><\/a>\n\t\t<\/figure>\n\t<\/div>\n\t\t<\/div>\n\t<\/div>\n<\/div><\/div><\/div><\/div><\/div><\/div><\/div><div class=\"vc_row wpb_row vc_inner vc_row-fluid\" ><div class=\"wpb_column vc_column_container vc_col-sm-12\"><div class=\"vc_column-inner\"><div class=\"wpb_wrapper\"><div class=\"vc_empty_space\"   style=\"height: 20px\"><span class=\"vc_empty_space_inner\"><\/span><\/div><\/div><\/div><\/div><\/div><div class=\"mkdf-row-grid-section-wrapper\" ><div class=\"mkdf-row-grid-section\"><div class=\"vc_row wpb_row vc_inner vc_row-fluid vc_column-gap-20 vc_row-o-equal-height vc_row-o-content-middle vc_row-flex\" ><div class=\"wpb_column vc_column_container vc_col-sm-4\"><div class=\"vc_column-inner\"><div class=\"wpb_wrapper\"><div class=\"mkdf-visual-effects-holder  mkdf-veh-parallax\" data-parallax=\"{&quot;y&quot;: -40, &quot;smoothness&quot;: 40}\">\n\t<div class=\"mkdf-veh-inner\">\n\t\t\t\t<div class=\"mkdf-veh-content\">\n\t\t\t\n\t<div  class=\"wpb_single_image wpb_content_element vc_align_center  wpb_animate_when_almost_visible wpb_fadeInUp fadeInUp\">\n\t\t\n\t\t<figure class=\"wpb_wrapper vc_figure\">\n\t\t\t<a href=\"https:\/\/centresoleildafrique.com\/\" target=\"_blank\" class=\"vc_single_image-wrapper   vc_box_border_grey\"><img loading=\"lazy\" decoding=\"async\" width=\"300\" height=\"300\" src=\"https:\/\/i0.wp.com\/www.fondsmaaya.com\/wp-content\/uploads\/2023\/09\/csalog_w.jpg?fit=300%2C300&amp;ssl=1\" class=\"vc_single_image-img attachment-medium\" alt=\"\" title=\"\" srcset=\"https:\/\/i0.wp.com\/www.fondsmaaya.com\/wp-content\/uploads\/2023\/09\/csalog_w.jpg?w=400&amp;ssl=1 400w, https:\/\/i0.wp.com\/www.fondsmaaya.com\/wp-content\/uploads\/2023\/09\/csalog_w.jpg?resize=300%2C300&amp;ssl=1 300w, https:\/\/i0.wp.com\/www.fondsmaaya.com\/wp-content\/uploads\/2023\/09\/csalog_w.jpg?resize=150%2C150&amp;ssl=1 150w\" sizes=\"(max-width: 300px) 100vw, 300px\" \/><\/a>\n\t\t<\/figure>\n\t<\/div>\n\t\t<\/div>\n\t<\/div>\n<\/div><\/div><\/div><\/div><div class=\"wpb_column vc_column_container vc_col-sm-4\"><div class=\"vc_column-inner\"><div class=\"wpb_wrapper\"><div class=\"mkdf-visual-effects-holder  mkdf-veh-parallax\" data-parallax=\"{&quot;y&quot;: -40, &quot;smoothness&quot;: 40}\">\n\t<div class=\"mkdf-veh-inner\">\n\t\t\t\t<div class=\"mkdf-veh-content\">\n\t\t\t\n\t<div  class=\"wpb_single_image wpb_content_element vc_align_center  wpb_animate_when_almost_visible wpb_fadeInUp fadeInUp\">\n\t\t\n\t\t<figure class=\"wpb_wrapper vc_figure\">\n\t\t\t<a href=\"https:\/\/hotelsavane.com\" target=\"_blank\" class=\"vc_single_image-wrapper   vc_box_border_grey\"><img loading=\"lazy\" decoding=\"async\" width=\"300\" height=\"300\" src=\"https:\/\/i0.wp.com\/www.fondsmaaya.com\/wp-content\/uploads\/2023\/09\/LogoHS_w.jpg?fit=300%2C300&amp;ssl=1\" class=\"vc_single_image-img attachment-medium\" alt=\"\" title=\"\" srcset=\"https:\/\/i0.wp.com\/www.fondsmaaya.com\/wp-content\/uploads\/2023\/09\/LogoHS_w.jpg?w=400&amp;ssl=1 400w, https:\/\/i0.wp.com\/www.fondsmaaya.com\/wp-content\/uploads\/2023\/09\/LogoHS_w.jpg?resize=300%2C300&amp;ssl=1 300w, https:\/\/i0.wp.com\/www.fondsmaaya.com\/wp-content\/uploads\/2023\/09\/LogoHS_w.jpg?resize=150%2C150&amp;ssl=1 150w\" sizes=\"(max-width: 300px) 100vw, 300px\" \/><\/a>\n\t\t<\/figure>\n\t<\/div>\n\t\t<\/div>\n\t<\/div>\n<\/div><\/div><\/div><\/div><div class=\"wpb_column vc_column_container vc_col-sm-4\"><div class=\"vc_column-inner\"><div class=\"wpb_wrapper\"><div class=\"mkdf-visual-effects-holder  mkdf-veh-parallax\" data-parallax=\"{&quot;y&quot;: -40, &quot;smoothness&quot;: 40}\">\n\t<div class=\"mkdf-veh-inner\">\n\t\t\t\t<div class=\"mkdf-veh-content\">\n\t\t\t\n\t<div  class=\"wpb_single_image wpb_content_element vc_align_center  wpb_animate_when_almost_visible wpb_fadeInUp fadeInUp\">\n\t\t\n\t\t<figure class=\"wpb_wrapper vc_figure\">\n\t\t\t<a href=\"https:\/\/www.fondationfestivalsurleniger.org\/\" target=\"_blank\" class=\"vc_single_image-wrapper   vc_box_border_grey\"><img loading=\"lazy\" decoding=\"async\" width=\"300\" height=\"300\" src=\"https:\/\/i0.wp.com\/www.fondsmaaya.com\/wp-content\/uploads\/2023\/09\/fondation_FSN_w.jpg?fit=300%2C300&amp;ssl=1\" class=\"vc_single_image-img attachment-medium\" alt=\"\" title=\"Fondation Festival Sur le Niger\" srcset=\"https:\/\/i0.wp.com\/www.fondsmaaya.com\/wp-content\/uploads\/2023\/09\/fondation_FSN_w.jpg?w=400&amp;ssl=1 400w, https:\/\/i0.wp.com\/www.fondsmaaya.com\/wp-content\/uploads\/2023\/09\/fondation_FSN_w.jpg?resize=300%2C300&amp;ssl=1 300w, https:\/\/i0.wp.com\/www.fondsmaaya.com\/wp-content\/uploads\/2023\/09\/fondation_FSN_w.jpg?resize=150%2C150&amp;ssl=1 150w\" sizes=\"(max-width: 300px) 100vw, 300px\" \/><\/a>\n\t\t<\/figure>\n\t<\/div>\n\t\t<\/div>\n\t<\/div>\n<\/div><\/div><\/div><\/div><\/div><\/div><\/div><\/div><\/div><\/div><\/div><\/div><\/div><div class=\"vc_row wpb_row vc_row-fluid\" ><div class=\"wpb_column vc_column_container vc_col-sm-12\"><div class=\"vc_column-inner\"><div class=\"wpb_wrapper\"><div class=\"vc_empty_space\"   style=\"height: 62px\"><span class=\"vc_empty_space_inner\"><\/span><\/div><\/div><\/div><\/div><\/div>\n<\/section>","protected":false},"excerpt":{"rendered":"Qui sont les partenaires du Fonds Maaya ? DES ORGANISATIONS ET INSTITUTIONS MALIENNES ET INTERNATIONALES Il s\u2019agit des institutions et organisations du Mali et d'ailleurs qui soutiennent de diff\u00e9rentes mani\u00e8res la culture Malienne. C'est l'occasion pour nous de remercier nos partenaires pour leur soutien inestimable au d\u00e9veloppement du Fonds Maaya. Les Fondations \/ Institutions en partenairiat Le Fonds [...]","protected":false},"author":1,"featured_media":5790,"parent":0,"menu_order":0,"comment_status":"closed","ping_status":"closed","template":"full-width.php","meta":{"_monsterinsights_skip_tracking":false,"_monsterinsights_sitenote_active":false,"_monsterinsights_sitenote_note":"","_monsterinsights_sitenote_category":0,"footnotes":""},"_links":{"self":[{"href":"https:\/\/www.fondsmaaya.com\/en\/wp-json\/wp\/v2\/pages\/5501"}],"collection":[{"href":"https:\/\/www.fondsmaaya.com\/en\/wp-json\/wp\/v2\/pages"}],"about":[{"href":"https:\/\/www.fondsmaaya.com\/en\/wp-json\/wp\/v2\/types\/page"}],"author":[{"embeddable":true,"href":"https:\/\/www.fondsmaaya.com\/en\/wp-json\/wp\/v2\/users\/1"}],"replies":[{"embeddable":true,"href":"https:\/\/www.fondsmaaya.com\/en\/wp-json\/wp\/v2\/comments?post=5501"}],"version-history":[{"count":23,"href":"https:\/\/www.fondsmaaya.com\/en\/wp-json\/wp\/v2\/pages\/5501\/revisions"}],"predecessor-version":[{"id":5524,"href":"https:\/\/www.fondsmaaya.com\/en\/wp-json\/wp\/v2\/pages\/5501\/revisions\/5524"}],"wp:featuredmedia":[{"embeddable":true,"href":"https:\/\/www.fondsmaaya.com\/en\/wp-json\/wp\/v2\/media\/5790"}],"wp:attachment":[{"href":"https:\/\/www.fondsmaaya.com\/en\/wp-json\/wp\/v2\/media?parent=5501"}],"curies":[{"name":"wp","href":"https:\/\/api.w.org\/{rel}","templated":true}]}}