{"id":5496,"date":"2020-10-21T12:48:12","date_gmt":"2020-10-21T10:48:12","guid":{"rendered":"http:\/\/www.fondsmaaya.com\/?page_id=5496"},"modified":"2023-09-26T19:04:48","modified_gmt":"2023-09-26T17:04:48","slug":"equipe-executive","status":"publish","type":"page","link":"https:\/\/www.fondsmaaya.com\/en\/equipe-executive\/","title":{"rendered":"Executive team"},"content":{"rendered":"<section class=\"wpb-content-wrapper\"><div class=\"vc_row wpb_row vc_row-fluid vc_custom_1604401852233 mkdf-content-aligment-center\" ><div class=\"wpb_column vc_column_container vc_col-sm-12 vc_col-lg-offset-2 vc_col-lg-8 vc_col-md-offset-0 vc_col-sm-offset-0\"><div class=\"vc_column-inner\"><div class=\"wpb_wrapper\">\n\t<div class=\"wpb_text_column wpb_content_element\" >\n\t\t<div class=\"wpb_wrapper\">\n\t\t\t<h3>Who are the Team members?<\/h3>\n\n\t\t<\/div>\n\t<\/div>\n<div class=\"mkdf-section-title-holder  mkdf-st-standard mkdf-st-title-left mkdf-st-normal-space\" >\n\t<div class=\"mkdf-st-inner\">\n\t\t\t\t\t\t\t<h6 class=\"mkdf-st-text\" style=\"color: #707070;margin-top: 10px\">\n\t\t\t\tPEOPLE ENGAGED IN THE MALIAN CULTURAL AND CREATIVE SECTOR\t\t\t<\/h6>\n\t\t\t<\/div>\n<\/div><div class=\"vc_empty_space\"   style=\"height: 32px\"><span class=\"vc_empty_space_inner\"><\/span><\/div><\/div><\/div><\/div><\/div><div class=\"vc_row wpb_row vc_row-fluid vc_custom_1604568435652 mkdf-content-aligment-center\" ><div class=\"wpb_column vc_column_container vc_col-sm-12 vc_col-lg-offset-2 vc_col-lg-8 vc_col-md-offset-0 vc_col-sm-offset-0 vc_col-has-fill\"><div class=\"vc_column-inner vc_custom_1604568187427\"><div class=\"wpb_wrapper\"><div class=\"mkdf-elements-holder    mkdf-one-column  mkdf-responsive-mode-768\" ><div class=\"mkdf-eh-item   mkdf-horizontal-alignment-center\"  data-item-class=\"mkdf-eh-custom-3882\" data-768-1024=\"0 25px 27px 25px\" data-680-768=\"0 25px 27px 25px\" data-680=\"0 25px 27px 25px\">\n\t<div class=\"mkdf-eh-item-inner\">\n\t\t<div class=\"mkdf-eh-item-content mkdf-eh-custom-3882\" style=\"padding: 0 0 27px 0\">\n\t\t\t<div class=\"mkdf-visual-effects-holder  mkdf-veh-uncover mkdf-veh-from-right\" >\n\t<div class=\"mkdf-veh-inner\">\n\t\t\t\t\t<div class=\"mkdf-veh-mask\"  style=\"background-color: #e3eef3\"><\/div>\n\t\t\t\t<div class=\"mkdf-veh-content\">\n\t\t\t\n\t<div  class=\"wpb_single_image wpb_content_element vc_align_center\">\n\t\t\n\t\t<figure class=\"wpb_wrapper vc_figure\">\n\t\t\t<div class=\"vc_single_image-wrapper   vc_box_border_grey\"><img loading=\"lazy\" decoding=\"async\" width=\"1024\" height=\"355\" src=\"https:\/\/i0.wp.com\/www.fondsmaaya.com\/wp-content\/uploads\/2020\/11\/equipe-executive.jpg?fit=1024%2C355&amp;ssl=1\" class=\"vc_single_image-img attachment-large\" alt=\"Illustration de l&#039;\u00e9quipe ex\u00e9cutive du fonds Maaya\" title=\"equipe-executive\" srcset=\"https:\/\/i0.wp.com\/www.fondsmaaya.com\/wp-content\/uploads\/2020\/11\/equipe-executive.jpg?w=1406&amp;ssl=1 1406w, https:\/\/i0.wp.com\/www.fondsmaaya.com\/wp-content\/uploads\/2020\/11\/equipe-executive.jpg?resize=300%2C104&amp;ssl=1 300w, https:\/\/i0.wp.com\/www.fondsmaaya.com\/wp-content\/uploads\/2020\/11\/equipe-executive.jpg?resize=1024%2C355&amp;ssl=1 1024w, https:\/\/i0.wp.com\/www.fondsmaaya.com\/wp-content\/uploads\/2020\/11\/equipe-executive.jpg?resize=768%2C267&amp;ssl=1 768w\" sizes=\"(max-width: 1024px) 100vw, 1024px\" \/><\/div>\n\t\t<\/figure>\n\t<\/div>\n<div class=\"vc_empty_space\"   style=\"height: 32px\"><span class=\"vc_empty_space_inner\"><\/span><\/div>\n\t<div class=\"wpb_text_column wpb_content_element\" >\n\t\t<div class=\"wpb_wrapper\">\n\t\t\t<p style=\"text-align: center;\">Currently, the current team has <a href=\"#membres\">four (4) members<\/a>, but the objective is to expand this number to allow the entry of other skills and profiles within the team.<\/p>\n<p style=\"text-align: center;\">The profile of each member is accessible below.<\/p>\n\n\t\t<\/div>\n\t<\/div>\n\t\t<\/div>\n\t<\/div>\n<\/div>\t\t<\/div>\n\t<\/div>\n<\/div><\/div><\/div><\/div><\/div><\/div><div id=\"membres\" class=\"vc_row wpb_row vc_row-fluid wpb_animate_when_almost_visible wpb_fadeInUp fadeInUp vc_custom_1692880340207\" ><div class=\"wpb_column vc_column_container vc_col-sm-12\"><div class=\"vc_column-inner\"><div class=\"wpb_wrapper\"><div class=\"vc_empty_space\"   style=\"height: 32px\"><span class=\"vc_empty_space_inner\"><\/span><\/div><div class=\"mkdf-section-title-holder  mkdf-st-standard mkdf-st-title-left mkdf-st-normal-space\" style=\"text-align: center\">\n\t<div class=\"mkdf-st-inner\">\n\t\t\t\t\t<h2 class=\"mkdf-st-title\" >\n\t\t\t\tExecutive Team Members\t\t\t<\/h2>\n\t\t\t\t\t<\/div>\n<\/div><div class=\"vc_empty_space\"   style=\"height: 32px\"><span class=\"vc_empty_space_inner\"><\/span><\/div><\/div><\/div><\/div><\/div><div class=\"vc_row wpb_row vc_row-fluid vc_column-gap-15 vc_row-o-equal-height vc_row-o-content-top vc_row-flex\" ><div class=\"wpb_animate_when_almost_visible wpb_fadeInUp fadeInUp wpb_column vc_column_container vc_col-sm-3\"><div class=\"vc_column-inner\"><div class=\"wpb_wrapper\"><div class=\"mkdf-visual-effects-holder  mkdf-veh-parallax\" data-parallax=\"{&quot;y&quot;: , &quot;smoothness&quot;: 40}\">\n\t<div class=\"mkdf-veh-inner\">\n\t\t\t\t<div class=\"mkdf-veh-content\">\n\t\t\t<div class=\"mkdf-image-with-text-holder  mkdf-has-shadow mkdf-image-behavior-zoom\">\n    <div class=\"mkdf-iwt-image\">\n                                    <img loading=\"lazy\" decoding=\"async\" width=\"400\" height=\"400\" src=\"https:\/\/i0.wp.com\/www.fondsmaaya.com\/wp-content\/uploads\/2023\/04\/Gaoussou-Toure-FM.jpg?fit=400%2C400&amp;ssl=1\" class=\"attachment-full size-full\" alt=\"\" srcset=\"https:\/\/i0.wp.com\/www.fondsmaaya.com\/wp-content\/uploads\/2023\/04\/Gaoussou-Toure-FM.jpg?w=400&amp;ssl=1 400w, https:\/\/i0.wp.com\/www.fondsmaaya.com\/wp-content\/uploads\/2023\/04\/Gaoussou-Toure-FM.jpg?resize=300%2C300&amp;ssl=1 300w, https:\/\/i0.wp.com\/www.fondsmaaya.com\/wp-content\/uploads\/2023\/04\/Gaoussou-Toure-FM.jpg?resize=150%2C150&amp;ssl=1 150w\" sizes=\"(max-width: 400px) 100vw, 400px\" \/>                        <\/div>\n    <div class=\"mkdf-iwt-text-holder\">\n        \t\t    <\/div>\n<\/div><h5 style=\"color: #000000;text-align: center\" class=\"vc_custom_heading vc_custom_1692881593867\" ><a href=\"https:\/\/www.fondsmaaya.com\/en\/equipe-executive\/gaoussou-yah-toure\/\">Gaoussou Yah TOURE<\/a><\/h5><h6 style=\"text-align: center\" class=\"vc_custom_heading\" >Administrator<\/h6>\t\t<\/div>\n\t<\/div>\n<\/div><\/div><\/div><\/div><div class=\"wpb_animate_when_almost_visible wpb_fadeInUp fadeInUp wpb_column vc_column_container vc_col-sm-3\"><div class=\"vc_column-inner\"><div class=\"wpb_wrapper\"><div class=\"mkdf-visual-effects-holder  mkdf-veh-parallax\" data-parallax=\"{&quot;y&quot;: , &quot;smoothness&quot;: 40}\">\n\t<div class=\"mkdf-veh-inner\">\n\t\t\t\t<div class=\"mkdf-veh-content\">\n\t\t\t<div class=\"mkdf-image-with-text-holder  mkdf-has-shadow mkdf-image-behavior-zoom\">\n    <div class=\"mkdf-iwt-image\">\n                                    <img loading=\"lazy\" decoding=\"async\" width=\"400\" height=\"400\" src=\"https:\/\/i0.wp.com\/www.fondsmaaya.com\/wp-content\/uploads\/2023\/03\/WhatsApp-Image-2023-03-11-at-18.21.06-1.jpeg?fit=400%2C400&amp;ssl=1\" class=\"attachment-full size-full\" alt=\"\" srcset=\"https:\/\/i0.wp.com\/www.fondsmaaya.com\/wp-content\/uploads\/2023\/03\/WhatsApp-Image-2023-03-11-at-18.21.06-1.jpeg?w=400&amp;ssl=1 400w, https:\/\/i0.wp.com\/www.fondsmaaya.com\/wp-content\/uploads\/2023\/03\/WhatsApp-Image-2023-03-11-at-18.21.06-1.jpeg?resize=300%2C300&amp;ssl=1 300w, https:\/\/i0.wp.com\/www.fondsmaaya.com\/wp-content\/uploads\/2023\/03\/WhatsApp-Image-2023-03-11-at-18.21.06-1.jpeg?resize=150%2C150&amp;ssl=1 150w\" sizes=\"(max-width: 400px) 100vw, 400px\" \/>                        <\/div>\n    <div class=\"mkdf-iwt-text-holder\">\n        \t\t    <\/div>\n<\/div><h5 style=\"color: #000000;text-align: center\" class=\"vc_custom_heading vc_custom_1692881660889\" ><a href=\"https:\/\/www.fondsmaaya.com\/en\/equipe-executive\/souleymane-ouologuem\/\">Souleymane OUOLOGUEM<\/a><\/h5><h6 style=\"text-align: center\" class=\"vc_custom_heading\" >Head of Public Relations and Fundraising<\/h6>\t\t<\/div>\n\t<\/div>\n<\/div><\/div><\/div><\/div><div class=\"wpb_animate_when_almost_visible wpb_fadeInUp fadeInUp wpb_column vc_column_container vc_col-sm-3\"><div class=\"vc_column-inner\"><div class=\"wpb_wrapper\"><div class=\"mkdf-visual-effects-holder  mkdf-veh-parallax\" data-parallax=\"{&quot;y&quot;: , &quot;smoothness&quot;: 40}\">\n\t<div class=\"mkdf-veh-inner\">\n\t\t\t\t<div class=\"mkdf-veh-content\">\n\t\t\t<div class=\"mkdf-image-with-text-holder  mkdf-has-shadow mkdf-image-behavior-zoom\">\n    <div class=\"mkdf-iwt-image\">\n                                    <img loading=\"lazy\" decoding=\"async\" src=\"https:\/\/i0.wp.com\/www.fondsmaaya.com\/wp-content\/uploads\/2023\/09\/SITE-01.jpg?resize=400%2C400&#038;ssl=1\" alt=\"\" width=\"400\" height=\"400\" data-recalc-dims=\"1\" \/>                        <\/div>\n    <div class=\"mkdf-iwt-text-holder\">\n        \t\t    <\/div>\n<\/div><h5 style=\"color: #000000;text-align: center\" class=\"vc_custom_heading vc_custom_1692881707895\" ><a href=\"https:\/\/www.fondsmaaya.com\/en\/equipe-executive\/gabdo-ouattara\/\">Gabdo OUATTARA<\/a><\/h5><h6 style=\"text-align: center\" class=\"vc_custom_heading\" >Head of Communications<\/h6>\t\t<\/div>\n\t<\/div>\n<\/div><\/div><\/div><\/div><div class=\"wpb_animate_when_almost_visible wpb_fadeInUp fadeInUp wpb_column vc_column_container vc_col-sm-3\"><div class=\"vc_column-inner\"><div class=\"wpb_wrapper\"><div class=\"mkdf-visual-effects-holder  mkdf-veh-parallax\" data-parallax=\"{&quot;y&quot;: , &quot;smoothness&quot;: 40}\">\n\t<div class=\"mkdf-veh-inner\">\n\t\t\t\t<div class=\"mkdf-veh-content\">\n\t\t\t<div class=\"mkdf-image-with-text-holder  mkdf-has-shadow mkdf-image-behavior-zoom\">\n    <div class=\"mkdf-iwt-image\">\n                                    <img loading=\"lazy\" decoding=\"async\" width=\"400\" height=\"400\" src=\"https:\/\/i0.wp.com\/www.fondsmaaya.com\/wp-content\/uploads\/2023\/03\/WhatsApp-Image-2023-03-11-at-18.21.06-2.jpeg?fit=400%2C400&amp;ssl=1\" class=\"attachment-full size-full\" alt=\"\" srcset=\"https:\/\/i0.wp.com\/www.fondsmaaya.com\/wp-content\/uploads\/2023\/03\/WhatsApp-Image-2023-03-11-at-18.21.06-2.jpeg?w=400&amp;ssl=1 400w, https:\/\/i0.wp.com\/www.fondsmaaya.com\/wp-content\/uploads\/2023\/03\/WhatsApp-Image-2023-03-11-at-18.21.06-2.jpeg?resize=300%2C300&amp;ssl=1 300w, https:\/\/i0.wp.com\/www.fondsmaaya.com\/wp-content\/uploads\/2023\/03\/WhatsApp-Image-2023-03-11-at-18.21.06-2.jpeg?resize=150%2C150&amp;ssl=1 150w\" sizes=\"(max-width: 400px) 100vw, 400px\" \/>                        <\/div>\n    <div class=\"mkdf-iwt-text-holder\">\n        \t\t    <\/div>\n<\/div><h5 style=\"color: #000000;text-align: center\" class=\"vc_custom_heading vc_custom_1692884756083\" ><a href=\"https:\/\/www.fondsmaaya.com\/en\/equipe-executive\/hawa-kassogue\/\">Hawa KASSOGU\u00c9<\/a><\/h5><h6 style=\"text-align: center\" class=\"vc_custom_heading\" >Accounting assistant<\/h6>\t\t<\/div>\n\t<\/div>\n<\/div><\/div><\/div><\/div><\/div><div class=\"vc_row wpb_row vc_row-fluid\" ><div class=\"wpb_column vc_column_container vc_col-sm-12\"><div class=\"vc_column-inner\"><div class=\"wpb_wrapper\"><div class=\"vc_empty_space\"   style=\"height: 47px\"><span class=\"vc_empty_space_inner\"><\/span><\/div><\/div><\/div><\/div><\/div><div class=\"vc_row wpb_row vc_row-fluid\" ><div class=\"wpb_column vc_column_container vc_col-sm-4\"><div class=\"vc_column-inner\"><div class=\"wpb_wrapper\"><div class=\"mkdf-visual-effects-holder  mkdf-veh-uncover mkdf-veh-from-top\" >\n\t<div class=\"mkdf-veh-inner\">\n\t\t\t\t\t<div class=\"mkdf-veh-mask\"  ><\/div>\n\t\t\t\t<div class=\"mkdf-veh-content\">\n\t\t\t\t\t<\/div>\n\t<\/div>\n<\/div><\/div><\/div><\/div><div class=\"wpb_column vc_column_container vc_col-sm-4\"><div class=\"vc_column-inner\"><div class=\"wpb_wrapper\"><\/div><\/div><\/div><div class=\"wpb_column vc_column_container vc_col-sm-4\"><div class=\"vc_column-inner\"><div class=\"wpb_wrapper\"><\/div><\/div><\/div><\/div>\n<\/section>","protected":false},"excerpt":{"rendered":"Qui sont les membres de l'\u00c9quipe ? DES PERSONNES ENGAG\u00c9ES DANS LE SECTEUR CULTUREL ET CR\u00c9ATIF MALIEN \u00c0 l\u2019heure actuelle, l'\u00c9quipe actuel compte quatre (4) membres, mais l\u2019objectif est d\u2019\u00e9largir ce nombre afin de permettre l\u2019entr\u00e9e d\u2019autres comp\u00e9tences et profils au sein de l'\u00e9quipe. Le profile de chaque membre est accessible ci-dessous. Les Membres de l'\u00c9quipe ex\u00e9cutive Gaoussou [...]","protected":false},"author":1,"featured_media":0,"parent":0,"menu_order":0,"comment_status":"closed","ping_status":"closed","template":"","meta":{"_monsterinsights_skip_tracking":false,"_monsterinsights_sitenote_active":false,"_monsterinsights_sitenote_note":"","_monsterinsights_sitenote_category":0,"footnotes":""},"_links":{"self":[{"href":"https:\/\/www.fondsmaaya.com\/en\/wp-json\/wp\/v2\/pages\/5496"}],"collection":[{"href":"https:\/\/www.fondsmaaya.com\/en\/wp-json\/wp\/v2\/pages"}],"about":[{"href":"https:\/\/www.fondsmaaya.com\/en\/wp-json\/wp\/v2\/types\/page"}],"author":[{"embeddable":true,"href":"https:\/\/www.fondsmaaya.com\/en\/wp-json\/wp\/v2\/users\/1"}],"replies":[{"embeddable":true,"href":"https:\/\/www.fondsmaaya.com\/en\/wp-json\/wp\/v2\/comments?post=5496"}],"version-history":[{"count":50,"href":"https:\/\/www.fondsmaaya.com\/en\/wp-json\/wp\/v2\/pages\/5496\/revisions"}],"predecessor-version":[{"id":7212,"href":"https:\/\/www.fondsmaaya.com\/en\/wp-json\/wp\/v2\/pages\/5496\/revisions\/7212"}],"wp:attachment":[{"href":"https:\/\/www.fondsmaaya.com\/en\/wp-json\/wp\/v2\/media?parent=5496"}],"curies":[{"name":"wp","href":"https:\/\/api.w.org\/{rel}","templated":true}]}}