{"id":5491,"date":"2020-10-21T12:20:12","date_gmt":"2020-10-21T10:20:12","guid":{"rendered":"http:\/\/www.fondsmaaya.com\/?page_id=5491"},"modified":"2023-09-27T11:38:32","modified_gmt":"2023-09-27T09:38:32","slug":"conseil-d-administration","status":"publish","type":"page","link":"https:\/\/www.fondsmaaya.com\/en\/conseil-d-administration\/","title":{"rendered":"Board of Directors"},"content":{"rendered":"<section class=\"wpb-content-wrapper\"><div class=\"vc_row wpb_row vc_row-fluid vc_custom_1603362934187 mkdf-content-aligment-center\" ><div class=\"wpb_column vc_column_container vc_col-sm-12 vc_col-lg-offset-2 vc_col-lg-8 vc_col-md-offset-0 vc_col-sm-offset-0 vc_col-has-fill\"><div class=\"vc_column-inner vc_custom_1603362948789\"><div class=\"wpb_wrapper\"><div class=\"mkdf-elements-holder    mkdf-one-column  mkdf-responsive-mode-768\" ><div class=\"mkdf-eh-item   mkdf-horizontal-alignment-center\"  data-item-class=\"mkdf-eh-custom-9379\" data-768-1024=\"0 25px 27px 25px\" data-680-768=\"0 25px 27px 25px\" data-680=\"0 25px 27px 25px\">\n\t<div class=\"mkdf-eh-item-inner\">\n\t\t<div class=\"mkdf-eh-item-content mkdf-eh-custom-9379\" style=\"padding: 0 50px 27px 50px\">\n\t\t\t<div class=\"mkdf-visual-effects-holder  mkdf-veh-uncover mkdf-veh-from-right\" >\n\t<div class=\"mkdf-veh-inner\">\n\t\t\t\t\t<div class=\"mkdf-veh-mask\"  style=\"background-color: #e3eef3\"><\/div>\n\t\t\t\t<div class=\"mkdf-veh-content\">\n\t\t\t\n\t<div class=\"wpb_text_column wpb_content_element\" >\n\t\t<div class=\"wpb_wrapper\">\n\t\t\t<h3>Who are the members of the Council?<\/h3>\n\n\t\t<\/div>\n\t<\/div>\n<div class=\"mkdf-section-title-holder  mkdf-st-standard mkdf-st-title-left mkdf-st-normal-space\" >\n\t<div class=\"mkdf-st-inner\">\n\t\t\t\t\t\t\t<h6 class=\"mkdf-st-text\" style=\"color: #707070;margin-top: 10px\">\n\t\t\t\tPEOPLE ENGAGED IN THE MALIAN CULTURAL AND CREATIVE SECTOR\t\t\t<\/h6>\n\t\t\t<\/div>\n<\/div><div class=\"vc_empty_space\"   style=\"height: 32px\"><span class=\"vc_empty_space_inner\"><\/span><\/div>\n\t<div class=\"wpb_text_column wpb_content_element\" >\n\t\t<div class=\"wpb_wrapper\">\n\t\t\t<p style=\"text-align: center;\">These are figures from Mali of public notoriety and influence who have relevant professional experience. These are artists, professionals in the cultural and creative sector, members of the economic and business circles, public figures, etc.<br \/>\nCommittee members have an initial term of two years, renewable for two additional years. They meet twice a year.<\/p>\n<p style=\"text-align: center;\">Currently, the Board of Directors has seven (7) members, but the objective is to expand this number to allow the entry of other skills and profiles into the Board.<\/p>\n\n\t\t<\/div>\n\t<\/div>\n\t\t<\/div>\n\t<\/div>\n<\/div>\t\t<\/div>\n\t<\/div>\n<\/div><\/div><\/div><\/div><\/div><\/div><div class=\"vc_row wpb_row vc_row-fluid vc_custom_1524752271984\" ><div class=\"wpb_column vc_column_container vc_col-sm-12\"><div class=\"vc_column-inner\"><div class=\"wpb_wrapper\"><div class=\"mkdf-section-title-holder  mkdf-st-standard mkdf-st-title-left mkdf-st-normal-space\" style=\"text-align: center\">\n\t<div class=\"mkdf-st-inner\">\n\t\t\t\t\t<h2 class=\"mkdf-st-title\" >\n\t\t\t\tThe members\t\t\t<\/h2>\n\t\t\t\t\t<\/div>\n<\/div><div class=\"vc_empty_space\"   style=\"height: 32px\"><span class=\"vc_empty_space_inner\"><\/span><\/div><\/div><\/div><\/div><\/div><div class=\"vc_row wpb_row vc_row-fluid\" ><div class=\"wpb_column vc_column_container vc_col-sm-4\"><div class=\"vc_column-inner\"><div class=\"wpb_wrapper\"><div class=\"mkdf-visual-effects-holder  mkdf-veh-uncover mkdf-veh-from-top\" >\n\t<div class=\"mkdf-veh-inner\">\n\t\t\t\t\t<div class=\"mkdf-veh-mask\"  ><\/div>\n\t\t\t\t<div class=\"mkdf-veh-content\">\n\t\t\t\n\t<div  class=\"wpb_single_image wpb_content_element vc_align_center\">\n\t\t\n\t\t<figure class=\"wpb_wrapper vc_figure\">\n\t\t\t<div class=\"vc_single_image-wrapper   vc_box_border_grey\"><img loading=\"lazy\" decoding=\"async\" width=\"400\" height=\"400\" src=\"https:\/\/i0.wp.com\/www.fondsmaaya.com\/wp-content\/uploads\/2023\/03\/d179c232-c5ff-457e-9cfe-e16803c1e749.jpg?fit=400%2C400&amp;ssl=1\" class=\"vc_single_image-img attachment-large\" alt=\"\" title=\"d179c232-c5ff-457e-9cfe-e16803c1e749\" srcset=\"https:\/\/i0.wp.com\/www.fondsmaaya.com\/wp-content\/uploads\/2023\/03\/d179c232-c5ff-457e-9cfe-e16803c1e749.jpg?w=400&amp;ssl=1 400w, https:\/\/i0.wp.com\/www.fondsmaaya.com\/wp-content\/uploads\/2023\/03\/d179c232-c5ff-457e-9cfe-e16803c1e749.jpg?resize=300%2C300&amp;ssl=1 300w, https:\/\/i0.wp.com\/www.fondsmaaya.com\/wp-content\/uploads\/2023\/03\/d179c232-c5ff-457e-9cfe-e16803c1e749.jpg?resize=150%2C150&amp;ssl=1 150w\" sizes=\"(max-width: 400px) 100vw, 400px\" \/><\/div>\n\t\t<\/figure>\n\t<\/div>\n<div class=\"vc_empty_space\"   style=\"height: 32px\"><span class=\"vc_empty_space_inner\"><\/span><\/div><div class=\"mkdf-section-title-holder  mkdf-st-standard mkdf-st-title-left mkdf-st-normal-space\" style=\"text-align: center\">\n\t<div class=\"mkdf-st-inner\">\n\t\t\t\t\t<h4 class=\"mkdf-st-title\" >\n\t\t\t\tAttaher MAIGA\t\t\t<\/h4>\n\t\t\t\t\t<\/div>\n<\/div><div class=\"vc_empty_space\"   style=\"height: 32px\"><span class=\"vc_empty_space_inner\"><\/span><\/div>\t\t<\/div>\n\t<\/div>\n<\/div><\/div><\/div><\/div><div class=\"wpb_column vc_column_container vc_col-sm-4\"><div class=\"vc_column-inner\"><div class=\"wpb_wrapper\"><div class=\"mkdf-visual-effects-holder  mkdf-veh-uncover mkdf-veh-from-top\" >\n\t<div class=\"mkdf-veh-inner\">\n\t\t\t\t\t<div class=\"mkdf-veh-mask\"  ><\/div>\n\t\t\t\t<div class=\"mkdf-veh-content\">\n\t\t\t\n\t<div  class=\"wpb_single_image wpb_content_element vc_align_center\">\n\t\t\n\t\t<figure class=\"wpb_wrapper vc_figure\">\n\t\t\t<div class=\"vc_single_image-wrapper   vc_box_border_grey\"><img loading=\"lazy\" decoding=\"async\" width=\"960\" height=\"720\" src=\"https:\/\/i0.wp.com\/www.fondsmaaya.com\/wp-content\/uploads\/2023\/09\/WhatsApp-Image-2023-09-21-at-16.58.16-1.jpg?fit=960%2C720&amp;ssl=1\" class=\"vc_single_image-img attachment-large\" alt=\"\" title=\"WhatsApp Image 2023-09-21 at 16.58.16 (1)\" srcset=\"https:\/\/i0.wp.com\/www.fondsmaaya.com\/wp-content\/uploads\/2023\/09\/WhatsApp-Image-2023-09-21-at-16.58.16-1.jpg?w=960&amp;ssl=1 960w, https:\/\/i0.wp.com\/www.fondsmaaya.com\/wp-content\/uploads\/2023\/09\/WhatsApp-Image-2023-09-21-at-16.58.16-1.jpg?resize=300%2C225&amp;ssl=1 300w, https:\/\/i0.wp.com\/www.fondsmaaya.com\/wp-content\/uploads\/2023\/09\/WhatsApp-Image-2023-09-21-at-16.58.16-1.jpg?resize=768%2C576&amp;ssl=1 768w\" sizes=\"(max-width: 960px) 100vw, 960px\" \/><\/div>\n\t\t<\/figure>\n\t<\/div>\n<div class=\"vc_empty_space\"   style=\"height: 32px\"><span class=\"vc_empty_space_inner\"><\/span><\/div><div class=\"mkdf-section-title-holder  mkdf-st-standard mkdf-st-title-left mkdf-st-normal-space\" style=\"text-align: center\">\n\t<div class=\"mkdf-st-inner\">\n\t\t\t\t\t<h4 class=\"mkdf-st-title\" >\n\t\t\t\tHama GORO\t\t\t<\/h4>\n\t\t\t\t\t<\/div>\n<\/div><div class=\"vc_empty_space\"   style=\"height: 32px\"><span class=\"vc_empty_space_inner\"><\/span><\/div>\t\t<\/div>\n\t<\/div>\n<\/div><\/div><\/div><\/div><div class=\"wpb_column vc_column_container vc_col-sm-4\"><div class=\"vc_column-inner\"><div class=\"wpb_wrapper\"><div class=\"mkdf-visual-effects-holder  mkdf-veh-uncover mkdf-veh-from-top\" >\n\t<div class=\"mkdf-veh-inner\">\n\t\t\t\t\t<div class=\"mkdf-veh-mask\"  ><\/div>\n\t\t\t\t<div class=\"mkdf-veh-content\">\n\t\t\t\n\t<div  class=\"wpb_single_image wpb_content_element vc_align_center\">\n\t\t\n\t\t<figure class=\"wpb_wrapper vc_figure\">\n\t\t\t<div class=\"vc_single_image-wrapper   vc_box_border_grey\"><img loading=\"lazy\" decoding=\"async\" width=\"400\" height=\"400\" src=\"https:\/\/i0.wp.com\/www.fondsmaaya.com\/wp-content\/uploads\/2023\/03\/WhatsApp-Image-2023-03-13-at-15.49.56-1.jpeg?fit=400%2C400&amp;ssl=1\" class=\"vc_single_image-img attachment-large\" alt=\"\" title=\"WhatsApp Image 2023-03-13 at 15.49.56 (1)\" srcset=\"https:\/\/i0.wp.com\/www.fondsmaaya.com\/wp-content\/uploads\/2023\/03\/WhatsApp-Image-2023-03-13-at-15.49.56-1.jpeg?w=400&amp;ssl=1 400w, https:\/\/i0.wp.com\/www.fondsmaaya.com\/wp-content\/uploads\/2023\/03\/WhatsApp-Image-2023-03-13-at-15.49.56-1.jpeg?resize=300%2C300&amp;ssl=1 300w, https:\/\/i0.wp.com\/www.fondsmaaya.com\/wp-content\/uploads\/2023\/03\/WhatsApp-Image-2023-03-13-at-15.49.56-1.jpeg?resize=150%2C150&amp;ssl=1 150w\" sizes=\"(max-width: 400px) 100vw, 400px\" \/><\/div>\n\t\t<\/figure>\n\t<\/div>\n<div class=\"vc_empty_space\"   style=\"height: 32px\"><span class=\"vc_empty_space_inner\"><\/span><\/div><div class=\"mkdf-section-title-holder  mkdf-st-standard mkdf-st-title-left mkdf-st-normal-space\" style=\"text-align: center\">\n\t<div class=\"mkdf-st-inner\">\n\t\t\t\t\t<h4 class=\"mkdf-st-title\" >\n\t\t\t\tMaimouna DOUMBIA\t\t\t<\/h4>\n\t\t\t\t\t<\/div>\n<\/div><div class=\"vc_empty_space\"   style=\"height: 32px\"><span class=\"vc_empty_space_inner\"><\/span><\/div>\t\t<\/div>\n\t<\/div>\n<\/div><\/div><\/div><\/div><\/div><div class=\"vc_row wpb_row vc_row-fluid\" ><div class=\"wpb_column vc_column_container vc_col-sm-4\"><div class=\"vc_column-inner\"><div class=\"wpb_wrapper\"><div class=\"mkdf-visual-effects-holder  mkdf-veh-uncover mkdf-veh-from-top\" >\n\t<div class=\"mkdf-veh-inner\">\n\t\t\t\t\t<div class=\"mkdf-veh-mask\"  ><\/div>\n\t\t\t\t<div class=\"mkdf-veh-content\">\n\t\t\t\n\t<div  class=\"wpb_single_image wpb_content_element vc_align_center\">\n\t\t\n\t\t<figure class=\"wpb_wrapper vc_figure\">\n\t\t\t<div class=\"vc_single_image-wrapper   vc_box_border_grey\"><img loading=\"lazy\" decoding=\"async\" width=\"400\" height=\"400\" src=\"https:\/\/i0.wp.com\/www.fondsmaaya.com\/wp-content\/uploads\/2023\/03\/09adeb40-40fd-4dcb-9ae7-f47e9477fcca.jpg?fit=400%2C400&amp;ssl=1\" class=\"vc_single_image-img attachment-large\" alt=\"\" title=\"09adeb40-40fd-4dcb-9ae7-f47e9477fcca\" srcset=\"https:\/\/i0.wp.com\/www.fondsmaaya.com\/wp-content\/uploads\/2023\/03\/09adeb40-40fd-4dcb-9ae7-f47e9477fcca.jpg?w=400&amp;ssl=1 400w, https:\/\/i0.wp.com\/www.fondsmaaya.com\/wp-content\/uploads\/2023\/03\/09adeb40-40fd-4dcb-9ae7-f47e9477fcca.jpg?resize=300%2C300&amp;ssl=1 300w, https:\/\/i0.wp.com\/www.fondsmaaya.com\/wp-content\/uploads\/2023\/03\/09adeb40-40fd-4dcb-9ae7-f47e9477fcca.jpg?resize=150%2C150&amp;ssl=1 150w\" sizes=\"(max-width: 400px) 100vw, 400px\" \/><\/div>\n\t\t<\/figure>\n\t<\/div>\n<div class=\"vc_empty_space\"   style=\"height: 32px\"><span class=\"vc_empty_space_inner\"><\/span><\/div><div class=\"mkdf-section-title-holder  mkdf-st-standard mkdf-st-title-left mkdf-st-normal-space\" style=\"text-align: center\">\n\t<div class=\"mkdf-st-inner\">\n\t\t\t\t\t<h4 class=\"mkdf-st-title\" >\n\t\t\t\tMama KONE\t\t\t<\/h4>\n\t\t\t\t\t<\/div>\n<\/div><div class=\"vc_empty_space\"   style=\"height: 32px\"><span class=\"vc_empty_space_inner\"><\/span><\/div>\t\t<\/div>\n\t<\/div>\n<\/div><\/div><\/div><\/div><div class=\"wpb_column vc_column_container vc_col-sm-4\"><div class=\"vc_column-inner\"><div class=\"wpb_wrapper\"><div class=\"mkdf-visual-effects-holder  mkdf-veh-uncover mkdf-veh-from-top\" >\n\t<div class=\"mkdf-veh-inner\">\n\t\t\t\t\t<div class=\"mkdf-veh-mask\"  ><\/div>\n\t\t\t\t<div class=\"mkdf-veh-content\">\n\t\t\t\n\t<div  class=\"wpb_single_image wpb_content_element vc_align_center\">\n\t\t\n\t\t<figure class=\"wpb_wrapper vc_figure\">\n\t\t\t<div class=\"vc_single_image-wrapper   vc_box_border_grey\"><img loading=\"lazy\" decoding=\"async\" width=\"400\" height=\"400\" src=\"https:\/\/i0.wp.com\/www.fondsmaaya.com\/wp-content\/uploads\/2023\/03\/da05acd9-e7ee-4cbd-942f-c0e119834ab7.jpg?fit=400%2C400&amp;ssl=1\" class=\"vc_single_image-img attachment-large\" alt=\"\" title=\"da05acd9-e7ee-4cbd-942f-c0e119834ab7\" srcset=\"https:\/\/i0.wp.com\/www.fondsmaaya.com\/wp-content\/uploads\/2023\/03\/da05acd9-e7ee-4cbd-942f-c0e119834ab7.jpg?w=400&amp;ssl=1 400w, https:\/\/i0.wp.com\/www.fondsmaaya.com\/wp-content\/uploads\/2023\/03\/da05acd9-e7ee-4cbd-942f-c0e119834ab7.jpg?resize=300%2C300&amp;ssl=1 300w, https:\/\/i0.wp.com\/www.fondsmaaya.com\/wp-content\/uploads\/2023\/03\/da05acd9-e7ee-4cbd-942f-c0e119834ab7.jpg?resize=150%2C150&amp;ssl=1 150w\" sizes=\"(max-width: 400px) 100vw, 400px\" \/><\/div>\n\t\t<\/figure>\n\t<\/div>\n<div class=\"vc_empty_space\"   style=\"height: 32px\"><span class=\"vc_empty_space_inner\"><\/span><\/div><div class=\"mkdf-section-title-holder  mkdf-st-standard mkdf-st-title-left mkdf-st-normal-space\" style=\"text-align: center\">\n\t<div class=\"mkdf-st-inner\">\n\t\t\t\t\t<h4 class=\"mkdf-st-title\" >\n\t\t\t\tAlou KONATE\t\t\t<\/h4>\n\t\t\t\t\t<\/div>\n<\/div><div class=\"vc_empty_space\"   style=\"height: 32px\"><span class=\"vc_empty_space_inner\"><\/span><\/div>\t\t<\/div>\n\t<\/div>\n<\/div><\/div><\/div><\/div><div class=\"wpb_column vc_column_container vc_col-sm-4\"><div class=\"vc_column-inner\"><div class=\"wpb_wrapper\">\n\t<div  class=\"wpb_single_image wpb_content_element vc_align_center\">\n\t\t\n\t\t<figure class=\"wpb_wrapper vc_figure\">\n\t\t\t<div class=\"vc_single_image-wrapper   vc_box_border_grey\"><img loading=\"lazy\" decoding=\"async\" width=\"400\" height=\"400\" src=\"https:\/\/i0.wp.com\/www.fondsmaaya.com\/wp-content\/uploads\/2023\/03\/5b1a04c0-84fb-4ba6-9c95-ea4ae50151d8.jpg?fit=400%2C400&amp;ssl=1\" class=\"vc_single_image-img attachment-large\" alt=\"\" title=\"5b1a04c0-84fb-4ba6-9c95-ea4ae50151d8\" srcset=\"https:\/\/i0.wp.com\/www.fondsmaaya.com\/wp-content\/uploads\/2023\/03\/5b1a04c0-84fb-4ba6-9c95-ea4ae50151d8.jpg?w=400&amp;ssl=1 400w, https:\/\/i0.wp.com\/www.fondsmaaya.com\/wp-content\/uploads\/2023\/03\/5b1a04c0-84fb-4ba6-9c95-ea4ae50151d8.jpg?resize=300%2C300&amp;ssl=1 300w, https:\/\/i0.wp.com\/www.fondsmaaya.com\/wp-content\/uploads\/2023\/03\/5b1a04c0-84fb-4ba6-9c95-ea4ae50151d8.jpg?resize=150%2C150&amp;ssl=1 150w\" sizes=\"(max-width: 400px) 100vw, 400px\" \/><\/div>\n\t\t<\/figure>\n\t<\/div>\n<div class=\"vc_empty_space\"   style=\"height: 32px\"><span class=\"vc_empty_space_inner\"><\/span><\/div><div class=\"mkdf-section-title-holder  mkdf-st-standard mkdf-st-title-left mkdf-st-normal-space\" style=\"text-align: center\">\n\t<div class=\"mkdf-st-inner\">\n\t\t\t\t\t<h4 class=\"mkdf-st-title\" >\n\t\t\t\tLassana Igo DIARRA\t\t\t<\/h4>\n\t\t\t\t\t<\/div>\n<\/div><div class=\"vc_empty_space\"   style=\"height: 32px\"><span class=\"vc_empty_space_inner\"><\/span><\/div><\/div><\/div><\/div><\/div><div class=\"vc_row wpb_row vc_row-fluid\" ><div class=\"wpb_column vc_column_container vc_col-sm-4\"><div class=\"vc_column-inner\"><div class=\"wpb_wrapper\"><div class=\"mkdf-visual-effects-holder  mkdf-veh-uncover mkdf-veh-from-top\" >\n\t<div class=\"mkdf-veh-inner\">\n\t\t\t\t\t<div class=\"mkdf-veh-mask\"  ><\/div>\n\t\t\t\t<div class=\"mkdf-veh-content\">\n\t\t\t\n\t<div  class=\"wpb_single_image wpb_content_element vc_align_center\">\n\t\t\n\t\t<figure class=\"wpb_wrapper vc_figure\">\n\t\t\t<div class=\"vc_single_image-wrapper   vc_box_border_grey\"><img loading=\"lazy\" decoding=\"async\" width=\"400\" height=\"400\" src=\"https:\/\/i0.wp.com\/www.fondsmaaya.com\/wp-content\/uploads\/2023\/03\/WhatsApp-Image-2023-03-13-at-15.49.56.jpeg?fit=400%2C400&amp;ssl=1\" class=\"vc_single_image-img attachment-large\" alt=\"\" title=\"WhatsApp Image 2023-03-13 at 15.49.56\" srcset=\"https:\/\/i0.wp.com\/www.fondsmaaya.com\/wp-content\/uploads\/2023\/03\/WhatsApp-Image-2023-03-13-at-15.49.56.jpeg?w=400&amp;ssl=1 400w, https:\/\/i0.wp.com\/www.fondsmaaya.com\/wp-content\/uploads\/2023\/03\/WhatsApp-Image-2023-03-13-at-15.49.56.jpeg?resize=300%2C300&amp;ssl=1 300w, https:\/\/i0.wp.com\/www.fondsmaaya.com\/wp-content\/uploads\/2023\/03\/WhatsApp-Image-2023-03-13-at-15.49.56.jpeg?resize=150%2C150&amp;ssl=1 150w\" sizes=\"(max-width: 400px) 100vw, 400px\" \/><\/div>\n\t\t<\/figure>\n\t<\/div>\n<div class=\"vc_empty_space\"   style=\"height: 32px\"><span class=\"vc_empty_space_inner\"><\/span><\/div><div class=\"mkdf-section-title-holder  mkdf-st-standard mkdf-st-title-left mkdf-st-normal-space\" style=\"text-align: center\">\n\t<div class=\"mkdf-st-inner\">\n\t\t\t\t\t<h4 class=\"mkdf-st-title\" >\n\t\t\t\tMamoutou KEITA\t\t\t<\/h4>\n\t\t\t\t\t<\/div>\n<\/div><div class=\"vc_empty_space\"   style=\"height: 32px\"><span class=\"vc_empty_space_inner\"><\/span><\/div>\t\t<\/div>\n\t<\/div>\n<\/div><\/div><\/div><\/div><div class=\"wpb_column vc_column_container vc_col-sm-4\"><div class=\"vc_column-inner\"><div class=\"wpb_wrapper\"><\/div><\/div><\/div><\/div><div class=\"vc_row wpb_row vc_row-fluid\" ><div class=\"wpb_column vc_column_container vc_col-sm-12\"><div class=\"vc_column-inner\"><div class=\"wpb_wrapper\"><\/div><\/div><\/div><div class=\"wpb_column vc_column_container vc_col-sm-12\"><div class=\"vc_column-inner\"><div class=\"wpb_wrapper\"><\/div><\/div><\/div><\/div><div class=\"vc_row wpb_row vc_row-fluid\" ><div class=\"wpb_column vc_column_container vc_col-sm-12\"><div class=\"vc_column-inner\"><div class=\"wpb_wrapper\"><\/div><\/div><\/div><\/div>\n<\/section>","protected":false},"excerpt":{"rendered":"Qui sont les membres du Conseil ? DES PERSONNES ENGAG\u00c9ES DANS LE SECTEUR CULTUREL ET CR\u00c9ATIF MALIEN Il s\u2019agit des personnalit\u00e9s du Mali de la notori\u00e9t\u00e9 publique et d\u2019influence qui jouissent d\u2019une exp\u00e9rience professionnelle pertinente. Ce sont les artistes, les professionnels du secteur culturel et cr\u00e9atif, les membres des milieux \u00e9conomiques et d\u2019affaires, les personnalit\u00e9s publiques, etc. Les [...]","protected":false},"author":1,"featured_media":0,"parent":0,"menu_order":0,"comment_status":"closed","ping_status":"closed","template":"full-width.php","meta":{"_monsterinsights_skip_tracking":false,"_monsterinsights_sitenote_active":false,"_monsterinsights_sitenote_note":"","_monsterinsights_sitenote_category":0,"footnotes":""},"_links":{"self":[{"href":"https:\/\/www.fondsmaaya.com\/en\/wp-json\/wp\/v2\/pages\/5491"}],"collection":[{"href":"https:\/\/www.fondsmaaya.com\/en\/wp-json\/wp\/v2\/pages"}],"about":[{"href":"https:\/\/www.fondsmaaya.com\/en\/wp-json\/wp\/v2\/types\/page"}],"author":[{"embeddable":true,"href":"https:\/\/www.fondsmaaya.com\/en\/wp-json\/wp\/v2\/users\/1"}],"replies":[{"embeddable":true,"href":"https:\/\/www.fondsmaaya.com\/en\/wp-json\/wp\/v2\/comments?post=5491"}],"version-history":[{"count":44,"href":"https:\/\/www.fondsmaaya.com\/en\/wp-json\/wp\/v2\/pages\/5491\/revisions"}],"predecessor-version":[{"id":5494,"href":"https:\/\/www.fondsmaaya.com\/en\/wp-json\/wp\/v2\/pages\/5491\/revisions\/5494"}],"wp:attachment":[{"href":"https:\/\/www.fondsmaaya.com\/en\/wp-json\/wp\/v2\/media?parent=5491"}],"curies":[{"name":"wp","href":"https:\/\/api.w.org\/{rel}","templated":true}]}}