{"id":5481,"date":"2020-10-21T11:16:07","date_gmt":"2020-10-21T09:16:07","guid":{"rendered":"http:\/\/www.fondsmaaya.com\/?page_id=5481"},"modified":"2023-08-24T22:17:22","modified_gmt":"2023-08-24T20:17:22","slug":"fonds-de-garantie-aux-organisations","status":"publish","type":"page","link":"https:\/\/www.fondsmaaya.com\/en\/fonds-de-garantie-aux-organisations\/","title":{"rendered":"GUARANTEE FUND FOR ORGANIZATIONS"},"content":{"rendered":"<section class=\"wpb-content-wrapper\"><div class=\"mkdf-row-grid-section-wrapper\"  ><div class=\"mkdf-row-grid-section\"><div class=\"vc_row wpb_row vc_row-fluid vc_custom_1524829591807\" ><div class=\"wpb_column vc_column_container vc_col-sm-12 vc_col-lg-offset-0 vc_col-lg-6 vc_col-md-offset-0 vc_col-md-12 vc_col-sm-offset-0 vc_col-xs-12\"><div class=\"vc_column-inner\"><div class=\"wpb_wrapper\"><div class=\"mkdf-elements-holder    mkdf-one-column  mkdf-responsive-mode-768\" ><div class=\"mkdf-eh-item\" style=\"background-color: #e6f3f8\" data-item-class=\"mkdf-eh-custom-7656\" data-1024-1366=\"0 7% 0 5%\" data-768-1024=\"0 22% 0 5%\" data-680-768=\"0 6% 0 5%\">\n\t<div class=\"mkdf-eh-item-inner\">\n\t\t<div class=\"mkdf-eh-item-content mkdf-eh-custom-7656\" style=\"padding: 0 0 0 5%\">\n\t\t\t<div class=\"vc_row wpb_row vc_inner vc_row-fluid vc_custom_1603212227754 vc_row-o-content-middle vc_row-flex\" ><div class=\"wpb_column vc_column_container vc_col-sm-12\"><div class=\"vc_column-inner\"><div class=\"wpb_wrapper\"><div class=\"mkdf-section-title-holder  mkdf-st-standard mkdf-st-title-left mkdf-st-normal-space\" >\n\t<div class=\"mkdf-st-inner\">\n\t\t\t\t\t<h2 class=\"mkdf-st-title\" >\n\t\t\t\tWhat is it about ?\t\t\t<\/h2>\n\t\t\t\t\t\t\t<h6 class=\"mkdf-st-text\" style=\"margin-top: 12px\">\n\t\t\t\tSupport from the Maaya Fund\t\t\t<\/h6>\n\t\t\t<\/div>\n<\/div><div class=\"vc_empty_space\"   style=\"height: 64px\"><span class=\"vc_empty_space_inner\"><\/span><\/div>\n\t<div class=\"wpb_text_column wpb_content_element  text-justify\" >\n\t\t<div class=\"wpb_wrapper\">\n\t\t\t<p><span style=\"font-weight: 400;\">The refundable fund allocated on request to allow organizations with relevant requests to pre-finance their activities in <a href=\"https:\/\/fr.wikipedia.org\/wiki\/Mali\" target=\"_blank\" rel=\"noopener noreferrer\">Mali<\/a>.<\/span><\/p>\n\n\t\t<\/div>\n\t<\/div>\n<\/div><\/div><\/div><\/div>\t\t<\/div>\n\t<\/div>\n<\/div><\/div><div class=\"vc_empty_space\"   style=\"height: 21px\"><span class=\"vc_empty_space_inner\"><\/span><\/div><\/div><\/div><\/div><div class=\"wpb_column vc_column_container vc_col-sm-12 vc_col-lg-offset-0 vc_col-lg-6 vc_col-md-offset-0 vc_col-md-12 vc_col-sm-offset-0\"><div class=\"vc_column-inner\"><div class=\"wpb_wrapper\"><div class=\"mkdf-elements-holder    mkdf-one-column  mkdf-responsive-mode-768\" ><div class=\"mkdf-eh-item\" style=\"background-image: url(https:\/\/www.fondsmaaya.com\/wp-content\/uploads\/2020\/10\/cest-quoi-le-fond-de-garantie.jpg)\" data-item-class=\"mkdf-eh-custom-4994\" data-1366-1600=\"296px 0 299px 0\" data-1024-1366=\"296px 0 299px 0\" data-768-1024=\"296px 0 299px 0\" data-680-768=\"296px 0 299px 0\">\n\t<div class=\"mkdf-eh-item-inner\">\n\t\t<div class=\"mkdf-eh-item-content mkdf-eh-custom-4994\" style=\"padding: 296px 0 299px 0\">\n\t\t\t\t\t<\/div>\n\t<\/div>\n<\/div><\/div><div class=\"vc_empty_space\"   style=\"height: 25px\"><span class=\"vc_empty_space_inner\"><\/span><\/div><\/div><\/div><\/div><\/div><\/div><\/div><div class=\"mkdf-row-grid-section-wrapper mkdf-content-aligment-left\"  ><div class=\"mkdf-row-grid-section\"><div class=\"vc_row wpb_row vc_row-fluid\" ><div class=\"wpb_column vc_column_container vc_col-sm-12\"><div class=\"vc_column-inner\"><div class=\"wpb_wrapper\"><div class=\"mkdf-elements-holder    mkdf-one-column  mkdf-responsive-mode-768\" ><div class=\"mkdf-eh-item\" style=\"background-color: #f9d292\" data-item-class=\"mkdf-eh-custom-8571\" data-1024-1366=\"0 5% 0 5%\" data-768-1024=\"0 5% 0 5%\" data-680-768=\"0 5% 0 5%\">\n\t<div class=\"mkdf-eh-item-inner\">\n\t\t<div class=\"mkdf-eh-item-content mkdf-eh-custom-8571\" style=\"padding: 0 0 0 5%\">\n\t\t\t<div class=\"vc_row wpb_row vc_inner vc_row-fluid list-container vc_custom_1603208722684\" ><div class=\"wpb_column vc_column_container vc_col-sm-12\"><div class=\"vc_column-inner\"><div class=\"wpb_wrapper\"><div class=\"mkdf-section-title-holder  mkdf-st-standard mkdf-st-title-left mkdf-st-normal-space\" >\n\t<div class=\"mkdf-st-inner\">\n\t\t\t\t\t<h2 class=\"mkdf-st-title\" >\n\t\t\t\tWhat is the main objective of the fund?\t\t\t<\/h2>\n\t\t\t\t\t<\/div>\n<\/div><div class=\"vc_empty_space\"   style=\"height: 46px\"><span class=\"vc_empty_space_inner\"><\/span><\/div><div class=\"mkdf-icon-list-holder\" >\n\t<div class=\"mkdf-il-icon-holder\">\n\t\t<i class=\"mkdf-icon-font-awesome fa fa-circle-o\"><\/i>\t<\/div>\n\t<p class=\"mkdf-il-text\" >Helping cultural organizations pre-finance their activities.<\/p>\n<\/div><\/div><\/div><\/div><\/div>\t\t<\/div>\n\t<\/div>\n<\/div><\/div><\/div><\/div><\/div><\/div><\/div><\/div><div class=\"mkdf-row-grid-section-wrapper\"  ><div class=\"mkdf-row-grid-section\"><div class=\"vc_row wpb_row vc_row-fluid vc_custom_1603209932868\" ><div class=\"wpb_column vc_column_container vc_col-sm-12 vc_col-lg-offset-0 vc_col-lg-6 vc_col-md-offset-0 vc_col-md-12 vc_col-sm-offset-0 vc_col-xs-12\"><div class=\"vc_column-inner\"><div class=\"wpb_wrapper\"><div class=\"mkdf-elements-holder    mkdf-one-column  mkdf-responsive-mode-768\" ><div class=\"mkdf-eh-item\" style=\"background-color: #f4f2f1\" data-item-class=\"mkdf-eh-custom-5242\" data-1024-1366=\"0 7% 0 5%\" data-768-1024=\"0 22% 0 5%\" data-680-768=\"0 6% 0 5%\">\n\t<div class=\"mkdf-eh-item-inner\">\n\t\t<div class=\"mkdf-eh-item-content mkdf-eh-custom-5242\" style=\"padding: 0 0 0 5%\">\n\t\t\t<div class=\"vc_row wpb_row vc_inner vc_row-fluid vc_custom_1524829065742\" ><div class=\"wpb_column vc_column_container vc_col-sm-12\"><div class=\"vc_column-inner\"><div class=\"wpb_wrapper\"><div class=\"mkdf-section-title-holder  mkdf-st-standard mkdf-st-title-left mkdf-st-normal-space\" >\n\t<div class=\"mkdf-st-inner\">\n\t\t\t\t\t<h2 class=\"mkdf-st-title\" >\n\t\t\t\tHow does the guarantee fund work?\t\t\t<\/h2>\n\t\t\t\t\t\t\t<h6 class=\"mkdf-st-text\" style=\"margin-top: 12px\">\n\t\t\t\tOn demand\t\t\t<\/h6>\n\t\t\t<\/div>\n<\/div><div class=\"vc_empty_space\"   style=\"height: 46px\"><span class=\"vc_empty_space_inner\"><\/span><\/div>\n\t<div class=\"wpb_text_column wpb_content_element  text-justify\" >\n\t\t<div class=\"wpb_wrapper\">\n\t\t\t<p><span style=\"font-weight: 400;\">The fund is allocated on <a href=\"https:\/\/www.fondsmaaya.com\/en\/news\/\">demand<\/a>, on a case-by-case basis.<\/span><\/p>\n\n\t\t<\/div>\n\t<\/div>\n<div class=\"vc_empty_space\"   style=\"height: 29px\"><span class=\"vc_empty_space_inner\"><\/span><\/div><\/div><\/div><\/div><\/div>\t\t<\/div>\n\t<\/div>\n<\/div><\/div><div class=\"vc_empty_space\"   style=\"height: 25px\"><span class=\"vc_empty_space_inner\"><\/span><\/div><\/div><\/div><\/div><div class=\"wpb_column vc_column_container vc_col-sm-12 vc_col-lg-offset-0 vc_col-lg-6 vc_col-md-offset-0 vc_col-md-12 vc_col-sm-offset-0\"><div class=\"vc_column-inner\"><div class=\"wpb_wrapper\"><div class=\"mkdf-elements-holder    mkdf-one-column  mkdf-responsive-mode-768\" ><div class=\"mkdf-eh-item\" style=\"background-image: url(https:\/\/www.fondsmaaya.com\/wp-content\/uploads\/2020\/10\/Comment-fonctionne-le-soutient.jpg)\" data-item-class=\"mkdf-eh-custom-5311\" data-1366-1600=\"296px 0 299px 0\" data-1024-1366=\"296px 0 299px 0\" data-768-1024=\"296px 0 299px 0\" data-680-768=\"296px 0 299px 0\">\n\t<div class=\"mkdf-eh-item-inner\">\n\t\t<div class=\"mkdf-eh-item-content mkdf-eh-custom-5311\" style=\"padding: 296px 0 299px 0\">\n\t\t\t\t\t<\/div>\n\t<\/div>\n<\/div><\/div><div class=\"vc_empty_space\"   style=\"height: 21px\"><span class=\"vc_empty_space_inner\"><\/span><\/div><\/div><\/div><\/div><\/div><\/div><\/div><div class=\"mkdf-row-grid-section-wrapper mkdf-content-aligment-left\"  ><div class=\"mkdf-row-grid-section\"><div class=\"vc_row wpb_row vc_row-fluid vc_custom_1603210966236\" ><div class=\"wpb_column vc_column_container vc_col-sm-12\"><div class=\"vc_column-inner\"><div class=\"wpb_wrapper\"><div class=\"mkdf-elements-holder    mkdf-one-column  mkdf-responsive-mode-768\" ><div class=\"mkdf-eh-item\" style=\"background-color: #f9d292\" data-item-class=\"mkdf-eh-custom-8801\" data-1024-1366=\"0 5% 0 5%\" data-768-1024=\"0 5% 0 5%\" data-680-768=\"0 5% 0 5%\">\n\t<div class=\"mkdf-eh-item-inner\">\n\t\t<div class=\"mkdf-eh-item-content mkdf-eh-custom-8801\" style=\"padding: 0 0 0 5%\">\n\t\t\t<div class=\"vc_row wpb_row vc_inner vc_row-fluid list-container vc_custom_1603208722684\" ><div class=\"wpb_column vc_column_container vc_col-sm-12\"><div class=\"vc_column-inner\"><div class=\"wpb_wrapper\"><div class=\"mkdf-section-title-holder  mkdf-st-standard mkdf-st-title-left mkdf-st-normal-space\" >\n\t<div class=\"mkdf-st-inner\">\n\t\t\t\t\t<h2 class=\"mkdf-st-title\" >\n\t\t\t\tThe expected and obtained result of the guarantee fund for organizations?\t\t\t<\/h2>\n\t\t\t\t\t<\/div>\n<\/div><div class=\"vc_empty_space\"   style=\"height: 46px\"><span class=\"vc_empty_space_inner\"><\/span><\/div><div class=\"mkdf-icon-list-holder\" >\n\t<div class=\"mkdf-il-icon-holder\">\n\t\t<i class=\"mkdf-icon-font-awesome fa fa-check\"><\/i>\t<\/div>\n\t<p class=\"mkdf-il-text\" >More than 10 guarantee funds are allocated per year.<\/p>\n<\/div><\/div><\/div><\/div><\/div>\t\t<\/div>\n\t<\/div>\n<\/div><\/div><\/div><\/div><\/div><\/div><\/div><\/div>\n<\/section>","protected":false},"excerpt":{"rendered":"De quoi s'agit-il ? Un soutien du Fonds Maaya Le fonds remboursable attribu\u00e9 \u00e0 la demande pour permettre \u00e0 des organisations dont les demandes sont pertinentes de pr\u00e9financer leurs activit\u00e9s au Mali. Quel est l'objectif principal du fonds ? Aider les organisations culturelles \u00e0 pr\u00e9financer leurs activit\u00e9s Comment fonctionne le fonds de garantie ? \u00c0 la demande Le [...]","protected":false},"author":1,"featured_media":5483,"parent":0,"menu_order":0,"comment_status":"closed","ping_status":"closed","template":"full-width.php","meta":{"_monsterinsights_skip_tracking":false,"_monsterinsights_sitenote_active":false,"_monsterinsights_sitenote_note":"","_monsterinsights_sitenote_category":0,"footnotes":""},"_links":{"self":[{"href":"https:\/\/www.fondsmaaya.com\/en\/wp-json\/wp\/v2\/pages\/5481"}],"collection":[{"href":"https:\/\/www.fondsmaaya.com\/en\/wp-json\/wp\/v2\/pages"}],"about":[{"href":"https:\/\/www.fondsmaaya.com\/en\/wp-json\/wp\/v2\/types\/page"}],"author":[{"embeddable":true,"href":"https:\/\/www.fondsmaaya.com\/en\/wp-json\/wp\/v2\/users\/1"}],"replies":[{"embeddable":true,"href":"https:\/\/www.fondsmaaya.com\/en\/wp-json\/wp\/v2\/comments?post=5481"}],"version-history":[{"count":7,"href":"https:\/\/www.fondsmaaya.com\/en\/wp-json\/wp\/v2\/pages\/5481\/revisions"}],"predecessor-version":[{"id":6964,"href":"https:\/\/www.fondsmaaya.com\/en\/wp-json\/wp\/v2\/pages\/5481\/revisions\/6964"}],"wp:featuredmedia":[{"embeddable":true,"href":"https:\/\/www.fondsmaaya.com\/en\/wp-json\/wp\/v2\/media\/5483"}],"wp:attachment":[{"href":"https:\/\/www.fondsmaaya.com\/en\/wp-json\/wp\/v2\/media?parent=5481"}],"curies":[{"name":"wp","href":"https:\/\/api.w.org\/{rel}","templated":true}]}}