{"id":532,"date":"2018-04-12T13:17:11","date_gmt":"2018-04-12T13:17:11","guid":{"rendered":"http:\/\/bard.mikado-themes.com\/?page_id=532"},"modified":"2023-09-19T22:23:11","modified_gmt":"2023-09-19T20:23:11","slug":"a-propos-du-financement-de-la-culture-malienne","status":"publish","type":"page","link":"https:\/\/www.fondsmaaya.com\/en\/a-propos-du-financement-de-la-culture-malienne\/","title":{"rendered":"About US"},"content":{"rendered":"<section class=\"wpb-content-wrapper\"><div class=\"vc_row wpb_row vc_row-fluid\" ><div class=\"wpb_column vc_column_container vc_col-sm-12\"><div class=\"vc_column-inner\"><div class=\"wpb_wrapper\"><div class=\"vc_empty_space\"   style=\"height: 72px\"><span class=\"vc_empty_space_inner\"><\/span><\/div><div class=\"mkdf-section-title-holder  mkdf-st-standard mkdf-st-title-left mkdf-st-normal-space\" style=\"text-align: center\">\n\t<div class=\"mkdf-st-inner\">\n\t\t\t\t\t<h2 class=\"mkdf-st-title\" >\n\t\t\t\tPresentation of the Maaya Fund\t\t\t<\/h2>\n\t\t\t\t\t<\/div>\n<\/div><div class=\"vc_empty_space\"   style=\"height: 15px\"><span class=\"vc_empty_space_inner\"><\/span><\/div><div class=\"vc_separator wpb_content_element vc_separator_align_center vc_sep_width_10 vc_sep_border_width_3 vc_sep_pos_align_center vc_separator_no_text  wpb_animate_when_almost_visible wpb_zoomInLeft zoomInLeft wpb_animate_when_almost_visible wpb_zoomInLeft zoomInLeft\" ><span class=\"vc_sep_holder vc_sep_holder_l\"><span style=\"border-color:#621511;\" class=\"vc_sep_line\"><\/span><\/span><span class=\"vc_sep_holder vc_sep_holder_r\"><span style=\"border-color:#621511;\" class=\"vc_sep_line\"><\/span><\/span>\n<\/div><div class=\"vc_empty_space\"   style=\"height: 40px\"><span class=\"vc_empty_space_inner\"><\/span><\/div><\/div><\/div><\/div><\/div><div class=\"mkdf-row-grid-section-wrapper\"  ><div class=\"mkdf-row-grid-section\"><div class=\"vc_row wpb_row vc_row-fluid vc_custom_1692986968215 vc_row-has-fill\" ><div class=\"wpb_column vc_column_container vc_col-sm-12\"><div class=\"vc_column-inner vc_custom_1692986766107\"><div class=\"wpb_wrapper\">\n\t<div  class=\"wpb_single_image wpb_content_element vc_align_center\">\n\t\t\n\t\t<figure class=\"wpb_wrapper vc_figure\">\n\t\t\t<div class=\"vc_single_image-wrapper   vc_box_border_grey\"><img loading=\"lazy\" decoding=\"async\" data-vc-zoom=\"https:\/\/i0.wp.com\/www.fondsmaaya.com\/wp-content\/uploads\/2023\/08\/fonds-maaya-batiment.jpg?fit=1024%2C465&ssl=1\" width=\"1424\" height=\"647\" src=\"https:\/\/i0.wp.com\/www.fondsmaaya.com\/wp-content\/uploads\/2023\/08\/fonds-maaya-batiment.jpg?fit=1424%2C647&amp;ssl=1\" class=\"vc_single_image-img attachment-full\" alt=\"\" title=\"fonds-maaya-batiment\" srcset=\"https:\/\/i0.wp.com\/www.fondsmaaya.com\/wp-content\/uploads\/2023\/08\/fonds-maaya-batiment.jpg?w=1424&amp;ssl=1 1424w, https:\/\/i0.wp.com\/www.fondsmaaya.com\/wp-content\/uploads\/2023\/08\/fonds-maaya-batiment.jpg?resize=300%2C136&amp;ssl=1 300w, https:\/\/i0.wp.com\/www.fondsmaaya.com\/wp-content\/uploads\/2023\/08\/fonds-maaya-batiment.jpg?resize=1024%2C465&amp;ssl=1 1024w, https:\/\/i0.wp.com\/www.fondsmaaya.com\/wp-content\/uploads\/2023\/08\/fonds-maaya-batiment.jpg?resize=768%2C349&amp;ssl=1 768w\" sizes=\"(max-width: 1100px) 100vw, 1100px\" \/><\/div>\n\t\t<\/figure>\n\t<\/div>\n<div class=\"vc_empty_space\"   style=\"height: 32px\"><span class=\"vc_empty_space_inner\"><\/span><\/div><div class=\"vc_row wpb_row vc_inner vc_row-fluid vc_custom_1692987405338\" ><div class=\"wpb_column vc_column_container vc_col-sm-12\"><div class=\"vc_column-inner\"><div class=\"wpb_wrapper\">\n\t<div class=\"wpb_text_column wpb_content_element\" >\n\t\t<div class=\"wpb_wrapper\">\n\t\t\t<p style=\"text-align: left;\"><span style=\"font-weight: 400;\">The Maaya Fund is a Malian culture financing organization, of a social nature based on the values of sharing and solidarity (Maaya). Its aim is to support cultural organizations, artists and cultural actors in Mali by providing them with credits, subsidies and solidarity funds, in order to promote artistic creation, social assistance and the structuring of the Malian cultural sector.\u00a0\u00a0<\/span><\/p>\n<p style=\"text-align: left;\"><span style=\"font-weight: 400;\">The creation of the Maaya Fund results from one of the strong resolutions of the program \u00ab<\/span><b><i>an action and a vision to build the future<\/i><\/b><i><span style=\"font-weight: 400;\">\u00a0<\/span><\/i><span style=\"font-weight: 400;\">\u00bb, resulting from the recommendations of the Seminar of Cultural Actors of Mali for the Relaunch of Cultural Activities, organized by the KYA Network in May 2012 in S\u00e9gou under the leadership of its founding President \u2013 Mamou Daff\u00e9, to relaunch cultural action following the multifaceted crises that Mali experienced at that time. The Maaya Fund was initiated by the KYA Network, with the financial support of the <strong>DOEN foundation<\/strong> From the Netherlands.<\/span><\/p>\n\n\t\t<\/div>\n\t<\/div>\n<div class=\"vc_empty_space\"   style=\"height: 32px\"><span class=\"vc_empty_space_inner\"><\/span><\/div>\n\t<div class=\"wpb_text_column wpb_content_element\" >\n\t\t<div class=\"wpb_wrapper\">\n\t\t\t<p style=\"text-align: left;\"><span style=\"font-weight: 400;\">Also, one of the motivations for the creation of the fund is that the Malian cultural sector generally encounters financing problems for the realization of cultural projects and initiatives. Traditional banks offer few prospects and their conditions are very complex. Thus, it was very difficult to find appropriate structures capable of supporting local cultural initiatives.\u00a0<\/span><\/p>\n<p style=\"text-align: left;\"><span style=\"font-weight: 400;\">The Maaya Fund was set up to relaunch cultural action and position itself as a credible institution for financing local cultural initiatives, with a view to making Mali a center of cultural excellence with quality cultural actors, artists strong, secure, feeling supported and successful cultural organizations, within a structured and supportive cultural environment.<\/span><\/p>\n\n\t\t<\/div>\n\t<\/div>\n<div class=\"vc_empty_space\"   style=\"height: 32px\"><span class=\"vc_empty_space_inner\"><\/span><\/div><\/div><\/div><\/div><\/div><\/div><\/div><\/div><\/div><\/div><\/div><div class=\"vc_row wpb_row vc_row-fluid\" ><div class=\"wpb_column vc_column_container vc_col-sm-12\"><div class=\"vc_column-inner\"><div class=\"wpb_wrapper\"><div class=\"vc_empty_space\"   style=\"height: 47px\"><span class=\"vc_empty_space_inner\"><\/span><\/div><\/div><\/div><\/div><\/div><div class=\"vc_row wpb_row vc_row-fluid\" ><div class=\"wpb_column vc_column_container vc_col-sm-12\"><div class=\"vc_column-inner\"><div class=\"wpb_wrapper\"><div class=\"vc_empty_space\"   style=\"height: 32px\"><span class=\"vc_empty_space_inner\"><\/span><\/div><div class=\"mkdf-section-title-holder  mkdf-st-standard mkdf-st-title-left mkdf-st-normal-space\" style=\"text-align: center\">\n\t<div class=\"mkdf-st-inner\">\n\t\t\t\t\t<h2 class=\"mkdf-st-title\" >\n\t\t\t\tOur missions\t\t\t<\/h2>\n\t\t\t\t\t<\/div>\n<\/div><div class=\"vc_empty_space\"   style=\"height: 15px\"><span class=\"vc_empty_space_inner\"><\/span><\/div><div class=\"vc_separator wpb_content_element vc_separator_align_center vc_sep_width_10 vc_sep_border_width_3 vc_sep_pos_align_center vc_separator_no_text  wpb_animate_when_almost_visible wpb_zoomInLeft zoomInLeft wpb_animate_when_almost_visible wpb_zoomInLeft zoomInLeft\" ><span class=\"vc_sep_holder vc_sep_holder_l\"><span style=\"border-color:#621511;\" class=\"vc_sep_line\"><\/span><\/span><span class=\"vc_sep_holder vc_sep_holder_r\"><span style=\"border-color:#621511;\" class=\"vc_sep_line\"><\/span><\/span>\n<\/div><div class=\"vc_empty_space\"   style=\"height: 40px\"><span class=\"vc_empty_space_inner\"><\/span><\/div><\/div><\/div><\/div><\/div><div data-vc-full-width=\"true\" data-vc-full-width-init=\"false\" class=\"vc_row wpb_row vc_row-fluid vc_row-o-equal-height vc_row-flex\" ><div class=\"wpb_column vc_column_container vc_col-sm-1\"><div class=\"vc_column-inner\"><div class=\"wpb_wrapper\"><\/div><\/div><\/div><div class=\"fond_blancpro wpb_column vc_column_container vc_col-sm-5\"><div class=\"vc_column-inner vc_custom_1692990098435\"><div class=\"wpb_wrapper\">\n\t<div class=\"wpb_text_column wpb_content_element  text-justify\" >\n\t\t<div class=\"wpb_wrapper\">\n\t\t\t<p><span style=\"font-weight: 400;\">The Maaya Fund's mission is to support the Malian cultural sector, by providing organizations, artists and cultural actors with credits, subsidies and a solidarity fund to support cultural action, facilitate artistic creation and further structure the sector.<\/span><\/p>\n<p><span style=\"font-weight: 400;\">The goal is, in addition to financing Malian culture, to: <\/span><\/p>\n\n\t\t<\/div>\n\t<\/div>\n<div class=\"vc_empty_space\"   style=\"height: 10px\"><span class=\"vc_empty_space_inner\"><\/span><\/div><div class=\"mkdf-icon-list-holder\" >\n\t<div class=\"mkdf-il-icon-holder\">\n\t\t<i class=\"mkdf-icon-font-awesome fa fa-circle-o\" style=\"color: #ffffff\"><\/i>\t<\/div>\n\t<p class=\"mkdf-il-text\" style=\"color: #ffffff;padding-left: 27px\">Fill the lack of local cultural financing institutions in Mali;<\/p>\n<\/div><div class=\"mkdf-icon-list-holder\" >\n\t<div class=\"mkdf-il-icon-holder\">\n\t\t<i class=\"mkdf-icon-font-awesome fa fa-circle-o\" style=\"color: #ffffff\"><\/i>\t<\/div>\n\t<p class=\"mkdf-il-text\" style=\"color: #ffffff;padding-left: 27px\">Support organizations, artists and cultural actors in Mali through credits, subsidies and solidarity support;<\/p>\n<\/div><div class=\"mkdf-icon-list-holder\" >\n\t<div class=\"mkdf-il-icon-holder\">\n\t\t<i class=\"mkdf-icon-font-awesome fa fa-circle-o\" style=\"color: #ffffff\"><\/i>\t<\/div>\n\t<p class=\"mkdf-il-text\" style=\"color: #ffffff;padding-left: 27px\">Improve the living and working conditions of artists and cultural actors;<\/p>\n<\/div><div class=\"mkdf-icon-list-holder\" >\n\t<div class=\"mkdf-il-icon-holder\">\n\t\t<i class=\"mkdf-icon-font-awesome fa fa-circle-o\" style=\"color: #ffffff\"><\/i>\t<\/div>\n\t<p class=\"mkdf-il-text\" style=\"color: #ffffff;padding-left: 27px\">Promote innovation and creativity;<\/p>\n<\/div><div class=\"mkdf-icon-list-holder\" >\n\t<div class=\"mkdf-il-icon-holder\">\n\t\t<i class=\"mkdf-icon-font-awesome fa fa-circle-o\" style=\"color: #ffffff\"><\/i>\t<\/div>\n\t<p class=\"mkdf-il-text\" style=\"color: #ffffff;padding-left: 27px\">Further structure the Malian cultural sector.<\/p>\n<\/div><div class=\"vc_empty_space\"   style=\"height: 10px\"><span class=\"vc_empty_space_inner\"><\/span><\/div>\n\t<div class=\"wpb_text_column wpb_content_element  text-justify\" >\n\t\t<div class=\"wpb_wrapper\">\n\t\t\t<p><span style=\"font-weight: 400;\">We are committed to always researching and implementing adequate and innovative strategies to support arts and culture in Mali.<\/span><\/p>\n\n\t\t<\/div>\n\t<\/div>\n<div class=\"vc_empty_space\"   style=\"height: 30px\"><span class=\"vc_empty_space_inner\"><\/span><\/div><\/div><\/div><\/div><div class=\"fond_blancpro2 wpb_column vc_column_container vc_col-sm-6 vc_hidden-xs vc_col-has-fill\"><div class=\"vc_column-inner vc_custom_1695154974150\"><div class=\"wpb_wrapper\"><div class=\"vc_empty_space\"   style=\"height: 300px\"><span class=\"vc_empty_space_inner\"><\/span><\/div><\/div><\/div><\/div><\/div><div class=\"vc_row-full-width vc_clearfix\"><\/div><div class=\"vc_row wpb_row vc_row-fluid\" ><div class=\"wpb_column vc_column_container vc_col-sm-12\"><div class=\"vc_column-inner\"><div class=\"wpb_wrapper\"><div class=\"vc_empty_space\"   style=\"height: 72px\"><span class=\"vc_empty_space_inner\"><\/span><\/div><div class=\"mkdf-section-title-holder  mkdf-st-standard mkdf-st-title-left mkdf-st-normal-space\" style=\"text-align: center\">\n\t<div class=\"mkdf-st-inner\">\n\t\t\t\t\t<h2 class=\"mkdf-st-title\" >\n\t\t\t\tOur vision\t\t\t<\/h2>\n\t\t\t\t\t<\/div>\n<\/div><div class=\"vc_empty_space\"   style=\"height: 15px\"><span class=\"vc_empty_space_inner\"><\/span><\/div><div class=\"vc_separator wpb_content_element vc_separator_align_center vc_sep_width_10 vc_sep_border_width_3 vc_sep_pos_align_center vc_separator_no_text  wpb_animate_when_almost_visible wpb_zoomInLeft zoomInLeft wpb_animate_when_almost_visible wpb_zoomInLeft zoomInLeft\" ><span class=\"vc_sep_holder vc_sep_holder_l\"><span style=\"border-color:#621511;\" class=\"vc_sep_line\"><\/span><\/span><span class=\"vc_sep_holder vc_sep_holder_r\"><span style=\"border-color:#621511;\" class=\"vc_sep_line\"><\/span><\/span>\n<\/div><div class=\"vc_empty_space\"   style=\"height: 40px\"><span class=\"vc_empty_space_inner\"><\/span><\/div><\/div><\/div><\/div><\/div><div data-vc-full-width=\"true\" data-vc-full-width-init=\"false\" class=\"vc_row wpb_row vc_row-fluid vc_row-o-equal-height vc_row-flex\" ><div class=\"wpb_column vc_column_container vc_col-sm-1\"><div class=\"vc_column-inner\"><div class=\"wpb_wrapper\"><\/div><\/div><\/div><div class=\"fond_blancpro wpb_column vc_column_container vc_col-sm-5\"><div class=\"vc_column-inner vc_custom_1692990098435\"><div class=\"wpb_wrapper\">\n\t<div class=\"wpb_text_column wpb_content_element  text-justify\" id=\"vision\">\n\t\t<div class=\"wpb_wrapper\">\n\t\t\t<p><span style=\"font-weight: 400;\">The vision of the Maaya Fund is to support the Malian cultural sector through innovative financing mechanisms adapted to the Malian context, and to position itself as a credible local cultural financing institution, a cultural bank by 2030.<\/span><\/p>\n<p><span style=\"font-weight: 400;\">This vision is reflected in the strong and unwavering desire to promote the Malian cultural sector, through:<\/span><\/p>\n\n\t\t<\/div>\n\t<\/div>\n<div class=\"vc_empty_space\"   style=\"height: 10px\"><span class=\"vc_empty_space_inner\"><\/span><\/div><div class=\"mkdf-icon-list-holder\" >\n\t<div class=\"mkdf-il-icon-holder\">\n\t\t<i class=\"mkdf-icon-font-awesome fa fa-circle-o\" style=\"color: #ffffff\"><\/i>\t<\/div>\n\t<p class=\"mkdf-il-text\" style=\"color: #ffffff;padding-left: 27px\">The Maaya;<\/p>\n<\/div><div class=\"mkdf-icon-list-holder\" >\n\t<div class=\"mkdf-il-icon-holder\">\n\t\t<i class=\"mkdf-icon-font-awesome fa fa-circle-o\" style=\"color: #ffffff\"><\/i>\t<\/div>\n\t<p class=\"mkdf-il-text\" style=\"color: #ffffff;padding-left: 27px\">Solidarity ;<\/p>\n<\/div><div class=\"mkdf-icon-list-holder\" >\n\t<div class=\"mkdf-il-icon-holder\">\n\t\t<i class=\"mkdf-icon-font-awesome fa fa-circle-o\" style=\"color: #ffffff\"><\/i>\t<\/div>\n\t<p class=\"mkdf-il-text\" style=\"color: #ffffff;padding-left: 27px\">The sharing ;<\/p>\n<\/div><div class=\"mkdf-icon-list-holder\" >\n\t<div class=\"mkdf-il-icon-holder\">\n\t\t<i class=\"mkdf-icon-font-awesome fa fa-circle-o\" style=\"color: #ffffff\"><\/i>\t<\/div>\n\t<p class=\"mkdf-il-text\" style=\"color: #ffffff;padding-left: 27px\">Mutual aid;<\/p>\n<\/div><div class=\"mkdf-icon-list-holder\" >\n\t<div class=\"mkdf-il-icon-holder\">\n\t\t<i class=\"mkdf-icon-font-awesome fa fa-circle-o\" style=\"color: #ffffff\"><\/i>\t<\/div>\n\t<p class=\"mkdf-il-text\" style=\"color: #ffffff;padding-left: 27px\">Development.<\/p>\n<\/div><div class=\"vc_empty_space\"   style=\"height: 10px\"><span class=\"vc_empty_space_inner\"><\/span><\/div>\n\t<div class=\"wpb_text_column wpb_content_element  text-justify\" >\n\t\t<div class=\"wpb_wrapper\">\n\t\t\t<p><span style=\"font-weight: 400;\">These values are expressed through the different <strong>products and services<\/strong> that we offer, which are all products of a social nature which materialize in practice through the values of Maaya, an essential quality for human beings in Malian society, which advocate solidarity, sharing, mutual aid, respect for others.<\/span><\/p>\n\n\t\t<\/div>\n\t<\/div>\n<div class=\"vc_empty_space\"   style=\"height: 30px\"><span class=\"vc_empty_space_inner\"><\/span><\/div><\/div><\/div><\/div><div class=\"fond_blancpro2 wpb_column vc_column_container vc_col-sm-6 vc_hidden-xs vc_col-has-fill\"><div class=\"vc_column-inner vc_custom_1695154987498\"><div class=\"wpb_wrapper\"><div class=\"vc_empty_space\"   style=\"height: 300px\"><span class=\"vc_empty_space_inner\"><\/span><\/div><\/div><\/div><\/div><\/div><div class=\"vc_row-full-width vc_clearfix\"><\/div><div class=\"vc_row wpb_row vc_row-fluid\" ><div class=\"wpb_column vc_column_container vc_col-sm-12\"><div class=\"vc_column-inner\"><div class=\"wpb_wrapper\"><div class=\"vc_empty_space\"   style=\"height: 50px\"><span class=\"vc_empty_space_inner\"><\/span><\/div><\/div><\/div><\/div><\/div>\n<\/section>","protected":false},"excerpt":{"rendered":"Pr\u00e9sentation du Fonds Maaya Le Fonds Maaya est une organisation de financement de la culture malienne, \u00e0 caract\u00e8re social bas\u00e9e sur les valeurs de partage et de solidarit\u00e9 (Maaya). Il a pour but de soutenir les organisations culturelles, les artistes et acteurs culturels du Mali en mettant \u00e0 leur disposition des cr\u00e9dits, des subventions et des fonds de [...]","protected":false},"author":1,"featured_media":5644,"parent":0,"menu_order":0,"comment_status":"closed","ping_status":"closed","template":"full-width.php","meta":{"_monsterinsights_skip_tracking":false,"_monsterinsights_sitenote_active":false,"_monsterinsights_sitenote_note":"","_monsterinsights_sitenote_category":0,"footnotes":""},"_links":{"self":[{"href":"https:\/\/www.fondsmaaya.com\/en\/wp-json\/wp\/v2\/pages\/532"}],"collection":[{"href":"https:\/\/www.fondsmaaya.com\/en\/wp-json\/wp\/v2\/pages"}],"about":[{"href":"https:\/\/www.fondsmaaya.com\/en\/wp-json\/wp\/v2\/types\/page"}],"author":[{"embeddable":true,"href":"https:\/\/www.fondsmaaya.com\/en\/wp-json\/wp\/v2\/users\/1"}],"replies":[{"embeddable":true,"href":"https:\/\/www.fondsmaaya.com\/en\/wp-json\/wp\/v2\/comments?post=532"}],"version-history":[{"count":43,"href":"https:\/\/www.fondsmaaya.com\/en\/wp-json\/wp\/v2\/pages\/532\/revisions"}],"predecessor-version":[{"id":7105,"href":"https:\/\/www.fondsmaaya.com\/en\/wp-json\/wp\/v2\/pages\/532\/revisions\/7105"}],"wp:featuredmedia":[{"embeddable":true,"href":"https:\/\/www.fondsmaaya.com\/en\/wp-json\/wp\/v2\/media\/5644"}],"wp:attachment":[{"href":"https:\/\/www.fondsmaaya.com\/en\/wp-json\/wp\/v2\/media?parent=532"}],"curies":[{"name":"wp","href":"https:\/\/api.w.org\/{rel}","templated":true}]}}