{"id":450,"date":"2018-04-12T13:17:11","date_gmt":"2018-04-12T13:17:11","guid":{"rendered":"http:\/\/bard.mikado-themes.com\/?page_id=450"},"modified":"2023-08-31T19:51:40","modified_gmt":"2023-08-31T17:51:40","slug":"contact","status":"publish","type":"page","link":"https:\/\/www.fondsmaaya.com\/en\/contact\/","title":{"rendered":"Contact"},"content":{"rendered":"<section class=\"wpb-content-wrapper\"><div class=\"mkdf-row-grid-section-wrapper mkdf-content-aligment-center\"  ><div class=\"mkdf-row-grid-section\"><div class=\"vc_row wpb_row vc_row-fluid vc_custom_1525431706284 vc_row-has-fill\" ><div class=\"wpb_column vc_column_container vc_col-sm-12\"><div class=\"vc_column-inner vc_custom_1525431715202\"><div class=\"wpb_wrapper\"><div class=\"mkdf-elements-holder    mkdf-one-column  mkdf-responsive-mode-768\" ><div class=\"mkdf-eh-item   mkdf-horizontal-alignment-center\"  data-item-class=\"mkdf-eh-custom-7874\" data-1024-1366=\"0 18% 0 18%\" data-768-1024=\"0 15% 0 15%\" data-680-768=\"0 2% 0 2%\" data-680=\"0 0 0 0\">\n\t<div class=\"mkdf-eh-item-inner\">\n\t\t<div class=\"mkdf-eh-item-content mkdf-eh-custom-7874\" style=\"padding: 0 22% 0 22%\">\n\t\t\t<div class=\"mkdf-section-title-holder  mkdf-st-standard mkdf-st-title-left mkdf-st-normal-space\" >\n\t<div class=\"mkdf-st-inner\">\n\t\t\t\t\t<h2 class=\"mkdf-st-title\" >\n\t\t\t\tIn Mali\t\t\t<\/h2>\n\t\t\t\t\t<\/div>\n<\/div>\n\t<div class=\"wpb_text_column wpb_content_element\" >\n\t\t<div class=\"wpb_wrapper\">\n\t\t\t<p>Bamako | Magnambougou | street 314 \u2013 door 76<\/p>\n\n\t\t<\/div>\n\t<\/div>\n<div class=\"mkdf-section-title-holder  mkdf-st-standard mkdf-st-title-left mkdf-st-normal-space\" >\n\t<div class=\"mkdf-st-inner\">\n\t\t\t\t\t\t\t<p class=\"mkdf-st-text\" style=\"margin-top: 30px\">\n\t\t\t\tThe Maaya Fund was set up to relaunch cultural action and position itself as a credible institution for financing local cultural initiatives, with a view to making Mali a center of cultural excellence with quality cultural actors, artists strong, secure, feeling supported and successful cultural organizations, within a structured and supportive cultural environment.\t\t\t<\/p>\n\t\t\t<\/div>\n<\/div><div class=\"vc_empty_space\"   style=\"height: 17px\"><span class=\"vc_empty_space_inner\"><\/span><\/div>    <span class=\"mkdf-icon-animation-holder\" >\n    <span class=\"mkdf-icon-shortcode mkdf-square  mkdf-icon-animation mkdf-icon-medium\"  data-color=\"#620c0b\">\n                    <a itemprop=\"url\" class=\"\" href=\"https:\/\/www.facebook.com\/fondsmaaya\" target=\"_blank\">\n                    <i class=\"mkdf-icon-font-awesome fa fa-facebook-official mkdf-icon-element\" style=\"color: #620c0b\" ><\/i>                    <\/a>\n            <\/span>\n    <\/span>\n    <span class=\"mkdf-icon-animation-holder\" >\n    <span class=\"mkdf-icon-shortcode mkdf-square  mkdf-icon-animation mkdf-icon-medium\"  data-color=\"#620c0b\">\n                    <a itemprop=\"url\" class=\"\" href=\"https:\/\/twitter.com\/FondsMaaya\" target=\"_blank\">\n                    <i class=\"mkdf-icon-font-awesome fa fa-twitter-square mkdf-icon-element\" style=\"color: #620c0b\" ><\/i>                    <\/a>\n            <\/span>\n    <\/span>\n    <span class=\"mkdf-icon-animation-holder\" >\n    <span class=\"mkdf-icon-shortcode mkdf-square  mkdf-icon-animation mkdf-icon-medium\"  data-color=\"#620c0b\">\n                    <a itemprop=\"url\" class=\"\" href=\"https:\/\/www.instagram.com\/fonds_maaya\/\" target=\"_blank\">\n                    <i class=\"mkdf-icon-font-awesome fa fa-instagram mkdf-icon-element\" style=\"color: #620c0b\" ><\/i>                    <\/a>\n            <\/span>\n    <\/span>\n    <span class=\"mkdf-icon-animation-holder\" >\n    <span class=\"mkdf-icon-shortcode mkdf-square  mkdf-icon-animation mkdf-icon-medium\"  data-color=\"#620c0b\">\n                    <a itemprop=\"url\" class=\"\" href=\"https:\/\/ml.linkedin.com\/in\/fonds-maaya-7b08a9188\" target=\"_blank\">\n                    <i class=\"mkdf-icon-font-awesome fa fa-linkedin-square mkdf-icon-element\" style=\"color: #620c0b\" ><\/i>                    <\/a>\n            <\/span>\n    <\/span>\n    <span class=\"mkdf-icon-animation-holder\" >\n    <span class=\"mkdf-icon-shortcode mkdf-square  mkdf-icon-animation mkdf-icon-medium\"  data-color=\"#620c0b\">\n                    <a itemprop=\"url\" class=\"\" href=\"tel: 22376559873\" target=\"_blank\">\n                    <i class=\"mkdf-icon-font-awesome fa fa-whatsapp mkdf-icon-element\" style=\"color: #620c0b\" ><\/i>                    <\/a>\n            <\/span>\n    <\/span>\n\t\t<\/div>\n\t<\/div>\n<\/div><\/div><\/div><\/div><\/div><\/div><\/div><\/div><div class=\"mkdf-row-grid-section-wrapper\"  ><div class=\"mkdf-row-grid-section\"><div class=\"vc_row wpb_row vc_row-fluid vc_custom_1525423060000 vc_row-has-fill\" ><div class=\"wpb_column vc_column_container vc_col-sm-12\"><div class=\"vc_column-inner\"><div class=\"wpb_wrapper\"><div class=\"mkdf-elements-holder    mkdf-two-columns  mkdf-responsive-mode-1024\" ><div class=\"mkdf-eh-item  mkdf-vertical-alignment-top\"  data-item-class=\"mkdf-eh-custom-5882\" data-768-1024=\"0px 26% 68px 14.1%\" data-680-768=\"0px 26% 68px 14.1%\" data-680=\"0px 9% 68px 2%\">\n\t<div class=\"mkdf-eh-item-inner\">\n\t\t<div class=\"mkdf-eh-item-content mkdf-eh-custom-5882\" style=\"padding: 0px 9% 0 14.1%\">\n\t\t\t<div class=\"mkdf-section-title-holder  mkdf-st-standard mkdf-st-title-left mkdf-st-normal-space\" >\n\t<div class=\"mkdf-st-inner\">\n\t\t\t\t\t<h3 class=\"mkdf-st-title\" >\n\t\t\t\tWrite us\t\t\t<\/h3>\n\t\t\t\t\t<\/div>\n<\/div><div class=\"vc_empty_space\"   style=\"height: 30px\"><span class=\"vc_empty_space_inner\"><\/span><\/div>\n<div class=\"wpcf7 no-js\" id=\"wpcf7-f3715-o1\" lang=\"en-US\" dir=\"ltr\">\n<div class=\"screen-reader-response\"><p role=\"status\" aria-live=\"polite\" aria-atomic=\"true\"><\/p> <ul><\/ul><\/div>\n<form action=\"\/en\/wp-json\/wp\/v2\/pages\/450#wpcf7-f3715-o1\" method=\"post\" class=\"wpcf7-form init cf7_custom_style_3\" aria-label=\"Contact form\" novalidate=\"novalidate\" data-status=\"init\" data-trp-original-action=\"\/en\/wp-json\/wp\/v2\/pages\/450#wpcf7-f3715-o1\">\n<div style=\"display: none;\">\n<input type=\"hidden\" name=\"_wpcf7\" value=\"3715\" \/>\n<input type=\"hidden\" name=\"_wpcf7_version\" value=\"5.9.8\" \/>\n<input type=\"hidden\" name=\"_wpcf7_locale\" value=\"en_US\" \/>\n<input type=\"hidden\" name=\"_wpcf7_unit_tag\" value=\"wpcf7-f3715-o1\" \/>\n<input type=\"hidden\" name=\"_wpcf7_container_post\" value=\"0\" \/>\n<input type=\"hidden\" name=\"_wpcf7_posted_data_hash\" value=\"\" \/>\n<input type=\"hidden\" name=\"_wpcf7_recaptcha_response\" value=\"\" \/>\n<\/div>\n<div class=\"qodef-cf-light\">\n\t<p><span class=\"wpcf7-form-control-wrap\" data-name=\"your-name\"><input size=\"40\" maxlength=\"400\" class=\"wpcf7-form-control wpcf7-text wpcf7-validates-as-required\" aria-required=\"true\" aria-invalid=\"false\" placeholder=\"First and last name *\" value=\"\" type=\"text\" name=\"your-name\" \/><\/span><br \/>\n<span class=\"wpcf7-form-control-wrap\" data-name=\"your-email\"><input size=\"40\" maxlength=\"400\" class=\"wpcf7-form-control wpcf7-email wpcf7-validates-as-required wpcf7-text wpcf7-validates-as-email\" aria-required=\"true\" aria-invalid=\"false\" placeholder=\"Email *\" value=\"\" type=\"email\" name=\"your-email\" \/><\/span><br \/>\n<span class=\"wpcf7-form-control-wrap\" data-name=\"your-subject\"><input size=\"40\" maxlength=\"400\" class=\"wpcf7-form-control wpcf7-text\" aria-invalid=\"false\" placeholder=\"Subject *\" value=\"\" type=\"text\" name=\"your-subject\" \/><\/span><br \/>\n<span class=\"wpcf7-form-control-wrap\" data-name=\"your-message\"><textarea cols=\"40\" rows=\"10\" maxlength=\"2000\" class=\"wpcf7-form-control wpcf7-textarea wpcf7-validates-as-required\" aria-required=\"true\" aria-invalid=\"false\" placeholder=\"Your message *\" name=\"your-message\"><\/textarea><\/span>\n\t<\/p>\n\t<p class=\"indication\">All fields marked \"*\" are mandatory\n\t<\/p>\n\n\t<p><input class=\"wpcf7-form-control wpcf7-submit has-spinner\" type=\"submit\" value=\"Submit\" \/>\n\t<\/p>\n<\/div><p style=\"display: none !important;\" class=\"akismet-fields-container\" data-prefix=\"_wpcf7_ak_\"><label>&#916;<textarea name=\"_wpcf7_ak_hp_textarea\" cols=\"45\" rows=\"8\" maxlength=\"100\"><\/textarea><\/label><input type=\"hidden\" id=\"ak_js_1\" name=\"_wpcf7_ak_js\" value=\"162\"\/><script>document.getElementById( \"ak_js_1\" ).setAttribute( \"value\", ( new Date() ).getTime() );<\/script><\/p><div class=\"wpcf7-response-output\" aria-hidden=\"true\"><\/div>\n<input type=\"hidden\" name=\"trp-form-language\" value=\"en\"\/><\/form>\n<\/div>\n\t\t<\/div>\n\t<\/div>\n<\/div><div class=\"mkdf-eh-item  mkdf-vertical-alignment-top\"  data-item-class=\"mkdf-eh-custom-4935\" data-768-1024=\"0 0 0 14%\" data-680-768=\"0 0 0 14%\" data-680=\"0 0 0 2%\">\n\t<div class=\"mkdf-eh-item-inner\">\n\t\t<div class=\"mkdf-eh-item-content mkdf-eh-custom-4935\" style=\"padding: 0px 0 0 20.9%\">\n\t\t\t<div class=\"mkdf-section-title-holder  mkdf-st-standard mkdf-st-title-left mkdf-st-normal-space\" >\n\t<div class=\"mkdf-st-inner\">\n\t\t\t\t\t<h3 class=\"mkdf-st-title\" >\n\t\t\t\tFind us at<br \/>\t\t\t<\/h3>\n\t\t\t\t\t<\/div>\n<\/div>\n\t<div class=\"wpb_text_column wpb_content_element  vc_custom_1620049246819\" >\n\t\t<div class=\"wpb_wrapper\">\n\t\t\t<h6>Bamako, Magnambougou | street 314 \u2013 door 76<\/h6>\n<h6><a href=\"tel: 223 76 55 98 73\">Tel: +223 76 55 98 73<\/a><\/h6>\n<h6><div class=\"vc_empty_space\"   style=\"height: 1px\"><span class=\"vc_empty_space_inner\"><\/span><\/div><\/h6>\n<h6><a href=\"mailto:fondsmaaya@gmail.com\">Email:<\/a> <a href=\"mailto:info@fondsmaaya.com\">info@fondsmaaya.com<\/a> \/\u00a0<a href=\"mailto:fondsmaaya@gmail.com\">fondsmaaya@gmail.com <\/a><\/h6>\n\n\t\t<\/div>\n\t<\/div>\n\t\t<\/div>\n\t<\/div>\n<\/div><\/div><\/div><\/div><\/div><\/div><\/div><\/div>\n<\/section>","protected":false},"excerpt":{"rendered":"Au Mali Bamako | Magnambougou | rue 314 - porte 76 Le Fonds Maaya a \u00e9t\u00e9 mis en place pour relancer l\u2019action culturelle et se positionner comme une institution cr\u00e9dible pour le financement des initiatives culturelles locales, en vue de faire du Mali un p\u00f4le d\u2019excellence culturelle avec des acteurs culturels de qualit\u00e9, des artistes forts, s\u00e9curis\u00e9s, se [...]","protected":false},"author":1,"featured_media":0,"parent":0,"menu_order":0,"comment_status":"closed","ping_status":"closed","template":"full-width.php","meta":{"_monsterinsights_skip_tracking":false,"_monsterinsights_sitenote_active":false,"_monsterinsights_sitenote_note":"","_monsterinsights_sitenote_category":0,"footnotes":""},"_links":{"self":[{"href":"https:\/\/www.fondsmaaya.com\/en\/wp-json\/wp\/v2\/pages\/450"}],"collection":[{"href":"https:\/\/www.fondsmaaya.com\/en\/wp-json\/wp\/v2\/pages"}],"about":[{"href":"https:\/\/www.fondsmaaya.com\/en\/wp-json\/wp\/v2\/types\/page"}],"author":[{"embeddable":true,"href":"https:\/\/www.fondsmaaya.com\/en\/wp-json\/wp\/v2\/users\/1"}],"replies":[{"embeddable":true,"href":"https:\/\/www.fondsmaaya.com\/en\/wp-json\/wp\/v2\/comments?post=450"}],"version-history":[{"count":16,"href":"https:\/\/www.fondsmaaya.com\/en\/wp-json\/wp\/v2\/pages\/450\/revisions"}],"predecessor-version":[{"id":7063,"href":"https:\/\/www.fondsmaaya.com\/en\/wp-json\/wp\/v2\/pages\/450\/revisions\/7063"}],"wp:attachment":[{"href":"https:\/\/www.fondsmaaya.com\/en\/wp-json\/wp\/v2\/media?parent=450"}],"curies":[{"name":"wp","href":"https:\/\/api.w.org\/{rel}","templated":true}]}}